{"id":1329,"date":"2015-02-16T13:14:02","date_gmt":"2015-02-16T13:14:02","guid":{"rendered":"http:\/\/tarvix-corporation.de\/?page_id=1329"},"modified":"2016-04-15T17:27:16","modified_gmt":"2016-04-15T17:27:16","slug":"parsec-parser","status":"publish","type":"page","link":"http:\/\/www.tarvix-corporation.de\/?page_id=1329","title":{"rendered":"Parser"},"content":{"rendered":"\n<div class=\"twitter-share\"><a href=\"https:\/\/twitter.com\/intent\/tweet?via=Zaseesh\" class=\"twitter-share-button\" data-size=\"large\">Twittern<\/a><\/div>\n<p>Starpars ein Anlyse-Tool f\u00fcr SWTOR. Mit diesem Tool k\u00f6nnt ihr eure DPS (Damage per second) und HPS (Heal per second) betrachten. Ihr k\u00f6nnt damit auch eure Rotation auf den Pr\u00fcfstand stellen und verbessern.<\/p>\n<p>Das Tool ist kostenlos und ihr k\u00f6nnt es unter folgendem Link herunterladen. Wenn euch das Programm gef\u00e4llt, k\u00f6nnt ihr auch gerne f\u00fcr die Entwickler eine Spende in beliebiger H\u00f6he hinterlassen. ^^<\/p>\n<p>Download hier: <a href=\"http:\/\/ixparse.com\/\">StarParse<\/a><\/p>\n<p>Nach der Installation des Programms sind nur noch wenige Schritte zu erledigen, damit ihr den Parser benutzen k\u00f6nnt.<\/p>\n<p>Ihr solltet wie folgt vorgehen:<\/p>\n<ul>\n<li>Das heruntergeladene Programm installieren<\/li>\n<li>Das Download-Tool l\u00e4dt den Rest herunter<\/li>\n<li>Das Programm starten<\/li>\n<li>Unter dem Reiter &#8220;File&#8221; auf &#8220;Settings&#8221; klicken<\/li>\n<li>Gleich auf dem ersten Reiter &#8220;General&#8221; im Bereich &#8220;Log Directory&#8221; den Speicherort eurer &#8220;CombatLogs&#8221; ausw\u00e4hlen\n<ul>\n<li>Die Combatlogs sind im Ordner c:\\Users\\EuerLogIn\\Documents\\Star Wars &#8211; The Old Repuplic\\CombatLogs zu finden<a href=\"https:\/\/i0.wp.com\/tarvix-corporation.de\/wp-content\/uploads\/2015\/06\/StarParse-Settings.jpg\"><img data-recalc-dims=\"1\" loading=\"lazy\" decoding=\"async\" data-attachment-id=\"1612\" data-permalink=\"http:\/\/www.tarvix-corporation.de\/?attachment_id=1612\" data-orig-file=\"https:\/\/i0.wp.com\/www.tarvix-corporation.de\/wp-content\/uploads\/2015\/06\/StarParse-Settings.jpg?fit=524%2C356&amp;ssl=1\" data-orig-size=\"524,356\" data-comments-opened=\"1\" data-image-meta=\"{&quot;aperture&quot;:&quot;0&quot;,&quot;credit&quot;:&quot;&quot;,&quot;camera&quot;:&quot;&quot;,&quot;caption&quot;:&quot;&quot;,&quot;created_timestamp&quot;:&quot;0&quot;,&quot;copyright&quot;:&quot;&quot;,&quot;focal_length&quot;:&quot;0&quot;,&quot;iso&quot;:&quot;0&quot;,&quot;shutter_speed&quot;:&quot;0&quot;,&quot;title&quot;:&quot;&quot;,&quot;orientation&quot;:&quot;0&quot;}\" data-image-title=\"StarParse Settings\" data-image-description=\"\" data-image-caption=\"\" data-medium-file=\"https:\/\/i0.wp.com\/www.tarvix-corporation.de\/wp-content\/uploads\/2015\/06\/StarParse-Settings.jpg?fit=300%2C204&amp;ssl=1\" data-large-file=\"https:\/\/i0.wp.com\/www.tarvix-corporation.de\/wp-content\/uploads\/2015\/06\/StarParse-Settings.jpg?fit=474%2C322&amp;ssl=1\" class=\"aligncenter size-full wp-image-1612\" src=\"https:\/\/i0.wp.com\/tarvix-corporation.de\/wp-content\/uploads\/2015\/06\/StarParse-Settings.jpg?resize=474%2C322\" alt=\"StarParse Settings\" width=\"474\" height=\"322\" srcset=\"https:\/\/i0.wp.com\/www.tarvix-corporation.de\/wp-content\/uploads\/2015\/06\/StarParse-Settings.jpg?w=524&amp;ssl=1 524w, https:\/\/i0.wp.com\/www.tarvix-corporation.de\/wp-content\/uploads\/2015\/06\/StarParse-Settings.jpg?resize=300%2C204&amp;ssl=1 300w, https:\/\/i0.wp.com\/www.tarvix-corporation.de\/wp-content\/uploads\/2015\/06\/StarParse-Settings.jpg?resize=442%2C300&amp;ssl=1 442w\" sizes=\"auto, (max-width: 474px) 100vw, 474px\" \/><\/a><\/li>\n<\/ul>\n<\/li>\n<li>\u00a0Im Spiel m\u00fcsst Ihr jetzt das Kampf-Log ausgeben lassen, welches unter Optionen -&gt; Einstellungen -&gt; Kampf_Log f\u00fchren -&gt; Kampf-Log Datei ausgeben zu finden ist<a href=\"http:\/\/tarvix-corporation.de\/wp-content\/uploads\/2015\/02\/swtor-Einstellungen.bmp\"><img loading=\"lazy\" decoding=\"async\" data-attachment-id=\"1337\" data-permalink=\"http:\/\/www.tarvix-corporation.de\/?attachment_id=1337\" data-orig-file=\"https:\/\/www.tarvix-corporation.de\/wp-content\/uploads\/2015\/02\/swtor-Einstellungen.bmp\" data-orig-size=\"159,240\" data-comments-opened=\"1\" data-image-meta=\"{&quot;aperture&quot;:&quot;0&quot;,&quot;credit&quot;:&quot;&quot;,&quot;camera&quot;:&quot;&quot;,&quot;caption&quot;:&quot;&quot;,&quot;created_timestamp&quot;:&quot;0&quot;,&quot;copyright&quot;:&quot;&quot;,&quot;focal_length&quot;:&quot;0&quot;,&quot;iso&quot;:&quot;0&quot;,&quot;shutter_speed&quot;:&quot;0&quot;,&quot;title&quot;:&quot;&quot;,&quot;orientation&quot;:&quot;0&quot;}\" data-image-title=\"swtor Einstellungen\" data-image-description=\"\" data-image-caption=\"\" data-medium-file=\"https:\/\/www.tarvix-corporation.de\/wp-content\/uploads\/2015\/02\/swtor-Einstellungen.bmp\" data-large-file=\"https:\/\/www.tarvix-corporation.de\/wp-content\/uploads\/2015\/02\/swtor-Einstellungen.bmp\" class=\"aligncenter size-full wp-image-1337\" src=\"http:\/\/tarvix-corporation.de\/wp-content\/uploads\/2015\/02\/swtor-Einstellungen.bmp\" alt=\"swtor Einstellungen\" width=\"159\" height=\"240\" \/><\/a><a href=\"http:\/\/tarvix-corporation.de\/wp-content\/uploads\/2015\/02\/swtor-Kampflog.bmp\"><img loading=\"lazy\" decoding=\"async\" data-attachment-id=\"1338\" data-permalink=\"http:\/\/www.tarvix-corporation.de\/?attachment_id=1338\" data-orig-file=\"https:\/\/www.tarvix-corporation.de\/wp-content\/uploads\/2015\/02\/swtor-Kampflog.bmp\" data-orig-size=\"1256,223\" data-comments-opened=\"1\" data-image-meta=\"{&quot;aperture&quot;:&quot;0&quot;,&quot;credit&quot;:&quot;&quot;,&quot;camera&quot;:&quot;&quot;,&quot;caption&quot;:&quot;&quot;,&quot;created_timestamp&quot;:&quot;0&quot;,&quot;copyright&quot;:&quot;&quot;,&quot;focal_length&quot;:&quot;0&quot;,&quot;iso&quot;:&quot;0&quot;,&quot;shutter_speed&quot;:&quot;0&quot;,&quot;title&quot;:&quot;&quot;,&quot;orientation&quot;:&quot;0&quot;}\" data-image-title=\"swtor Kampflog\" data-image-description=\"\" data-image-caption=\"\" data-medium-file=\"https:\/\/www.tarvix-corporation.de\/wp-content\/uploads\/2015\/02\/swtor-Kampflog.bmp\" data-large-file=\"https:\/\/www.tarvix-corporation.de\/wp-content\/uploads\/2015\/02\/swtor-Kampflog.bmp\" class=\"aligncenter size-full wp-image-1338\" src=\"http:\/\/tarvix-corporation.de\/wp-content\/uploads\/2015\/02\/swtor-Kampflog.bmp\" alt=\"swtor Kampflog\" width=\"1256\" height=\"223\" \/><\/a><\/li>\n<\/ul>\n<p>Damit der Parser letztendlich startet m\u00fcsst, Ihr nur noch &#8220;Parsing&#8221; im oberen Bereich von StarParse ausw\u00e4hlen und Ihr k\u00f6nnt Euch Eure Ergebnisse a5nsehen.<\/p>\n<h1><a href=\"https:\/\/i0.wp.com\/tarvix-corporation.de\/wp-content\/uploads\/2015\/06\/StarParse-Parsing.jpg\"><img data-recalc-dims=\"1\" loading=\"lazy\" decoding=\"async\" data-attachment-id=\"1614\" data-permalink=\"http:\/\/www.tarvix-corporation.de\/?attachment_id=1614\" data-orig-file=\"https:\/\/i0.wp.com\/www.tarvix-corporation.de\/wp-content\/uploads\/2015\/06\/StarParse-Parsing.jpg?fit=797%2C540&amp;ssl=1\" data-orig-size=\"797,540\" data-comments-opened=\"1\" data-image-meta=\"{&quot;aperture&quot;:&quot;0&quot;,&quot;credit&quot;:&quot;&quot;,&quot;camera&quot;:&quot;&quot;,&quot;caption&quot;:&quot;&quot;,&quot;created_timestamp&quot;:&quot;0&quot;,&quot;copyright&quot;:&quot;&quot;,&quot;focal_length&quot;:&quot;0&quot;,&quot;iso&quot;:&quot;0&quot;,&quot;shutter_speed&quot;:&quot;0&quot;,&quot;title&quot;:&quot;&quot;,&quot;orientation&quot;:&quot;0&quot;}\" data-image-title=\"StarParse Parsing\" data-image-description=\"\" data-image-caption=\"\" data-medium-file=\"https:\/\/i0.wp.com\/www.tarvix-corporation.de\/wp-content\/uploads\/2015\/06\/StarParse-Parsing.jpg?fit=300%2C203&amp;ssl=1\" data-large-file=\"https:\/\/i0.wp.com\/www.tarvix-corporation.de\/wp-content\/uploads\/2015\/06\/StarParse-Parsing.jpg?fit=474%2C321&amp;ssl=1\" class=\"aligncenter size-full wp-image-1614\" src=\"https:\/\/i0.wp.com\/tarvix-corporation.de\/wp-content\/uploads\/2015\/06\/StarParse-Parsing.jpg?resize=474%2C321\" alt=\"StarParse Parsing\" width=\"474\" height=\"321\" srcset=\"https:\/\/i0.wp.com\/www.tarvix-corporation.de\/wp-content\/uploads\/2015\/06\/StarParse-Parsing.jpg?w=797&amp;ssl=1 797w, https:\/\/i0.wp.com\/www.tarvix-corporation.de\/wp-content\/uploads\/2015\/06\/StarParse-Parsing.jpg?resize=300%2C203&amp;ssl=1 300w, https:\/\/i0.wp.com\/www.tarvix-corporation.de\/wp-content\/uploads\/2015\/06\/StarParse-Parsing.jpg?resize=443%2C300&amp;ssl=1 443w\" sizes=\"auto, (max-width: 474px) 100vw, 474px\" \/><\/a>Raidgruppe beitreten<\/h1>\n<p>Um einer Raidgruppe beizutreten, geht folgende Schritte durch.<\/p>\n<ul>\n<li>Das Programm starten<\/li>\n<li>Unter dem Reiter &#8220;Raiding&#8221; auf &#8220;Settings&#8221; klicken<\/li>\n<li>Ihr befindet euch jetzt auf dem Reiter &#8220;Raid Groups&#8221;<\/li>\n<li>Dort tragt ihr den Namen der Raidgruppe ein und ein Passwort\n<ul>\n<li>Z.B. TARVIX (Name) und tarvix12 (Passwort)<\/li>\n<\/ul>\n<\/li>\n<li>Mit &#8220;join group&#8221; verbindet ihr euch mit der Gruppe<\/li>\n<li>Das Fenster schlie\u00dfen<\/li>\n<li>Den &#8220;Raid&#8221; Knopf bet\u00e4tigen<\/li>\n<\/ul>\n<h1><a href=\"https:\/\/i0.wp.com\/tarvix-corporation.de\/wp-content\/uploads\/2015\/02\/StarParse-Raid.jpg\"><img data-recalc-dims=\"1\" loading=\"lazy\" decoding=\"async\" data-attachment-id=\"1619\" data-permalink=\"http:\/\/www.tarvix-corporation.de\/?attachment_id=1619\" data-orig-file=\"https:\/\/i0.wp.com\/www.tarvix-corporation.de\/wp-content\/uploads\/2015\/02\/StarParse-Raid.jpg?fit=797%2C540&amp;ssl=1\" data-orig-size=\"797,540\" data-comments-opened=\"1\" data-image-meta=\"{&quot;aperture&quot;:&quot;0&quot;,&quot;credit&quot;:&quot;&quot;,&quot;camera&quot;:&quot;&quot;,&quot;caption&quot;:&quot;&quot;,&quot;created_timestamp&quot;:&quot;0&quot;,&quot;copyright&quot;:&quot;&quot;,&quot;focal_length&quot;:&quot;0&quot;,&quot;iso&quot;:&quot;0&quot;,&quot;shutter_speed&quot;:&quot;0&quot;,&quot;title&quot;:&quot;&quot;,&quot;orientation&quot;:&quot;0&quot;}\" data-image-title=\"StarParse Raid\" data-image-description=\"\" data-image-caption=\"\" data-medium-file=\"https:\/\/i0.wp.com\/www.tarvix-corporation.de\/wp-content\/uploads\/2015\/02\/StarParse-Raid.jpg?fit=300%2C203&amp;ssl=1\" data-large-file=\"https:\/\/i0.wp.com\/www.tarvix-corporation.de\/wp-content\/uploads\/2015\/02\/StarParse-Raid.jpg?fit=474%2C321&amp;ssl=1\" class=\"aligncenter size-full wp-image-1619\" src=\"https:\/\/i0.wp.com\/tarvix-corporation.de\/wp-content\/uploads\/2015\/02\/StarParse-Raid.jpg?resize=474%2C321\" alt=\"StarParse Raid\" width=\"474\" height=\"321\" srcset=\"https:\/\/i0.wp.com\/www.tarvix-corporation.de\/wp-content\/uploads\/2015\/02\/StarParse-Raid.jpg?w=797&amp;ssl=1 797w, https:\/\/i0.wp.com\/www.tarvix-corporation.de\/wp-content\/uploads\/2015\/02\/StarParse-Raid.jpg?resize=300%2C203&amp;ssl=1 300w, https:\/\/i0.wp.com\/www.tarvix-corporation.de\/wp-content\/uploads\/2015\/02\/StarParse-Raid.jpg?resize=443%2C300&amp;ssl=1 443w\" sizes=\"auto, (max-width: 474px) 100vw, 474px\" \/><\/a>Raidgruppe anlegen<\/h1>\n<p>Um eine Raidgruppe anzulegen geht folgende schritte durch.<\/p>\n<ul>\n<li>Das Programm starten<\/li>\n<li>Unter dem Reiter &#8220;Raiding&#8221; auf &#8220;Settings&#8221; klicken<\/li>\n<li>Ihr befindet euch jetzt auf dem Reiter &#8220;Raid Groups&#8221;<\/li>\n<li>Dort tragt ihr den Namen der Raidgruppe ein und ein Passwort\n<ul>\n<li>Z.B. TARVIX (Name) und tarvix12 (Passwort)<\/li>\n<li>Das Passwort muss mindestens 6 Zeichen haben und ein Sonderzeichen oder Zahl<\/li>\n<\/ul>\n<\/li>\n<li>Um die Gruppe zu erstellen braucht ihr noch ein &#8220;Admin Passwort&#8221;\n<ul>\n<li>Z.B. tarvix12 (Passwort)<\/li>\n<\/ul>\n<\/li>\n<li>Den &#8220;Create new group&#8221; Knopf bet\u00e4tigen<\/li>\n<li>Danach das Fenster schlie\u00dfen<\/li>\n<\/ul>\n<p><a href=\"https:\/\/i0.wp.com\/tarvix-corporation.de\/wp-content\/uploads\/2015\/06\/StarParse-Raid-Group.jpg\"><img data-recalc-dims=\"1\" loading=\"lazy\" decoding=\"async\" data-attachment-id=\"1617\" data-permalink=\"http:\/\/www.tarvix-corporation.de\/?attachment_id=1617\" data-orig-file=\"https:\/\/i0.wp.com\/www.tarvix-corporation.de\/wp-content\/uploads\/2015\/06\/StarParse-Raid-Group.jpg?fit=524%2C356&amp;ssl=1\" data-orig-size=\"524,356\" data-comments-opened=\"1\" data-image-meta=\"{&quot;aperture&quot;:&quot;0&quot;,&quot;credit&quot;:&quot;&quot;,&quot;camera&quot;:&quot;&quot;,&quot;caption&quot;:&quot;&quot;,&quot;created_timestamp&quot;:&quot;0&quot;,&quot;copyright&quot;:&quot;&quot;,&quot;focal_length&quot;:&quot;0&quot;,&quot;iso&quot;:&quot;0&quot;,&quot;shutter_speed&quot;:&quot;0&quot;,&quot;title&quot;:&quot;&quot;,&quot;orientation&quot;:&quot;0&quot;}\" data-image-title=\"StarParse Raid Group\" data-image-description=\"\" data-image-caption=\"\" data-medium-file=\"https:\/\/i0.wp.com\/www.tarvix-corporation.de\/wp-content\/uploads\/2015\/06\/StarParse-Raid-Group.jpg?fit=300%2C204&amp;ssl=1\" data-large-file=\"https:\/\/i0.wp.com\/www.tarvix-corporation.de\/wp-content\/uploads\/2015\/06\/StarParse-Raid-Group.jpg?fit=474%2C322&amp;ssl=1\" class=\"aligncenter size-full wp-image-1617\" src=\"https:\/\/i0.wp.com\/tarvix-corporation.de\/wp-content\/uploads\/2015\/06\/StarParse-Raid-Group.jpg?resize=474%2C322\" alt=\"StarParse Raid Group\" width=\"474\" height=\"322\" srcset=\"https:\/\/i0.wp.com\/www.tarvix-corporation.de\/wp-content\/uploads\/2015\/06\/StarParse-Raid-Group.jpg?w=524&amp;ssl=1 524w, https:\/\/i0.wp.com\/www.tarvix-corporation.de\/wp-content\/uploads\/2015\/06\/StarParse-Raid-Group.jpg?resize=300%2C204&amp;ssl=1 300w, https:\/\/i0.wp.com\/www.tarvix-corporation.de\/wp-content\/uploads\/2015\/06\/StarParse-Raid-Group.jpg?resize=442%2C300&amp;ssl=1 442w\" sizes=\"auto, (max-width: 474px) 100vw, 474px\" \/><\/a><\/p>\n","protected":false},"excerpt":{"rendered":"<p>Starpars ein Anlyse-Tool f\u00fcr SWTOR. Mit diesem Tool k\u00f6nnt ihr eure DPS (Damage per second) und HPS (Heal per second) betrachten. Ihr k\u00f6nnt damit auch eure Rotation auf den Pr\u00fcfstand stellen und verbessern. Das Tool ist kostenlos und ihr k\u00f6nnt es unter folgendem Link herunterladen. Wenn euch das Programm gef\u00e4llt, k\u00f6nnt ihr auch gerne f\u00fcr &hellip; <a href=\"http:\/\/www.tarvix-corporation.de\/?page_id=1329\" class=\"more-link\"><span class=\"screen-reader-text\">Parser<\/span> weiterlesen <span class=\"meta-nav\">&rarr;<\/span><\/a><\/p>\n","protected":false},"author":3,"featured_media":0,"parent":10,"menu_order":6,"comment_status":"closed","ping_status":"closed","template":"","meta":{"jetpack_post_was_ever_published":false,"footnotes":""},"class_list":["post-1329","page","type-page","status-publish","hentry"],"jetpack_sharing_enabled":true,"jetpack_shortlink":"https:\/\/wp.me\/P5i8fx-lr","jetpack-related-posts":[],"_links":{"self":[{"href":"http:\/\/www.tarvix-corporation.de\/index.php?rest_route=\/wp\/v2\/pages\/1329","targetHints":{"allow":["GET"]}}],"collection":[{"href":"http:\/\/www.tarvix-corporation.de\/index.php?rest_route=\/wp\/v2\/pages"}],"about":[{"href":"http:\/\/www.tarvix-corporation.de\/index.php?rest_route=\/wp\/v2\/types\/page"}],"author":[{"embeddable":true,"href":"http:\/\/www.tarvix-corporation.de\/index.php?rest_route=\/wp\/v2\/users\/3"}],"replies":[{"embeddable":true,"href":"http:\/\/www.tarvix-corporation.de\/index.php?rest_route=%2Fwp%2Fv2%2Fcomments&post=1329"}],"version-history":[{"count":19,"href":"http:\/\/www.tarvix-corporation.de\/index.php?rest_route=\/wp\/v2\/pages\/1329\/revisions"}],"predecessor-version":[{"id":2424,"href":"http:\/\/www.tarvix-corporation.de\/index.php?rest_route=\/wp\/v2\/pages\/1329\/revisions\/2424"}],"up":[{"embeddable":true,"href":"http:\/\/www.tarvix-corporation.de\/index.php?rest_route=\/wp\/v2\/pages\/10"}],"wp:attachment":[{"href":"http:\/\/www.tarvix-corporation.de\/index.php?rest_route=%2Fwp%2Fv2%2Fmedia&parent=1329"}],"curies":[{"name":"wp","href":"https:\/\/api.w.org\/{rel}","templated":true}]}}