{"id":1153,"date":"2015-01-19T23:08:16","date_gmt":"2015-01-19T23:08:16","guid":{"rendered":"http:\/\/tarvix-corporation.de\/?page_id=1153"},"modified":"2016-04-15T16:01:16","modified_gmt":"2016-04-15T16:01:16","slug":"eroberungs-kommandanten","status":"publish","type":"page","link":"https:\/\/www.tarvix-corporation.de\/?page_id=1153","title":{"rendered":"Eroberungs-Kommandanten"},"content":{"rendered":"\n<div class=\"twitter-share\"><a href=\"https:\/\/twitter.com\/intent\/tweet?via=Zaseesh\" class=\"twitter-share-button\" data-size=\"large\">Twittern<\/a><\/div>\n<h1><span id=\"General_Info\">Allgemeine Informationen<br \/>\n<\/span><\/h1>\n<div><\/div>\n<ul>\n<li>Jeder der hier genannten Standorte hat die Chance, dass ein Kommandant mit dem Namen oder dem Titel Veteran oder Kampfmeister spawnt. Kommandanten mit Namen haben 3,5 Millionen Lebensenergie und ben\u00f6tigen mindestens 8 Spieler zum Legen. Ein Veteran oder Kampfmeister hat nur 570 k Lebenspunkte und kann theoretisch von 3 &#8211; 4 Spielern gekillt werden. Zu beachten ist, dass der Kommandant mit Namen einen Schild hat, welcher, wenn er aktiv ist, jeglichen Schaden zur\u00fcckwirft. Der Veteran und der Kampfmeister haben ihn nicht.<\/li>\n<li>Die Kommandanten sind Champions und haben im Namen Kommandant der Republik oder der imperialen Streitkr\u00e4fte stehen.<\/li>\n<li>Kommandanten mit Namen haben eine h\u00f6here Chance, Schaltpl\u00e4ne f\u00fcr das Flaggschiff zu droppen (Lila), w\u00e4hrend die anderen nur eine sehr kleine Chance haben, bzw. alle Kommandanten immer verschl\u00fcsselte Pl\u00e4ne droppen.<\/li>\n<li>Jeder Spieler bekommt einen verschl\u00fcsselten Plan, wobei um die Schaltpl\u00e4ne gerollt werden muss. Es\u00a0sollte hier der Beutemeister eingeschaltet sein. \ud83d\ude09 Sollten Externe an dem Raubzug beteiligt sein, macht denen gleich klar, dass die Pl\u00e4ne immer an die Gilde gehen. (hehe)<\/li>\n<li>Kommandanten haben eine Respawnzeit von ca. 3 Stunden. Kommandanten mit Namen und Schild haben f\u00fcr 6 Stunden einen Schildbuff, wodurch kein Schaden gemacht werden kann. Um den Schild abzuschalten, muss das Flagschiff \u00fcber dem Planeten geparkt werden, dies kostet ein Dunkles-MK1-Projekt. Das funktioniert auch nur, wenn die Gilde diesen Planeten kontrolliert. Nach diesen 6 Stunden k\u00f6nnen alle den Kommandanten legen.<\/li>\n<li>Die Kommandanten befinden sich im Feindgebiet und man wird automatisch PvP geflaggt.<\/li>\n<\/ul>\n<hr \/>\n<h2>Tatooine<\/h2>\n<ul>\n<li>Imperialer Kommandant \u2013 Au\u00dfenposten Zaroshe\n<ul>\n<li>Koordinaten x: -617, y: \u2013499<\/li>\n<\/ul>\n<\/li>\n<li>Republikanischer Kommandant \u2013\u00a0Au\u00dfenposten Thorazan\n<ul>\n<li>Koordinaten x: -1138, y: \u20131281<\/li>\n<\/ul>\n<\/li>\n<\/ul>\n<p><iframe loading=\"lazy\" title=\"Let&#039;s Play SWTOR: Strongholds republikanischer Kommandant Utnesi Wesk auf Tattooine\" width=\"474\" height=\"267\" src=\"https:\/\/www.youtube.com\/embed\/Qm6Plc2Ekss?feature=oembed\" frameborder=\"0\" allow=\"accelerometer; autoplay; clipboard-write; encrypted-media; gyroscope; picture-in-picture; web-share\" referrerpolicy=\"strict-origin-when-cross-origin\" allowfullscreen><\/iframe><\/p>\n<hr \/>\n<h2>Alderaan<\/h2>\n<ul>\n<li>Imperialer Kommandant \u00a0\u2013\u00a0Au\u00dfenposten Talarn\n<ul>\n<li>Koordinaten x: 1798, y: 768<\/li>\n<\/ul>\n<\/li>\n<li>Republikanischer Kommandant \u2013 House Trader\u2019s Circle\n<ul>\n<li>Koordinaten x: 2887, y: 544<\/li>\n<\/ul>\n<\/li>\n<\/ul>\n<p><iframe loading=\"lazy\" title=\"Let&#039;s Play SWTOR: Strongholds republikanischer Kommandant Reoden Qan auf Alderaan\" width=\"474\" height=\"267\" src=\"https:\/\/www.youtube.com\/embed\/IzMcefExk3g?feature=oembed\" frameborder=\"0\" allow=\"accelerometer; autoplay; clipboard-write; encrypted-media; gyroscope; picture-in-picture; web-share\" referrerpolicy=\"strict-origin-when-cross-origin\" allowfullscreen><\/iframe><\/p>\n<hr \/>\n<h2>Quesh<\/h2>\n<ul>\n<li>Imperialer Kommandant \u00a0\u2013 Imperial Garrison\n<ul>\n<li>Koordinaten x: 174, y: 1600<\/li>\n<\/ul>\n<\/li>\n<li>Republikanischer Kommandant \u2013 Republic Operational Headquarters\n<ul>\n<li>Koordinaten x: 752, y: 95<\/li>\n<\/ul>\n<\/li>\n<\/ul>\n<hr \/>\n<h2>Hoth<\/h2>\n<ul>\n<li>Imperialer Kommandant \u2013 Frostwake Outpost (The Starship Graveyard)\n<ul>\n<li>Koordinaten x: 1096, y: 476<\/li>\n<\/ul>\n<\/li>\n<li>Republikanischer Kommandant \u2013 Au\u00dfenposten Zerek (The Starship Graveyard)\n<ul>\n<li>Koordinaten x: 1137, y: \u2013340<\/li>\n<\/ul>\n<\/li>\n<\/ul>\n<p><iframe loading=\"lazy\" title=\"Let&#039;s Play SWTOR: Strongholds republikanischer Kommandant auf Hoth\" width=\"474\" height=\"267\" src=\"https:\/\/www.youtube.com\/embed\/w2db8EiHvE0?feature=oembed\" frameborder=\"0\" allow=\"accelerometer; autoplay; clipboard-write; encrypted-media; gyroscope; picture-in-picture; web-share\" referrerpolicy=\"strict-origin-when-cross-origin\" allowfullscreen><\/iframe><\/p>\n<hr \/>\n<h2>Belsavis<\/h2>\n<ul>\n<li>Imperialer Kommandant \u2013 Imperial Command Post (High Security Section)\n<ul>\n<li>Koordinaten x: -106, y: 1623<\/li>\n<\/ul>\n<\/li>\n<li>Republikanischer Kommandant \u2013 Republic Watchtower (High Security Section)\n<ul>\n<li>Koordinaten x: -218, y: 599<\/li>\n<\/ul>\n<\/li>\n<\/ul>\n<p><iframe loading=\"lazy\" title=\"Let&#039;s Play SWTOR: Strongholds republikanischer Kommandant Meister Daxarn auf Belsavis\" width=\"474\" height=\"267\" src=\"https:\/\/www.youtube.com\/embed\/fnLBTXltauM?feature=oembed\" frameborder=\"0\" allow=\"accelerometer; autoplay; clipboard-write; encrypted-media; gyroscope; picture-in-picture; web-share\" referrerpolicy=\"strict-origin-when-cross-origin\" allowfullscreen><\/iframe><\/p>\n<hr \/>\n<h2>Voss<\/h2>\n<ul>\n<li>Imperialer Kommandant \u2013\u00a0Au\u00dfenposten Overseer\n<ul>\n<li>Koordinaten x: -462, y: \u20131498<\/li>\n<\/ul>\n<\/li>\n<li>Republikanischer Kommandant \u2013 Kri-Ta Outpost\n<ul>\n<li>Koordinaten x: 601, y: \u20131330<\/li>\n<\/ul>\n<\/li>\n<\/ul>\n<p><iframe loading=\"lazy\" title=\"Let&#039;s Play SWTOR: Strongholds republikanische Kommandantin Talane Ancia auf Voss\" width=\"474\" height=\"267\" src=\"https:\/\/www.youtube.com\/embed\/qtAU-iTMNK0?feature=oembed\" frameborder=\"0\" allow=\"accelerometer; autoplay; clipboard-write; encrypted-media; gyroscope; picture-in-picture; web-share\" referrerpolicy=\"strict-origin-when-cross-origin\" allowfullscreen><\/iframe><\/p>\n<hr \/>\n<h2>Corellia<\/h2>\n<ul>\n<li>Imperialer Kommandant \u2013 Business Sector Tram Section (Government District )\n<ul>\n<li>Koordinaten x: 3026, y: \u20131170<\/li>\n<\/ul>\n<\/li>\n<li>Republikanischer Kommandant\u2013 Uptown Tram Station (Government District)\n<ul>\n<li>Koordinaten x: 3545, y: \u20132561<\/li>\n<\/ul>\n<\/li>\n<\/ul>\n<p><iframe loading=\"lazy\" title=\"Let&#039;s Play SWTOR: Strongholds republikanischer Kommandant Qella&#039;Tak auf Corellia\" width=\"474\" height=\"267\" src=\"https:\/\/www.youtube.com\/embed\/0-o8CQZwgcc?feature=oembed\" frameborder=\"0\" allow=\"accelerometer; autoplay; clipboard-write; encrypted-media; gyroscope; picture-in-picture; web-share\" referrerpolicy=\"strict-origin-when-cross-origin\" allowfullscreen><\/iframe><\/p>\n<hr \/>\n<h2>Ilum<\/h2>\n<ul>\n<li>Imperialer Kommandant \u2013 Imperial Waystation\n<ul>\n<li>Koordinaten x: -300, y: -252<\/li>\n<\/ul>\n<\/li>\n<li>Republikanischer Kommandant\u2013 Republic Base Camp\n<ul>\n<li>Koordinaten x: 472, y: 570<\/li>\n<\/ul>\n<\/li>\n<\/ul>\n","protected":false},"excerpt":{"rendered":"<p>Allgemeine Informationen Jeder der hier genannten Standorte hat die Chance, dass ein Kommandant mit dem Namen oder dem Titel Veteran oder Kampfmeister spawnt. Kommandanten mit Namen haben 3,5 Millionen Lebensenergie und ben\u00f6tigen mindestens 8 Spieler zum Legen. Ein Veteran oder Kampfmeister hat nur 570 k Lebenspunkte und kann theoretisch von 3 &#8211; 4 Spielern gekillt &hellip; <a href=\"https:\/\/www.tarvix-corporation.de\/?page_id=1153\" class=\"more-link\"><span class=\"screen-reader-text\">Eroberungs-Kommandanten<\/span> weiterlesen <span class=\"meta-nav\">&rarr;<\/span><\/a><\/p>\n","protected":false},"author":3,"featured_media":0,"parent":12,"menu_order":2,"comment_status":"closed","ping_status":"closed","template":"","meta":{"jetpack_post_was_ever_published":false,"footnotes":""},"class_list":["post-1153","page","type-page","status-publish","hentry"],"jetpack_sharing_enabled":true,"jetpack_shortlink":"https:\/\/wp.me\/P5i8fx-iB","jetpack-related-posts":[],"_links":{"self":[{"href":"https:\/\/www.tarvix-corporation.de\/index.php?rest_route=\/wp\/v2\/pages\/1153","targetHints":{"allow":["GET"]}}],"collection":[{"href":"https:\/\/www.tarvix-corporation.de\/index.php?rest_route=\/wp\/v2\/pages"}],"about":[{"href":"https:\/\/www.tarvix-corporation.de\/index.php?rest_route=\/wp\/v2\/types\/page"}],"author":[{"embeddable":true,"href":"https:\/\/www.tarvix-corporation.de\/index.php?rest_route=\/wp\/v2\/users\/3"}],"replies":[{"embeddable":true,"href":"https:\/\/www.tarvix-corporation.de\/index.php?rest_route=%2Fwp%2Fv2%2Fcomments&post=1153"}],"version-history":[{"count":17,"href":"https:\/\/www.tarvix-corporation.de\/index.php?rest_route=\/wp\/v2\/pages\/1153\/revisions"}],"predecessor-version":[{"id":2410,"href":"https:\/\/www.tarvix-corporation.de\/index.php?rest_route=\/wp\/v2\/pages\/1153\/revisions\/2410"}],"up":[{"embeddable":true,"href":"https:\/\/www.tarvix-corporation.de\/index.php?rest_route=\/wp\/v2\/pages\/12"}],"wp:attachment":[{"href":"https:\/\/www.tarvix-corporation.de\/index.php?rest_route=%2Fwp%2Fv2%2Fmedia&parent=1153"}],"curies":[{"name":"wp","href":"https:\/\/api.w.org\/{rel}","templated":true}]}}