{"id":116,"date":"2013-08-17T06:34:50","date_gmt":"2013-08-17T06:34:50","guid":{"rendered":"http:\/\/tarvix-corporation.de\/?page_id=116"},"modified":"2020-03-08T20:50:26","modified_gmt":"2020-03-08T20:50:26","slug":"teamspeak","status":"publish","type":"page","link":"https:\/\/www.tarvix-corporation.de\/?page_id=116","title":{"rendered":"Discord \/ YouTube"},"content":{"rendered":"\n<div class=\"twitter-share\"><a href=\"https:\/\/twitter.com\/intent\/tweet?via=Zaseesh\" class=\"twitter-share-button\" data-size=\"large\">Twittern<\/a><\/div>\n<p>Die Tarvix Corporation und die Tarvix Tactics Agency teilen sich einen Discord-Server. Jedes Gildenmitglied ist eingeladen uns dort zu besuchen.<\/p>\n<p>Um am Discord teilnehmen zu k\u00f6nnen ben\u00f6tigt ihr ein Headset mit Kopfh\u00f6rer und Mikrofon und die Discord Software. Diese APP k\u00f6nnt Ihr euch unter <a href=\"https:\/\/discordapp.com\/download\">discord.com<\/a> herunterladen.<\/p>\n<p>Folgt der Einladung mit folgendem <a href=\"https:\/\/discord.gg\/ybpN49z\">Link<\/a> zu unserem neuen Server.<\/p>\n<p>Ihr wollt mit uns zocken und nicht nur SWTOR, dann k\u00f6nnt ihr dort eine Clan-Bewerbung abgeben. Wir laden euch dann zu diversen Diversen Games ein. Ihr k\u00f6nntet dann auch mit einem Video auf Avo zockt! landen. \ud83d\ude09<\/p>\n<h1>Gilden \u00fcbergreifender Chat<\/h1>\n<p>Wir \u00fcberlegen einen zus\u00e4tzlichen Chat Kanal anzulegen, um Aktionen beider Seiten (Republik \/ Imperium), zu koordinieren. Sobald dieser eingerichtet ist, werden wir es \u00fcber die Gilden News in SWTOR bekannt geben.<\/p>\n<p>Eine Anleitung wie dies funktioniert steht hier:<\/p>\n<p><b>The first thing you\u2019re going to want to do is actually create your channel, which is simple\u2026<\/b><\/p>\n<ul>\n<li>\/create [channelname] [password]- Create an Channel and an <b><i>optional<\/i><\/b> password<\/li>\n<\/ul>\n<p><b>The next obvious step is to get the people you want in the channel to join it, here is the command to join a channel\u2026<\/b><\/p>\n<ul>\n<li>\/cjoin [channelname] [password] \u2013 Join an already made channel also including a password if needed<\/li>\n<\/ul>\n<p><b>From there, there are a slew of commands to customize and administrate your channel. \u00a0<\/b><b>Check out the list below:<\/b><\/p>\n<ul>\n<li>\/cleave [channelname] [password] \u2013 Leave a custom channel also including a password if needed<\/li>\n<li>\/lock [channelname] \u2013 Allow only invited players to join the channel<\/li>\n<li>\/unlock [channelname] \u2013 Allow all players to join the custom channel<\/li>\n<li>\/cinvite [channelname] [player] \u2013 Invite someone to the custom channel<\/li>\n<li>\/password [channelname] [password] \u2013 Set a password for the channel<\/li>\n<li>\/password [channelname] \u2013 Clear a password from a channel<\/li>\n<li>\/ckick [channelname] [player] \u2013 Kick a player from the channel<\/li>\n<li>\/ban [channelname] [player] \u2013 Ban a player from the channel<\/li>\n<li>\/unban [channelname] [player] \u2013 Unban a player from a channel<\/li>\n<li>\/mod [channelname] [player] \u2013 Give a player the moderator status in the channel<\/li>\n<li>\/unmod [channelname] [player] \u2013 Remove mod status from a player<\/li>\n<li>\/mute [channelname] [player] \u2013 Remove the ability to send messages on the channel<\/li>\n<li>\/unmute [channelname] [player] \u2013 Grant the ability to send messages on the channel<\/li>\n<li>\/moderate [channelname] \u2013 Set the custom channel to only let moderators speak<\/li>\n<li>\/unmoderate [channelname]- Set the custom channel to let anyone speak<\/li>\n<li>\/channellist \u2013 List all custom channels you are on<\/li>\n<li>\/list [channelname] \u2013 List the players on the custom channel<\/li>\n<\/ul>\n","protected":false},"excerpt":{"rendered":"<p>Die Tarvix Corporation und die Tarvix Tactics Agency teilen sich einen Discord-Server. Jedes Gildenmitglied ist eingeladen uns dort zu besuchen. Um am Discord teilnehmen zu k\u00f6nnen ben\u00f6tigt ihr ein Headset mit Kopfh\u00f6rer und Mikrofon und die Discord Software. Diese APP k\u00f6nnt Ihr euch unter discord.com herunterladen. Folgt der Einladung mit folgendem Link zu unserem neuen &hellip; <a href=\"https:\/\/www.tarvix-corporation.de\/?page_id=116\" class=\"more-link\"><span class=\"screen-reader-text\">Discord \/ YouTube<\/span> weiterlesen <span class=\"meta-nav\">&rarr;<\/span><\/a><\/p>\n","protected":false},"author":3,"featured_media":0,"parent":0,"menu_order":4,"comment_status":"closed","ping_status":"closed","template":"","meta":{"jetpack_post_was_ever_published":false,"footnotes":""},"class_list":["post-116","page","type-page","status-publish","hentry"],"jetpack_sharing_enabled":true,"jetpack_shortlink":"https:\/\/wp.me\/P5i8fx-1S","jetpack-related-posts":[],"_links":{"self":[{"href":"https:\/\/www.tarvix-corporation.de\/index.php?rest_route=\/wp\/v2\/pages\/116","targetHints":{"allow":["GET"]}}],"collection":[{"href":"https:\/\/www.tarvix-corporation.de\/index.php?rest_route=\/wp\/v2\/pages"}],"about":[{"href":"https:\/\/www.tarvix-corporation.de\/index.php?rest_route=\/wp\/v2\/types\/page"}],"author":[{"embeddable":true,"href":"https:\/\/www.tarvix-corporation.de\/index.php?rest_route=\/wp\/v2\/users\/3"}],"replies":[{"embeddable":true,"href":"https:\/\/www.tarvix-corporation.de\/index.php?rest_route=%2Fwp%2Fv2%2Fcomments&post=116"}],"version-history":[{"count":15,"href":"https:\/\/www.tarvix-corporation.de\/index.php?rest_route=\/wp\/v2\/pages\/116\/revisions"}],"predecessor-version":[{"id":3141,"href":"https:\/\/www.tarvix-corporation.de\/index.php?rest_route=\/wp\/v2\/pages\/116\/revisions\/3141"}],"wp:attachment":[{"href":"https:\/\/www.tarvix-corporation.de\/index.php?rest_route=%2Fwp%2Fv2%2Fmedia&parent=116"}],"curies":[{"name":"wp","href":"https:\/\/api.w.org\/{rel}","templated":true}]}}