{"id":1243,"date":"2015-02-09T08:34:58","date_gmt":"2015-02-09T08:34:58","guid":{"rendered":"http:\/\/tarvix-corporation.de\/?page_id=1243"},"modified":"2017-03-29T09:33:23","modified_gmt":"2017-03-29T09:33:23","slug":"cybertech","status":"publish","type":"page","link":"https:\/\/www.tarvix-corporation.de\/?page_id=1243","title":{"rendered":"Cybertech"},"content":{"rendered":"\n<div class=\"twitter-share\"><a href=\"https:\/\/twitter.com\/intent\/tweet?via=Zaseesh\" class=\"twitter-share-button\" data-size=\"large\">Twittern<\/a><\/div>\n<p><a href=\"http:\/\/tarvix-corporation.de\/wp-content\/uploads\/2015\/02\/Cybertech.bmp\"><img loading=\"lazy\" decoding=\"async\" data-attachment-id=\"1247\" data-permalink=\"https:\/\/www.tarvix-corporation.de\/?attachment_id=1247\" data-orig-file=\"https:\/\/www.tarvix-corporation.de\/wp-content\/uploads\/2015\/02\/Cybertech.bmp\" data-orig-size=\"28,28\" data-comments-opened=\"1\" data-image-meta=\"{&quot;aperture&quot;:&quot;0&quot;,&quot;credit&quot;:&quot;&quot;,&quot;camera&quot;:&quot;&quot;,&quot;caption&quot;:&quot;&quot;,&quot;created_timestamp&quot;:&quot;0&quot;,&quot;copyright&quot;:&quot;&quot;,&quot;focal_length&quot;:&quot;0&quot;,&quot;iso&quot;:&quot;0&quot;,&quot;shutter_speed&quot;:&quot;0&quot;,&quot;title&quot;:&quot;&quot;,&quot;orientation&quot;:&quot;0&quot;}\" data-image-title=\"Cybertech\" data-image-description=\"\" data-image-caption=\"\" data-medium-file=\"https:\/\/www.tarvix-corporation.de\/wp-content\/uploads\/2015\/02\/Cybertech.bmp\" data-large-file=\"https:\/\/www.tarvix-corporation.de\/wp-content\/uploads\/2015\/02\/Cybertech.bmp\" class=\"alignleft wp-image-1247\" src=\"http:\/\/tarvix-corporation.de\/wp-content\/uploads\/2015\/02\/Cybertech.bmp\" alt=\"Cybertech\" width=\"60\" height=\"60\" \/><\/a>\u00a0<span style=\"font-size: x-large;\">Shatavi (Imperium)<\/span><\/p>\n<p>Diese Gegenst\u00e4nde k\u00f6nnen gegen Material hergestellt werden. Einfach bei der Gildenleitung anfragen.<\/p>\n<h2><strong>Ohrst\u00fcck<\/strong><\/h2>\n<p>Level 70<\/p>\n<p>Adepten Relais 216<\/p>\n<ul>\n<li>+ 313 Beherrschung<\/li>\n<li>+ 369 Ausdauer<\/li>\n<li>+ 173 Angriffskraft<\/li>\n<li>+ 152 Kritischer Trefferwert<\/li>\n<\/ul>\n<p>Bastionsrelais 208<\/p>\n<ul>\n<li>+ 258 Beherrschung<\/li>\n<li>+ 350 Ausdauer<\/li>\n<li>+ 137 Schild<\/li>\n<li>+ 164 Verteidigung<\/li>\n<\/ul>\n<p>Bollwerk Relais 230<\/p>\n<ul>\n<li>+\u00a0391 Beherrschung<\/li>\n<li>+\u00a0422 Ausdauer<\/li>\n<li>+ 181 Absorption<\/li>\n<li>+\u00a0210 Verteidigung<\/li>\n<\/ul>\n<p>Initiativ Relais 230<\/p>\n<ul>\n<li>+\u00a0391 Beherrschung<\/li>\n<li>+\u00a0422 Ausdauer<\/li>\n<li>+\u00a0181 Pr\u00e4zision<\/li>\n<li>+\u00a0210 Angriffskraft<\/li>\n<\/ul>\n<p>Ultrabegabten Relais 216<\/p>\n<ul>\n<li>+ 313 Beherrschung<\/li>\n<li>+ 369 Ausdauer<\/li>\n<li>+ 173 Angriffskraft<\/li>\n<li>+ 152 Schnelligkeit<\/li>\n<\/ul>\n<h2><strong>Modifikation<\/strong><\/h2>\n<p>Level 70<\/p>\n<p>Sch\u00fctzende\u00a048B<\/p>\n<ul>\n<li>+ 145 Beherrschung<\/li>\n<li>+\u00a0180 Ausdauer<\/li>\n<li>+\u00a0119 Verteidigung<\/li>\n<\/ul>\n<p>Sch\u00fctzende\u00a046A<\/p>\n<ul>\n<li>+ 191 Beherrschung<\/li>\n<li>+\u00a0138 Ausdauer<\/li>\n<li>+\u00a084 Verteidigung<\/li>\n<\/ul>\n<p>Sch\u00fctzende\u00a048<\/p>\n<ul>\n<li>+ 169 Beherrschung<\/li>\n<li>+\u00a0132 Ausdauer<\/li>\n<li>+\u00a0145 Verteidigung<\/li>\n<\/ul>\n<p>Sch\u00fctzende\u00a048B<\/p>\n<ul>\n<li>+ 145 Beherrschung<\/li>\n<li>+\u00a0180 Ausdauer<\/li>\n<li>+\u00a0119 Verteidigung<\/li>\n<\/ul>\n<p>Totbringende\u00a046A<\/p>\n<ul>\n<li>+ 191 Beherrschung<\/li>\n<li>+\u00a0138 Ausdauer<\/li>\n<li>+\u00a084 Angriffskraft<\/li>\n<\/ul>\n<p>Totbringende\u00a046B<\/p>\n<ul>\n<li>+ 138 Beherrschung<\/li>\n<li>+\u00a0171 Ausdauer<\/li>\n<li>+ 113 Angriffskraft<\/li>\n<\/ul>\n<p>Totbringende\u00a045<\/p>\n<ul>\n<li>+ 157 Beherrschung<\/li>\n<li>+\u00a0123 Ausdauer<\/li>\n<li>+\u00a0134 Angriffskraft<\/li>\n<\/ul>\n<h2><strong>Verbesserung<\/strong><\/h2>\n<p>Level 70<\/p>\n<p>Bastions-Verbesserung\u00a046<\/p>\n<ul>\n<li>+ 150 Ausdauer<\/li>\n<li>+\u00a0181 Schild<\/li>\n<li>+\u00a084 Verteidigung<\/li>\n<\/ul>\n<p>Begabten-Verbesserung\u00a046<\/p>\n<ul>\n<li>+ 150 Ausdauer<\/li>\n<li>+\u00a084 Angriffskraft<\/li>\n<li>+\u00a0181 Schnelligkeitswert<\/li>\n<\/ul>\n<p>Bollwerk-Verbesserung\u00a048<\/p>\n<ul>\n<li>+ 157 Ausdauer<\/li>\n<li>+ 190 Absorption<\/li>\n<li>+ 89 Verteidigung<\/li>\n<\/ul>\n<p>Immunit\u00e4ts-Verbesserung\u00a046<\/p>\n<ul>\n<li>+\u00a0113 Ausdauer<\/li>\n<li>+\u00a0181 Schild<\/li>\n<li>+\u00a0126 Verteidigungswert<\/li>\n<\/ul>\n<p>Effiziente Verbesserung 46<\/p>\n<ul>\n<li>+ 150 Ausdauer<\/li>\n<li>+ 84 Angriffskraft<\/li>\n<li>+ 181 Kritischer Trefferwert<\/li>\n<\/ul>\n<p>Disziplin Verbesserung 46<\/p>\n<ul>\n<li>+ 181 Ausdauer<\/li>\n<li>+\u00a049 Angriffskraft<\/li>\n<li>+ 171 Kritischer Trefferwert<\/li>\n<\/ul>\n<p>Sperrfeuer Verbesserung 48<\/p>\n<ul>\n<li>+ 190 Ausdauer<\/li>\n<li>+ 52 Angriffskraft<\/li>\n<li>+ 180 Schnelligkeitswert<\/li>\n<\/ul>\n<p>Sorgfalts-Verbesserung 46<\/p>\n<ul>\n<li>+ 181 Ausdauer<\/li>\n<li>+ 171 Pr\u00e4zision<\/li>\n<li>+ 49 Angriffskraft<\/li>\n<\/ul>\n<p>F\u00e4hige Verbesserung 46<\/p>\n<ul>\n<li>+ 150 Ausdauer<\/li>\n<li>+ 181 Pr\u00e4zision<\/li>\n<li>+ 84 Angriffskraft<\/li>\n<\/ul>\n<h2><strong>Granate<br \/>\n<\/strong><\/h2>\n<p>Level 56<\/p>\n<p>Elektrobet\u00e4ubungsgranate<\/p>\n<ul>\n<li>3 Ziele mit 942 &#8211; 979 Energieschaden + Bet\u00e4ubung<\/li>\n<\/ul>\n<p>Gefrierbombe<\/p>\n<ul>\n<li>4 Ziele mit 2036 &#8211; 2116 Energieschaden + Bewegungseinschr\u00e4nkung<\/li>\n<\/ul>\n<p>Schlammgranate<\/p>\n<ul>\n<li>5 Ziele mit 3199- 3326 Kinetikschaden + Bewegungseinschr\u00e4nkung<\/li>\n<\/ul>\n<p>Pyrogranate<\/p>\n<ul>\n<li>5 Ziele wirkt 12 Sekunden mit 6125 Elementarschaden<\/li>\n<\/ul>\n<p>Seismikgranate<\/p>\n<ul>\n<li>Alle Ziele innerhalb von 6 Metern, wirkt 1517 &#8211; 1577 Kinetikschaden und Stunnt 5 Sekunden lang<\/li>\n<\/ul>\n<h2>Baupl\u00e4ne<\/h2>\n<p>Level 70<\/p>\n<p>Gegenstandswert 230<\/p>\n<ul>\n<li>Fortschrittliche sch\u00fctzenden Modifikation 46B<\/li>\n<li>Fortschrittliche sch\u00fctzenden Modifikation 46A<\/li>\n<li>Fortschrittliche\u00a0totbringende Modifikation 46A<\/li>\n<li>Fortschrittliche\u00a0totbringende Modifikation 46B<\/li>\n<li>Fortschrittliche sch\u00fctzenden Modifikation 46<\/li>\n<li>Fortschrittliche\u00a0Disziplin-Verbesserung 46<\/li>\n<li>Fortschrittliche\u00a0Bastions-Verbesserung 46<\/li>\n<li>Fortschrittliche\u00a0Begabten-Verbesserung 46<\/li>\n<li>Fortschrittliche\u00a0Immunit\u00e4ts-Verbesserung 46<\/li>\n<li>Fortschrittliche Sorgfalts-Verbesserung 46<\/li>\n<li>Fortschrittliche\u00a0effiziente Verbesserung 46<\/li>\n<li>Fortschrittliche Sperrfeuer-Verbesserung 46<\/li>\n<li>Fortschrittliche f\u00e4hige Verbesserung 46<\/li>\n<li>MK-4-Bollwerk-Ger\u00e4t des ewigen Kommandanten<\/li>\n<li>MK-4-Initiativ-Ger\u00e4t des ewigen Kommandanten<\/li>\n<\/ul>\n<p>Gegenstandswert 234<\/p>\n<ul>\n<li>Fortschrittliche Sperrfeuer-Verbesserung 48<\/li>\n<li>Fortschrittliche Bollwerk-Verbesserung 48<\/li>\n<li>Fortschrittliche sch\u00fctzenden Modifikation 48<\/li>\n<li>Fortschrittliche sch\u00fctzenden Modifikation 48B<\/li>\n<\/ul>\n","protected":false},"excerpt":{"rendered":"<p>\u00a0Shatavi (Imperium) Diese Gegenst\u00e4nde k\u00f6nnen gegen Material hergestellt werden. Einfach bei der Gildenleitung anfragen. Ohrst\u00fcck Level 70 Adepten Relais 216 + 313 Beherrschung + 369 Ausdauer + 173 Angriffskraft + 152 Kritischer Trefferwert Bastionsrelais 208 + 258 Beherrschung + 350 Ausdauer + 137 Schild + 164 Verteidigung Bollwerk Relais 230 +\u00a0391 Beherrschung +\u00a0422 Ausdauer + &hellip; <a href=\"https:\/\/www.tarvix-corporation.de\/?page_id=1243\" class=\"more-link\"><span class=\"screen-reader-text\">Cybertech<\/span> weiterlesen <span class=\"meta-nav\">&rarr;<\/span><\/a><\/p>\n","protected":false},"author":3,"featured_media":0,"parent":8,"menu_order":0,"comment_status":"closed","ping_status":"closed","template":"","meta":{"jetpack_post_was_ever_published":false,"footnotes":""},"class_list":["post-1243","page","type-page","status-publish","hentry"],"jetpack_sharing_enabled":true,"jetpack_shortlink":"https:\/\/wp.me\/P5i8fx-k3","jetpack-related-posts":[],"_links":{"self":[{"href":"https:\/\/www.tarvix-corporation.de\/index.php?rest_route=\/wp\/v2\/pages\/1243","targetHints":{"allow":["GET"]}}],"collection":[{"href":"https:\/\/www.tarvix-corporation.de\/index.php?rest_route=\/wp\/v2\/pages"}],"about":[{"href":"https:\/\/www.tarvix-corporation.de\/index.php?rest_route=\/wp\/v2\/types\/page"}],"author":[{"embeddable":true,"href":"https:\/\/www.tarvix-corporation.de\/index.php?rest_route=\/wp\/v2\/users\/3"}],"replies":[{"embeddable":true,"href":"https:\/\/www.tarvix-corporation.de\/index.php?rest_route=%2Fwp%2Fv2%2Fcomments&post=1243"}],"version-history":[{"count":26,"href":"https:\/\/www.tarvix-corporation.de\/index.php?rest_route=\/wp\/v2\/pages\/1243\/revisions"}],"predecessor-version":[{"id":2793,"href":"https:\/\/www.tarvix-corporation.de\/index.php?rest_route=\/wp\/v2\/pages\/1243\/revisions\/2793"}],"up":[{"embeddable":true,"href":"https:\/\/www.tarvix-corporation.de\/index.php?rest_route=\/wp\/v2\/pages\/8"}],"wp:attachment":[{"href":"https:\/\/www.tarvix-corporation.de\/index.php?rest_route=%2Fwp%2Fv2%2Fmedia&parent=1243"}],"curies":[{"name":"wp","href":"https:\/\/api.w.org\/{rel}","templated":true}]}}