{"id":1416,"date":"2015-03-12T13:04:25","date_gmt":"2015-03-12T13:04:25","guid":{"rendered":"http:\/\/tarvix-corporation.de\/?page_id=1416"},"modified":"2016-04-15T17:36:18","modified_gmt":"2016-04-15T17:36:18","slug":"material","status":"publish","type":"page","link":"https:\/\/www.tarvix-corporation.de\/?page_id=1416","title":{"rendered":"Material"},"content":{"rendered":"\n<div class=\"twitter-share\"><a href=\"https:\/\/twitter.com\/intent\/tweet?via=Zaseesh\" class=\"twitter-share-button\" data-size=\"large\">Twittern<\/a><\/div>\n<p>Solltet ihr ein Material f\u00fcrs Crafting suchen und nicht wissen wo es diese gibt, nutzt die Links in diesem Artikel. Da es sehr Aufwendig ist, diese Informationen zu pflegen, \u00fcberlassen wir das den Profis von <a href=\"http:\/\/www.tor-decorating.com\">TOR-Decorating<\/a>. Damit schon einmal ein gro\u00dfes Dankesch\u00f6n an Euch. ^^<\/p>\n<h2>TOR-Decorating<\/h2>\n<ul>\n<li><a href=\"http:\/\/tor-decorating.com\/where-to-find-crafting-mats\/\">Wo finde ich welche Materialien<\/a><\/li>\n<li><a href=\"http:\/\/tor-decorating.com\/resource-node-material-yields\/\">Planetarische Eroberungs-Events Materialien<\/a><\/li>\n<\/ul>\n","protected":false},"excerpt":{"rendered":"<p>Solltet ihr ein Material f\u00fcrs Crafting suchen und nicht wissen wo es diese gibt, nutzt die Links in diesem Artikel. Da es sehr Aufwendig ist, diese Informationen zu pflegen, \u00fcberlassen wir das den Profis von TOR-Decorating. Damit schon einmal ein gro\u00dfes Dankesch\u00f6n an Euch. ^^ TOR-Decorating Wo finde ich welche Materialien Planetarische Eroberungs-Events Materialien<\/p>\n","protected":false},"author":3,"featured_media":0,"parent":8,"menu_order":1,"comment_status":"closed","ping_status":"closed","template":"","meta":{"jetpack_post_was_ever_published":false,"footnotes":""},"class_list":["post-1416","page","type-page","status-publish","hentry"],"jetpack_sharing_enabled":true,"jetpack_shortlink":"https:\/\/wp.me\/P5i8fx-mQ","jetpack-related-posts":[],"_links":{"self":[{"href":"https:\/\/www.tarvix-corporation.de\/index.php?rest_route=\/wp\/v2\/pages\/1416","targetHints":{"allow":["GET"]}}],"collection":[{"href":"https:\/\/www.tarvix-corporation.de\/index.php?rest_route=\/wp\/v2\/pages"}],"about":[{"href":"https:\/\/www.tarvix-corporation.de\/index.php?rest_route=\/wp\/v2\/types\/page"}],"author":[{"embeddable":true,"href":"https:\/\/www.tarvix-corporation.de\/index.php?rest_route=\/wp\/v2\/users\/3"}],"replies":[{"embeddable":true,"href":"https:\/\/www.tarvix-corporation.de\/index.php?rest_route=%2Fwp%2Fv2%2Fcomments&post=1416"}],"version-history":[{"count":25,"href":"https:\/\/www.tarvix-corporation.de\/index.php?rest_route=\/wp\/v2\/pages\/1416\/revisions"}],"predecessor-version":[{"id":2428,"href":"https:\/\/www.tarvix-corporation.de\/index.php?rest_route=\/wp\/v2\/pages\/1416\/revisions\/2428"}],"up":[{"embeddable":true,"href":"https:\/\/www.tarvix-corporation.de\/index.php?rest_route=\/wp\/v2\/pages\/8"}],"wp:attachment":[{"href":"https:\/\/www.tarvix-corporation.de\/index.php?rest_route=%2Fwp%2Fv2%2Fmedia&parent=1416"}],"curies":[{"name":"wp","href":"https:\/\/api.w.org\/{rel}","templated":true}]}}