{"id":1530,"date":"2015-05-09T07:08:13","date_gmt":"2015-05-09T07:08:13","guid":{"rendered":"http:\/\/tarvix-corporation.de\/?page_id=1530"},"modified":"2015-05-09T07:09:24","modified_gmt":"2015-05-09T07:09:24","slug":"gewaltiger-monolith","status":"publish","type":"page","link":"https:\/\/www.tarvix-corporation.de\/?page_id=1530","title":{"rendered":"Gewaltiger Monolith"},"content":{"rendered":"\n<div class=\"twitter-share\"><a href=\"https:\/\/twitter.com\/intent\/tweet?via=Zaseesh\" class=\"twitter-share-button\" data-size=\"large\">Twittern<\/a><\/div>\n<p>Dieser Boss ist sehr Voidlastig daher erfolgt die Bosserkl\u00e4rung in Voids.<\/p>\n<h1>1 &#8211; Voids<\/h1>\n<p>Als erstes\u00a0sollten die Spieler niemals in den <strong><em>lilanen Rissen <\/em><\/strong>stehen. Ansonsten erhalten sie einen Debuff, der die erhaltene Heilung um 50% und das Beweungstempo um 90% reduziert.<\/p>\n<p>\u00dcber den gesamten Kampf spawnen unter jeden einzelnen Spieler <em><strong>wei\u00dfe Voids<\/strong><\/em>. Die Spieler haben dann 4 Sekunden Zeit aus der Void rauszulaufen. Ansonsten werden sie gestunnt und erhalten Schaden.<\/p>\n<p>Ein zuf\u00e4lliger Spieler erh\u00e4lt einen orangen Debuff und\u00a0wird mit 10 <em><strong>orangenen Voids<\/strong> <\/em>belegt. Welche er in regelm\u00e4\u00dfigen Abst\u00e4nden auf dem Boden ablegt. Der entsprechende Spieler sollte sich also von der Gruppe entfernen und die Voids abseits ablegen.<\/p>\n<p>Ein zuf\u00e4lliger Spieler wird von einer <em><strong>langen Void<\/strong> <\/em>anvisiert. Der Boss castet diese Void\u00a0drei Sekunden lang. Der anvisierte Spieler kann dem nicht ausweichen und sollte einfach an Ort und Stelle stehen bleiben. Alle anderen Spielern sollten sich schleunigst von dem anvisierten Spieler entfernen, da sie ansonsten mit einem DOT belegt werden.<\/p>\n<h1>2 &#8211; Farbige Voids<\/h1>\n<p>Durch einen roten Text in der Bildschirmmitte wird eine besondere Phase im Bosskampf eingeleitet. An unterschiedlichen Positionen im Raum erscheinen farbige Voids, welche den Spielern verschiedene Buffs verleihen. Diese Voids erinnern ein wenig an den Bosskampf mit Revan auf Yavin 4.<\/p>\n<ul>\n<li>lilane Void: +10% Energie-\/Machtregeneration<\/li>\n<li>gelbe Void: +15% erhaltene und verursachte Heilung<\/li>\n<li>gr\u00fcne Void: -15% erhaltenen Schaden<\/li>\n<li>rote Void: +20% verursachten Schaden<\/li>\n<\/ul>\n<p>Die Void verschwindet, sobald ein Spieler sie betreten hat. Der entsprechende Buff h\u00e4lt eine Minute an. Jeder Spieler kann nur einen Buff besitzen. Die nicht verbrauchten Voids verschwinden nach ca. 25 Sekunden.<\/p>\n<p>Kurz nachdem die Voids verschwunden sind, l\u00e4uft der Boss zu einem der Risse und beginnt eine F\u00e4higkeit f\u00fcr 20 Sekunden zu kanalisieren. Der entsprechende Riff wird daraufhin in vier farbige Zonen aufgeteilt (Lila \/ Gelb \/ Gr\u00fcn \/ Rot). Zwei Spieler m\u00fcssen daraufhin in die entsprechende Farbe ihres Debuffs, den sie sich vorher geholt haben,\u00a0laufen um die F\u00e4higkeit abzubrechen. Sollte man es nicht rechtzeitig schaffen, erleidet die gesamte Gruppe massiven Schaden.<\/p>\n<p>Es sollte also sichergestellt werden, dass immer mindestens zwei Spieler \u00fcber entsprechende Buffs verf\u00fcgen um den Riss zu \u201cverschlie\u00dfen\u201d.<\/p>\n<h1>3 &#8211; Tanken<\/h1>\n<p>Der Boss stapelt auf dem aktuellen Tank einen Debuff, welcher die R\u00fcstung reduziert. Au\u00dferdem erleidet man regelm\u00e4\u00dfigen Blutungsschaden. Die Tanks sollten bei 2 bis 3 Stacks den Boss abspotten. Bei vier Stacks erleidet man einen zus\u00e4tzlichen Debuff, welcher das Bewegungstempo um 25% und den ausgeteilten Schaden um 75% reduziert. Wir empfehlen nach M\u00f6glichkeit bereits nach dem ersten Stack abzuspotten.<\/p>\n<p>Wichtig, der Boss sollte niemals auf einem Riss getankt werden, da er ansonsten weniger Schaden erleidet und st\u00e4rker austeilt.<\/p>\n<p>Dieser OP-Boss hat einen Enragetimer von 9:45 Minuten.<\/p>\n<p>Have Fun und gut Loot.<\/p>\n<p>Euer Avoram<\/p>\n","protected":false},"excerpt":{"rendered":"<p>Dieser Boss ist sehr Voidlastig daher erfolgt die Bosserkl\u00e4rung in Voids. 1 &#8211; Voids Als erstes\u00a0sollten die Spieler niemals in den lilanen Rissen stehen. Ansonsten erhalten sie einen Debuff, der die erhaltene Heilung um 50% und das Beweungstempo um 90% reduziert. \u00dcber den gesamten Kampf spawnen unter jeden einzelnen Spieler wei\u00dfe Voids. Die Spieler haben &hellip; <a href=\"https:\/\/www.tarvix-corporation.de\/?page_id=1530\" class=\"more-link\"><span class=\"screen-reader-text\">Gewaltiger Monolith<\/span> weiterlesen <span class=\"meta-nav\">&rarr;<\/span><\/a><\/p>\n","protected":false},"author":3,"featured_media":0,"parent":1455,"menu_order":2,"comment_status":"closed","ping_status":"closed","template":"","meta":{"jetpack_post_was_ever_published":false,"footnotes":""},"class_list":["post-1530","page","type-page","status-publish","hentry"],"jetpack_sharing_enabled":true,"jetpack_shortlink":"https:\/\/wp.me\/P5i8fx-oG","jetpack-related-posts":[],"_links":{"self":[{"href":"https:\/\/www.tarvix-corporation.de\/index.php?rest_route=\/wp\/v2\/pages\/1530","targetHints":{"allow":["GET"]}}],"collection":[{"href":"https:\/\/www.tarvix-corporation.de\/index.php?rest_route=\/wp\/v2\/pages"}],"about":[{"href":"https:\/\/www.tarvix-corporation.de\/index.php?rest_route=\/wp\/v2\/types\/page"}],"author":[{"embeddable":true,"href":"https:\/\/www.tarvix-corporation.de\/index.php?rest_route=\/wp\/v2\/users\/3"}],"replies":[{"embeddable":true,"href":"https:\/\/www.tarvix-corporation.de\/index.php?rest_route=%2Fwp%2Fv2%2Fcomments&post=1530"}],"version-history":[{"count":5,"href":"https:\/\/www.tarvix-corporation.de\/index.php?rest_route=\/wp\/v2\/pages\/1530\/revisions"}],"predecessor-version":[{"id":1539,"href":"https:\/\/www.tarvix-corporation.de\/index.php?rest_route=\/wp\/v2\/pages\/1530\/revisions\/1539"}],"up":[{"embeddable":true,"href":"https:\/\/www.tarvix-corporation.de\/index.php?rest_route=\/wp\/v2\/pages\/1455"}],"wp:attachment":[{"href":"https:\/\/www.tarvix-corporation.de\/index.php?rest_route=%2Fwp%2Fv2%2Fmedia&parent=1530"}],"curies":[{"name":"wp","href":"https:\/\/api.w.org\/{rel}","templated":true}]}}