{"id":191,"date":"2013-09-23T11:02:26","date_gmt":"2013-09-23T11:02:26","guid":{"rendered":"http:\/\/tarvix-corporation.de\/?page_id=191"},"modified":"2015-05-06T14:27:03","modified_gmt":"2015-05-06T14:27:03","slug":"toborroshof","status":"publish","type":"page","link":"https:\/\/www.tarvix-corporation.de\/?page_id=191","title":{"rendered":"Toborroshof"},"content":{"rendered":"\n<div class=\"twitter-share\"><a href=\"https:\/\/twitter.com\/intent\/tweet?via=Zaseesh\" class=\"twitter-share-button\" data-size=\"large\">Twittern<\/a><\/div>\n<h1><span style=\"text-decoration: underline;\">Ablauf<\/span><\/h1>\n<p>Auf Position 1 steht der Boss Goldwut, er wird angetankt und zum Tor gedreht. In der ersten Runde gehen alle auf Goldwut. \u00a0Zwischendurch gibt es Orbitalanschl\u00e4ge (Orbi), welche f\u00fcr den Healer, mit Charaktername und Orbi, angesagt werden sollten. Wenn der Cast einsetzt, welcher durch ein Warnsignal angek\u00fcndigt wird, m\u00fcssen alle den mittleren Bereich verlassen und sich auf Position 4 und 5 verteilen. Nach dem Cast muss die Gruppe neu aufgeteilt werden. Ein Tank geht auf Position 1 und tankt Goldwut wieder an. Der zweite Tank nimmt sich die Adds auf Position 2 und 3 vor und bleibt an dem auf Position 2. Auf Position 4 stellen sich idealerweise Range DD&#8217;s auf um den Add auf Position 3 zu legen und danach den Add auf Position 2. Nach M\u00f6glichkeit sollte ein DD reichen,\u00a0sollte der\u00a0Schaden nicht reichen bleibt ein zweiter DD zur Unterst\u00fctzung. Ist\u00a0der Add auf Position 3 gelegt unterst\u00fctzt er den Kampf auf Goldwut. Der Heiler geht auf Position 4 und sorgt f\u00fcr Heilung im hinteren Bereich.\u00a0Der zweite Heiler und Range DD&#8217;s gehen auf Position 5. Die restlichen DD&#8217;s gehen auf Position 1 und machen ordentlichen Schaden. Dies wiederholt sich bis Goldwut auf 20% runter ist. Dann beginnt die zweite Phase, ein sogenannter Softanrage. In dieser Phase geht ein kontinuierlicher Schaden auf die ganze Gruppe im 5 Sekunden Takt. Um das ganze schnell zu beenden, sollten alle auf den Boss gehen und\u00a0den gr\u00f6\u00dftm\u00f6glichen Schaden austeilen, um den Boss schnell zu legen. In dieser Phase k\u00f6nnen die Isotop-5 Beh\u00e4lter vom Tanks zerschlagen werden welcher Goldwut kontrolliert\u00a0um den Schaden auf sich selbst um 50 % zu reduzieren. Im Hardmode sollten grunds\u00e4tzlich die Beh\u00e4lter von den Tanks zerschlagen werden. Dies sollte zum Start des Kampfes sein und danach jede zweite Runde. Dies gilt f\u00fcr beide Tanks.<\/p>\n<figure id=\"attachment_234\" aria-describedby=\"caption-attachment-234\" style=\"width: 286px\" class=\"wp-caption aligncenter\"><a href=\"https:\/\/i0.wp.com\/tarvix-corporation.de\/wp-content\/uploads\/2013\/10\/Toborros_Hof.jpg\"><img data-recalc-dims=\"1\" loading=\"lazy\" decoding=\"async\" data-attachment-id=\"234\" data-permalink=\"https:\/\/www.tarvix-corporation.de\/?attachment_id=234\" data-orig-file=\"https:\/\/i0.wp.com\/www.tarvix-corporation.de\/wp-content\/uploads\/2013\/10\/Toborros_Hof.jpg?fit=1030%2C1080&amp;ssl=1\" data-orig-size=\"1030,1080\" data-comments-opened=\"1\" data-image-meta=\"{&quot;aperture&quot;:&quot;0&quot;,&quot;credit&quot;:&quot;&quot;,&quot;camera&quot;:&quot;&quot;,&quot;caption&quot;:&quot;&quot;,&quot;created_timestamp&quot;:&quot;0&quot;,&quot;copyright&quot;:&quot;&quot;,&quot;focal_length&quot;:&quot;0&quot;,&quot;iso&quot;:&quot;0&quot;,&quot;shutter_speed&quot;:&quot;0&quot;,&quot;title&quot;:&quot;&quot;}\" data-image-title=\"Toborros_Hof\" data-image-description=\"\" data-image-caption=\"\" data-medium-file=\"https:\/\/i0.wp.com\/www.tarvix-corporation.de\/wp-content\/uploads\/2013\/10\/Toborros_Hof.jpg?fit=286%2C300&amp;ssl=1\" data-large-file=\"https:\/\/i0.wp.com\/www.tarvix-corporation.de\/wp-content\/uploads\/2013\/10\/Toborros_Hof.jpg?fit=474%2C497&amp;ssl=1\" class=\"size-medium wp-image-234 \" title=\"Aufstellung Toborros Hof\" alt=\"Toborros_Hof\" src=\"https:\/\/i0.wp.com\/tarvix-corporation.de\/wp-content\/uploads\/2013\/10\/Toborros_Hof-286x300.jpg?resize=286%2C300\" width=\"286\" height=\"300\" srcset=\"https:\/\/i0.wp.com\/www.tarvix-corporation.de\/wp-content\/uploads\/2013\/10\/Toborros_Hof.jpg?resize=286%2C300&amp;ssl=1 286w, https:\/\/i0.wp.com\/www.tarvix-corporation.de\/wp-content\/uploads\/2013\/10\/Toborros_Hof.jpg?resize=976%2C1024&amp;ssl=1 976w, https:\/\/i0.wp.com\/www.tarvix-corporation.de\/wp-content\/uploads\/2013\/10\/Toborros_Hof.jpg?w=1030&amp;ssl=1 1030w\" sizes=\"auto, (max-width: 286px) 100vw, 286px\" \/><\/a><figcaption id=\"caption-attachment-234\" class=\"wp-caption-text\">Aufstellung Toborros Hof<\/figcaption><\/figure>\n<h1><span style=\"text-decoration: underline;\">SM 8 Personen<\/span><\/h1>\n<h2>Aufstellung<\/h2>\n<p>1 Tank<\/p>\n<p>5 DD\u00b4s<\/p>\n<p>2 Heal<\/p>\n<h2>In dieser Aufstellung bekommt ein DD die Aufgabe die Add\u00b4s zu Tanken und der hintere Heal sollte ein besonderes Augenmerk auf den DD haben da dieser mehr Heilung ben\u00f6tigt.<\/h2>\n<h1><span style=\"text-decoration: underline;\">HM 8 Personen<\/span><\/h1>\n<h2>Aufstellung<\/h2>\n<p>2 Tanks<\/p>\n<p>4 DD\u00b4s<\/p>\n<p>2 Heal<\/p>\n<p>&nbsp;<\/p>\n<p>&nbsp;<\/p>\n","protected":false},"excerpt":{"rendered":"<p>Ablauf Auf Position 1 steht der Boss Goldwut, er wird angetankt und zum Tor gedreht. In der ersten Runde gehen alle auf Goldwut. \u00a0Zwischendurch gibt es Orbitalanschl\u00e4ge (Orbi), welche f\u00fcr den Healer, mit Charaktername und Orbi, angesagt werden sollten. Wenn der Cast einsetzt, welcher durch ein Warnsignal angek\u00fcndigt wird, m\u00fcssen alle den mittleren Bereich verlassen &hellip; <a href=\"https:\/\/www.tarvix-corporation.de\/?page_id=191\" class=\"more-link\"><span class=\"screen-reader-text\">Toborroshof<\/span> weiterlesen <span class=\"meta-nav\">&rarr;<\/span><\/a><\/p>\n","protected":false},"author":3,"featured_media":0,"parent":1452,"menu_order":5,"comment_status":"closed","ping_status":"closed","template":"","meta":{"jetpack_post_was_ever_published":false,"footnotes":""},"class_list":["post-191","page","type-page","status-publish","hentry"],"jetpack_sharing_enabled":true,"jetpack_shortlink":"https:\/\/wp.me\/P5i8fx-35","jetpack-related-posts":[],"_links":{"self":[{"href":"https:\/\/www.tarvix-corporation.de\/index.php?rest_route=\/wp\/v2\/pages\/191","targetHints":{"allow":["GET"]}}],"collection":[{"href":"https:\/\/www.tarvix-corporation.de\/index.php?rest_route=\/wp\/v2\/pages"}],"about":[{"href":"https:\/\/www.tarvix-corporation.de\/index.php?rest_route=\/wp\/v2\/types\/page"}],"author":[{"embeddable":true,"href":"https:\/\/www.tarvix-corporation.de\/index.php?rest_route=\/wp\/v2\/users\/3"}],"replies":[{"embeddable":true,"href":"https:\/\/www.tarvix-corporation.de\/index.php?rest_route=%2Fwp%2Fv2%2Fcomments&post=191"}],"version-history":[{"count":8,"href":"https:\/\/www.tarvix-corporation.de\/index.php?rest_route=\/wp\/v2\/pages\/191\/revisions"}],"predecessor-version":[{"id":252,"href":"https:\/\/www.tarvix-corporation.de\/index.php?rest_route=\/wp\/v2\/pages\/191\/revisions\/252"}],"up":[{"embeddable":true,"href":"https:\/\/www.tarvix-corporation.de\/index.php?rest_route=\/wp\/v2\/pages\/1452"}],"wp:attachment":[{"href":"https:\/\/www.tarvix-corporation.de\/index.php?rest_route=%2Fwp%2Fv2%2Fmedia&parent=191"}],"curies":[{"name":"wp","href":"https:\/\/api.w.org\/{rel}","templated":true}]}}