{"id":2110,"date":"2015-11-02T08:10:45","date_gmt":"2015-11-02T08:10:45","guid":{"rendered":"http:\/\/tarvix-corporation.de\/?page_id=2110"},"modified":"2015-11-02T08:52:53","modified_gmt":"2015-11-02T08:52:53","slug":"revolverheld-schmuggler","status":"publish","type":"page","link":"https:\/\/www.tarvix-corporation.de\/?page_id=2110","title":{"rendered":"Revolverheld (Schmuggler)"},"content":{"rendered":"\n<div class=\"twitter-share\"><a href=\"https:\/\/twitter.com\/intent\/tweet?via=Zaseesh\" class=\"twitter-share-button\" data-size=\"large\">Twittern<\/a><\/div>\n<h4>Meistersch\u00fctze<\/h4>\n<p>Pr\u00e4zision (110%) &gt;= List &gt; Wogenwert (70%) &gt; Kritische Trefferchance (25%) &gt; Schnelligkeit &gt; Angriffskraft<\/p>\n<h4>Sabotage<\/h4>\n<p>Pr\u00e4zision (110%) &gt;= List &gt; Kritische Trefferchance (25%) &gt; Schnelligkeit =&gt; Wogenwert (70%) &gt; Angriffskraft<\/p>\n<h4>Fieser Kampf<\/h4>\n<p>Pr\u00e4zision (110%) &gt;= List &gt; Wogenwert (70%) &gt; Kritische Trefferchance (25%) &gt; Schnelligkeit &gt; Angriffskraft<\/p>\n<h3 id=\"Meistersch\u00fctze\">Meistersch\u00fctze<\/h3>\n<p>Als Meistersch\u00fctze erlernt ihr die Kerntalente <strong>Gezielter Schuss<\/strong>, <strong>Durchdringende Geschosse<\/strong>, <strong>Trickschuss<\/strong> und <strong>Ladungshagel<\/strong>. Der Meistersch\u00fctze verl\u00e4sst sich vor allem auf seine F\u00e4higkeiten im Umgang mit seinen beiden Blastern. So f\u00fcgt er seinen Gegnern vor allem direkten Schaden zu.<\/p>\n<p>Dabei werden euch vor allem die folgenden Funktionen hilfreich sein:<\/p>\n<h4>Fachkundig:<\/h4>\n<ul>\n<li><strong>Ballistikd\u00e4mpfer<\/strong> \u2013 Wenn ihr in Deckung geht, erhaltet ihr 3 Stapel <strong>Ballistikd\u00e4mpfer<\/strong>, die euren erhaltenen Schaden reduzieren. So k\u00f6nnt ihr eure Heiler unterst\u00fctzen und seid weniger anf\u00e4llig f\u00fcr Schaden.<\/li>\n<li><strong>Gelassen unter Druck<\/strong> \u2013 So lange ihr euch in Deckung befindet, wird die Regeneration eurer Lebenspunkte reduziert. So seid ihr leichter zu heilen und am Leben zu halten.<\/li>\n<li><strong>Blitzschuss<\/strong> \u2013 Eure <strong>Ladungssalve<\/strong> kann sofort eingesetzt werden, nachdem ihr euch in Deckung begeben habt.<\/li>\n<li><strong>Effiziente Munition<\/strong> \u2013 Der Schaden eurer <strong>Blastersalve<\/strong> wird erh\u00f6ht. Dies steigert euren Gruppenschaden deutlich.<\/li>\n<\/ul>\n<h4>Meisterlich:<\/h4>\n<ul>\n<li><strong>Hellwach<\/strong> \u2013 Euer Bewegungstempo wird kurzzeitig erh\u00f6ht und ihr seid immun gegen bewegungseinschr\u00e4nkende Effekte, wenn ihr eure Deckung verlasst oder euer <strong>Niederkauern<\/strong> endet. So werdet ihr im Kampf deutlich mobiler.<\/li>\n<li><strong>Kurzgeschlossene Verteidigung<\/strong> \u2013 Euer <strong>Verteidigungsschirm<\/strong> absorbiert mehr Schaden, wodurch ihr widerstandsf\u00e4higer werdet und es euren Heilern leichter f\u00e4llt, euch am Leben zu halten.<\/li>\n<li><strong>Flach am Boden<\/strong> \u2013 Die Abklingzeit von <strong>Niederkauern<\/strong> wird reduziert. Dies wird euch vor allem dann n\u00fctzlich sein, wenn ihr gegen Bosse k\u00e4mpft, die viel CC verwenden.<\/li>\n<li><strong>Verfolgungsjagd<\/strong> \u2013 Wenn ihr eure Deckung verlasst, kosten die n\u00e4chsten Eins\u00e4tze eures <strong>Schnellschusses<\/strong> f\u00fcr kurze Zeit keine Energie. Vor allem wenn ihr gerade wenig Energie habt, k\u00f6nnt ihr euren Schaden so deutlich steigern.<\/li>\n<\/ul>\n<h4>Heldenhaft:<\/h4>\n<ul>\n<li><strong>Verschanzt<\/strong> \u2013 So lange <strong>Niederkauern<\/strong> aktiv ist, wird zus\u00e4tzlich der Wirkungsbereichsschaden, den ihr erleidet, verringert. Vor allem bei Encountern, bei denen viel gegnerischer AoE auftritt, wird diese F\u00e4higkeit euch helfen am Leben zu bleiben.<\/li>\n<li><strong>Aufstandsschirm<\/strong> \u2013 Verringert die Abklingzeit eures <strong>St\u00f6rfelds<\/strong>. Zus\u00e4tzlich wird der Schaden, den ihr in Deckung erleidet, reduziert. So werdet ihr weniger anf\u00e4llig f\u00fcr Schaden.<\/li>\n<li><strong>Stellung halten<\/strong> \u2013 Reduziert den Cooldown einiger eurer defensiven F\u00e4higkeiten. Dies wird euch vor allem bei K\u00e4mpfen helfen, in denen ihr euch oft von den Kontrolleffekten der Gegner befreien m\u00fcsst.<\/li>\n<\/ul>\n<h3 id=\"Sabotage\">Sabotage<\/h3>\n<p>Die Kerntalente des Sabotage-Revolverhelden sind <strong>Sabotageladung<\/strong>, <strong>Schockladung<\/strong>, <strong>Brandgranate<\/strong> und <strong>Sabotage<\/strong>. Damit verl\u00e4sst sich der Sabotage-Revolverheld nicht nur auf seine beiden Blaster, sondern setzt zus\u00e4tzlich verschiedene Sprengladungen und Granaten ein, um seine Gegner zu besiegen. Dadurch ist er sehr gut darin, Schaden an mehreren Gegnern gleichzeitig zu verursachen, da viele seiner Sprengladungen mehrere Gegner treffen. Dabei setzt er eine Mischung aus DoTs und direktem Schaden ein.<\/p>\n<p>Vor allem die folgenden Funktionen werden euch bei dieser Spielweise hilfreich sein:<\/p>\n<h4>Fachkundig:<\/h4>\n<ul>\n<li><strong>Ballistikd\u00e4mpfer<\/strong> \u2013 Wenn ihr in Deckung geht, erhaltet ihr 3 Stapel <strong>Ballistikd\u00e4mpfer<\/strong>, die euren erhaltenen Schaden reduzieren. So k\u00f6nnt ihr eure Heiler unterst\u00fctzen und seid weniger anf\u00e4llig f\u00fcr Schaden.<\/li>\n<li><strong>Gelassen unter Druck<\/strong> \u2013 So lange ihr euch in Deckung befindet, wird die Regeneration eurer Lebenspunkte reduziert. So seid ihr leichter zu heilen und am Leben zu halten.<\/li>\n<li><strong>Blitzschuss<\/strong> \u2013 Eure <strong>Ladungssalve<\/strong> kann sofort eingesetzt werden, nachdem ihr euch in Deckung begeben habt.<\/li>\n<li><strong>Effiziente Munition<\/strong> \u2013 Der Schaden eurer Blastersalve wird erh\u00f6ht. Dies steigert euren Gruppenschaden deutlich.<\/li>\n<\/ul>\n<h4>Meisterlich:<\/h4>\n<ul>\n<li><strong>Hellwach<\/strong> \u2013 Euer Bewegungstempo wird kurzzeitig erh\u00f6ht und ihr seid immun gegen bewegungseinschr\u00e4nkende Effekte, wenn ihr eure Deckung verlasst oder euer <strong>Niederkauern<\/strong> endet. So werdet ihr im Kampf deutlich mobiler.<\/li>\n<li><strong>Kurzgeschlossene Verteidigung<\/strong> \u2013 Euer <strong>Verteidigungsschirm<\/strong> absorbiert mehr Schaden, wodurch ihr widerstandsf\u00e4higer werdet und es euren Heilern leichter f\u00e4llt, euch am Leben zu halten.<\/li>\n<li><strong>Flach am Boden<\/strong> \u2013 Die Abklingzeit von <strong>Niederkauern<\/strong> wird reduziert. Dies wird euch vor allem dann n\u00fctzlich sein, wenn ihr gegen Bosse k\u00e4mpft, die viel CC verwenden.<\/li>\n<li><strong>Verfolgungsjagd<\/strong> \u2013 Wenn ihr eure Deckung verlasst, kosten die n\u00e4chsten Eins\u00e4tze eures <strong>Schnellschusses<\/strong> f\u00fcr kurze Zeit keine Energie. Vor allem wenn ihr gerade wenig Energie habt, k\u00f6nnt ihr euren Schaden so deutlich steigern.<\/li>\n<\/ul>\n<h4>Heldenhaft:<\/h4>\n<ul>\n<li><strong>Verschanzt<\/strong> \u2013 So lange <strong>Niederkauern<\/strong> aktiv ist, wird zus\u00e4tzlich der Wirkungsbereichsschaden, den ihr erleidet, verringert. Vor allem bei Encountern, bei denen viel gegnerischer AoE auftritt, wird diese F\u00e4higkeit euch helfen am Leben zu bleiben.<\/li>\n<li><strong>Aufstandsschirm<\/strong> \u2013 Verringert die Abklingzeit eures St\u00f6rfelds. Zus\u00e4tzlich wird der Schaden, den ihr in Deckung erleidet, reduziert. So werdet ihr weniger anf\u00e4llig f\u00fcr Schaden.<\/li>\n<li><strong>Stellung halten<\/strong> \u2013 Reduziert den Cooldown einiger eurer defensiven F\u00e4higkeiten. Dies wird euch vor allem bei K\u00e4mpfen helfen, in denen ihr euch oft von den Kontrolleffekten der Gegner befreien m\u00fcsst.<\/li>\n<\/ul>\n<h3 id=\"Fieser K\u00e4mpfer\">Fieser K\u00e4mpfer<\/h3>\n<p>Der Fiese K\u00e4mpfer verwendet eine Kombination aus Blastersch\u00fcssen und Sprengladungen. Dabei greift er stark auf Blutungseffekte, die Schaden \u00fcber Zeit verursachen, zur\u00fcck. Seine Kerntalente sind <strong>Splitterbombe<\/strong>, <strong>Verwundende Sch\u00fcsse<\/strong>, <strong>Blutungssalve<\/strong> und <strong>Fiese Explosion<\/strong>.<\/p>\n<h4>Fachkundig:<\/h4>\n<ul>\n<li><strong>Ballistikd\u00e4mpfer<\/strong> \u2013 Wenn ihr in Deckung geht, erhaltet ihr 3 Stapel <strong>Ballistikd\u00e4mpfer<\/strong>, die euren erhaltenen Schaden reduzieren. So k\u00f6nnt ihr eure Heiler unterst\u00fctzen und seid weniger anf\u00e4llig f\u00fcr Schaden.<\/li>\n<li><strong>Gelassen unter Druck<\/strong> \u2013 So lange ihr euch in Deckung befindet, wird die Regeneration eurer Lebenspunkte reduziert. So seid ihr leichter zu heilen und am Leben zu halten.<\/li>\n<li><strong>Blitzschuss<\/strong> \u2013 Eure <strong>Ladungssalve<\/strong> und <strong>Fiese Explosion<\/strong> k\u00f6nnen sofort eingesetzt werden, nachdem ihr euch in Deckung begeben habt.<\/li>\n<li><strong>Effiziente Munition<\/strong> \u2013 Der Schaden eurer Blastersalve wird erh\u00f6ht. Dies steigert euren Gruppenschaden deutlich.<\/li>\n<\/ul>\n<h4>Meisterlich:<\/h4>\n<ul>\n<li><strong>Hellwach<\/strong> \u2013 Euer Bewegungstempo wird kurzzeitig erh\u00f6ht und ihr seid immun gegen bewegungseinschr\u00e4nkende Effekte, wenn ihr eure Deckung verlasst oder euer <strong>Niederkauern<\/strong> endet. So werdet ihr im Kampf deutlich mobiler.<\/li>\n<li><strong>Kurzgeschlossene Verteidigung<\/strong> \u2013 Euer <strong>Verteidigungsschirm<\/strong> absorbiert mehr Schaden, wodurch ihr widerstandsf\u00e4higer werdet und es euren Heilern leichter f\u00e4llt, euch am Leben zu halten.<\/li>\n<li><strong>Flach am Boden<\/strong> \u2013 Die Abklingzeit von <strong>Niederkauern<\/strong> wird reduziert. Dies wird euch vor allem dann n\u00fctzlich sein, wenn ihr gegen Bosse k\u00e4mpft, die viel CC verwenden.<\/li>\n<li><strong>Verfolgungsjagd<\/strong> \u2013 Wenn ihr eure Deckung verlasst, kosten die n\u00e4chsten Eins\u00e4tze eures <strong>Schnellschusses<\/strong> f\u00fcr kurze Zeit keine Energie. Vor allem wenn ihr gerade wenig Energie habt, k\u00f6nnt ihr euren Schaden so deutlich steigern.<\/li>\n<\/ul>\n<h4>Heldenhaft:<\/h4>\n<ul>\n<li><strong>Verschanzt<\/strong> \u2013 So lange <strong>Niederkauern<\/strong> aktiv ist, wird zus\u00e4tzlich der Wirkungsbereichsschaden, den ihr erleidet, verringert. Vor allem bei Encountern, bei denen viel gegnerischer AoE auftritt, wird diese F\u00e4higkeit euch helfen am Leben zu bleiben.<\/li>\n<li><strong>Aufstandsschirm<\/strong> \u2013 Verringert die Abklingzeit eures <strong>St\u00f6rfelds<\/strong>. Zus\u00e4tzlich wird der Schaden, den ihr in Deckung erleidet, reduziert. So werdet ihr weniger anf\u00e4llig f\u00fcr Schaden.<\/li>\n<li><strong>Stellung halten<\/strong> \u2013 Reduziert den Cooldown einiger eurer defensiven F\u00e4higkeiten. Dies wird euch vor allem bei K\u00e4mpfen helfen, in denen ihr euch oft von den Kontrolleffekten der Gegner befreien m\u00fcsst.<\/li>\n<\/ul>\n<h2 id=\"Spielweise\">Spielweise<\/h2>\n<p>Die Single Target Priorit\u00e4tsliste maximiert euren Schaden an einzelnen Zielen. Sie ergibt sich daraus, dass bestimmte F\u00e4higkeiten besonders wichtig sind und deswegen so oft wie m\u00f6glich eingesetzt werden sollten, bzw. bestimmte Effekte immer auf dem Ziel sein sollten. Neben der einfachen Reihenfolge, findet ihr hier auch Hinweise auf die Synergien der einzelnen F\u00e4higkeiten. Effekte, die Schaden \u00fcber Zeit verursachen, sollten dabei aufrechterhalten, aber nicht durch zu fr\u00fchen Wiedereinsatz \u00fcberschrieben werden.<\/p>\n<h3 id=\"Meistersch\u00fctzeSW\">Meistersch\u00fctze<\/h3>\n<p><strong>Priorit\u00e4tsliste:<\/strong><\/p>\n<ol>\n<li><strong>Vitalschuss<\/strong> \u2013 markiert das Ziel, wodurch es mehr Schaden durch Fernkampfangriffe erleidet<\/li>\n<li><strong>Durchdringende Geschosse<\/strong> \u2013 Spaltet das Ziel und reduziert seine R\u00fcstung<\/li>\n<li><strong>Trickschuss<\/strong> \u2013 wenn verf\u00fcgbar<\/li>\n<li><strong>Schnellziehen<\/strong> \u2013 wenn Ziel unter 30% Lebenspunkte<\/li>\n<li><strong>Gezielter Schuss<\/strong> \u2013 am besten mit 3 Stapeln <strong>Scharfe Sch\u00fcsse<\/strong><\/li>\n<li><strong>Ladungssalve<\/strong> \u2013 gibt euch <strong>Geladenes Zielen<\/strong> und <strong>Scharfe Sch\u00fcsse<\/strong><\/li>\n<li><strong>Schnellschuss<\/strong><\/li>\n<li><strong>Schusswirbel<\/strong> \u2013 wenn ihr wenig Energie habt<\/li>\n<\/ol>\n<p><strong>Mehrere Ziele (AOE)<\/strong><br \/>\nF\u00fchrt die F\u00e4higkeiten in der folgenden Reihenfolge f\u00fcr optimalen Schaden auf mehrere Ziele aus.<\/p>\n<ol>\n<li><strong>XS-Frachterflug<\/strong><\/li>\n<li><strong>Thermalgranate<\/strong><\/li>\n<li><strong>Blastersalve<\/strong><\/li>\n<\/ol>\n<p><strong>Burst Cooldowns<\/strong><br \/>\nDurch den Einsatz Burst Cooldowns k\u00f6nnt ihr euren Schaden kurzzeitig erh\u00f6hen.<\/p>\n<ul>\n<li><strong>Ladungshagel<\/strong> \u2013 Beendet die Abklingzeit von <strong>Durchdringende Geschosse<\/strong> und regeneriert Energie. Benutzt diese F\u00e4higkeit, wann immer sie bereit ist.<\/li>\n<li><strong>K\u00fchler Kopf<\/strong> \u2013 Setzt diese F\u00e4higkeit ein, so bald eure Energie unter 50 f\u00e4llt. Anschlie\u00dfend verwendet ihr sie auf Cooldown, wenn ihr Energie braucht.<\/li>\n<li><strong>Schmugglergl\u00fcck<\/strong> \u2013 Setzt diese F\u00e4higkeit immer ein, wenn sie bereit ist.<\/li>\n<li><strong>Illegale Modifikationen<\/strong> \u2013 Setzt diese F\u00e4higkeit immer ein, wenn sie bereit ist.<\/li>\n<\/ul>\n<p><strong>\u00dcberlebensf\u00e4higkeiten<\/strong><br \/>\nMit \u00dcberlebensf\u00e4higkeiten k\u00f6nnt ihr in Notsituationen euer \u00dcberleben sichern und\/oder eure Heiler unterst\u00fctzen.<\/p>\n<ul>\n<li><strong>St\u00f6rfeld<\/strong> \u2013 Ein sch\u00fctzender Schild, der einkommenden Schaden reduziert, umgibt euch und Operationsmitglieder in eurer N\u00e4he. Setzt diese F\u00e4higkeit immer ein, wenn sie bereit ist und ein Gegner Gruppenschaden verursacht.<\/li>\n<li><strong>Abhauen<\/strong> \u2013 Ihr rollt rasch in die n\u00e4chste Deckung. Dabei werdet ihr zus\u00e4tzlich von bewegungseinschr\u00e4nkenden Effekten befreit und werdet, w\u00e4hrend ihr rollt, schlechter von feindlichen Angriffen getroffen. Setzt diese F\u00e4higkeit ein, um feindlichen Angriffen auszuweichen oder euch von bewegungseinschr\u00e4nkenden Effekten zu reinigen.<\/li>\n<li><strong>Kapitulation<\/strong> \u2013 Eure Bedrohung wird reduziert. Diese F\u00e4higkeit sollte eingesetzt werden, wenn ihr Gefahr lauft Aggro zu ziehen oder sie bereits versehentlich gezogen habt.<\/li>\n<li><strong>Entkommen<\/strong> \u2013 Befreit euch von fast allen CC-Effekten. Die Abklingzeit ist relativ lang, darum solltet ihr diese F\u00e4higkeit gezielt einsetzen.<\/li>\n<li><strong>Ausweichen<\/strong> \u2013 Die Wahrscheinlichkeit mit der ihr Angriffen ausweicht wird kurzzeitig erh\u00f6ht. Setzt diese F\u00e4higkeit in Notf\u00e4llen ein.<\/li>\n<li><strong>Verteidigungsschirm<\/strong> \u2013 Der Schaden, den ihr erhaltet, wird reduziert. Da die Wirkungsdauer im Vergleich zum Cooldown relativ lang ist, solltet ihr diese F\u00e4higkeit immer einsetzen, wenn ihr in einem Kampf Schaden erleidet.<\/li>\n<li><strong>Niederkauern<\/strong> \u2013 Ihr werdet kurzzeitig immun gegen Kontrolleffekte. Setzt diese F\u00e4higkeit gezielt ein, bei K\u00e4mpfen in denen ihr von entsprechenden Effekten betroffen seid.<\/li>\n<\/ul>\n<h3 id=\"SabotageSW\">Sabotage<\/h3>\n<p><strong>Single Target Opener:<\/strong><\/p>\n<ol>\n<li><strong>Brandgranate<\/strong><\/li>\n<li><strong>Schockladung<\/strong><\/li>\n<li><strong>Sabotage<\/strong><\/li>\n<\/ol>\n<p>Priorit\u00e4ten Liste:<\/p>\n<ol>\n<li><strong>Vitalschuss<\/strong> \u2013 setzt Markieren auf das Ziel, wodurch es mehr Fernkampfschaden erleidet<\/li>\n<li><strong>Temposchuss<\/strong> \u2013 setzt einen Stapel <strong>Feuriges Tempo<\/strong> auf das Ziel<\/li>\n<li><strong>Sabotageladung<\/strong> \u2013 setzt <strong>Eventualit\u00e4tsladung<\/strong> auf das Ziel<\/li>\n<li><strong>Thermalgranate<\/strong> \u2013 setzt einen Stapel <strong>Feuriges Tempo<\/strong> auf das Ziel<\/li>\n<li><strong>Ladungssalve<\/strong> \u2013 setzt einen Stapel <strong>Feuriges Tempo<\/strong> auf das Ziel<\/li>\n<li><strong>Schwungvoller Schuss<\/strong> \u2013 Setzt <strong>Trauma<\/strong> auf das Ziel, wodurch es weniger Heilung erh\u00e4lt.<\/li>\n<li><strong>Brandgranate<\/strong><\/li>\n<li><strong>Schockladung<\/strong><\/li>\n<li>Sabotage \u2013 mit Brandgranate und Schockladung<\/li>\n<li><strong>Schnellziehen<\/strong> \u2013 wenn Ziel unter 30% Lebenspunkte<\/li>\n<li><strong>Schnellschuss<\/strong><\/li>\n<li><strong>Schusswirbel<\/strong> \u2013 wenn ihr wenig Energie habt<\/li>\n<\/ol>\n<p><strong>Feuriges Tempo<\/strong>:<br \/>\nDie oben beschriebene Priorit\u00e4t zielt darauf ab, den Effekt <strong>Feuriges Tempo<\/strong> auf dem Ziel aktiv zu halten. Diese F\u00e4higkeit kann bis zu 3x gestapelt werden. <strong>Thermalgranate<\/strong> und <strong>Ladungssalve<\/strong> haben deswegen so eine hohe Priorit\u00e4t, weil sie einen Stapel <strong>Feuriges Tempo<\/strong> auf das Ziel setzen. Sind bereits 3 Stapel auf dem Ziel, die nicht erneuert werden m\u00fcssen, sollten die beiden F\u00e4higkeiten ausgelassen werden.<\/p>\n<p><strong>Mehrere Ziele (AOE)<\/strong><br \/>\nPriorit\u00e4tsliste:<\/p>\n<ol>\n<li><strong>XS-Frachterflug<\/strong><\/li>\n<li><strong>Abhauen<\/strong> \u2013 verteilt <strong>Zerstreuerbomben<\/strong><\/li>\n<li><strong>Brandgranate<\/strong><\/li>\n<li><strong>Thermalgranate<\/strong><\/li>\n<li><strong>Blastersalve<\/strong><\/li>\n<\/ol>\n<p><strong>Burst Cooldowns<\/strong><br \/>\nDurch den Einsatz Burst Cooldowns k\u00f6nnt ihr euren Schaden kurzzeitig erh\u00f6hen.<\/p>\n<ul>\n<li><strong>K\u00fchler Kopf<\/strong> \u2013 Setzt diese F\u00e4higkeit ein, so bald eure Energie unter 50 f\u00e4llt. Anschlie\u00dfend verwendet ihr sie auf Cooldown, wenn ihr Energie braucht.<\/li>\n<li><strong>Schmugglergl\u00fcck<\/strong> \u2013 Setzt diese F\u00e4higkeit immer ein, wenn sie bereit ist.<\/li>\n<li><strong>Illegale Modifikationen<\/strong> \u2013 Setzt diese F\u00e4higkeit immer ein, wenn sie bereit ist.<\/li>\n<\/ul>\n<p>\u00dcberlebensf\u00e4higkeiten<br \/>\nMit \u00dcberlebensf\u00e4higkeiten k\u00f6nnt ihr in Notsituationen euer \u00dcberleben sichern und\/oder eure Heiler unterst\u00fctzen.<\/p>\n<ul>\n<li><strong>St\u00f6rfeld<\/strong> \u2013 Ein sch\u00fctzender Schild, der einkommenden Schaden reduziert, umgibt euch und Operationsmitglieder in eurer N\u00e4he. Setzt diese F\u00e4higkeit immer ein, wenn sie bereit ist und ein Gegner Gruppenschaden verursacht.<\/li>\n<li><strong>Abhauen<\/strong> \u2013 Ihr rollt rasch in die n\u00e4chste Deckung. Dabei werdet ihr zus\u00e4tzlich von bewegungseinschr\u00e4nkenden Effekten befreit und werdet, w\u00e4hrend ihr rollt, schlechter von feindlichen Angriffen getroffen. Setzt diese F\u00e4higkeit ein, um feindlichen Angriffen auszuweichen oder euch von bewegungseinschr\u00e4nkenden Effekten zu reinigen.<\/li>\n<li><strong>Kapitulation<\/strong> \u2013 Eure Bedrohung wird reduziert. Diese F\u00e4higkeit sollte eingesetzt werden, wenn ihr Gefahr lauft Aggro zu ziehen oder sie bereits versehentlich gezogen habt.<\/li>\n<li><strong>Entkommen<\/strong> \u2013 Befreit euch von fast allen CC-Effekten. Die Abklingzeit ist relativ lang, darum solltet ihr diese F\u00e4higkeit gezielt einsetzen.<\/li>\n<li><strong>Ausweichen<\/strong> \u2013 Die Wahrscheinlichkeit mit der ihr Angriffen ausweicht wird kurzzeitig erh\u00f6ht. Setzt diese F\u00e4higkeit in Notf\u00e4llen ein.<\/li>\n<li><strong>Verteidigungsschirm<\/strong> \u2013 Der Schaden, den ihr erhaltet, wird reduziert. Da die Wirkungsdauer im Vergleich zum Cooldown relativ lang ist, solltet ihr diese F\u00e4higkeit immer einsetzen, wenn ihr in einem Kampf Schaden erleidet.<\/li>\n<li><strong>Niederkauern<\/strong> \u2013 Ihr werdet kurzzeitig immun gegen Kontrolleffekte. Setzt diese F\u00e4higkeit gezielt ein, bei K\u00e4mpfen in denen ihr von entsprechenden Effekten betroffen seid.<\/li>\n<\/ul>\n<h3 id=\"Fieser K\u00e4mpferSW\">Fieser K\u00e4mpfer<\/h3>\n<p><strong>Single Target Opener:<\/strong><\/p>\n<ol>\n<li><strong>Vitalschuss<\/strong> \u2013 um das Ziel zu markieren<\/li>\n<li><strong>Splitterbombe<\/strong> \u2013 aufrechterhalten<\/li>\n<li><strong>Verwundende Sch\u00fcsse<\/strong> \u2013 Wenn beide DoT\u2019s auf dem Ziel aktiv sind<\/li>\n<\/ol>\n<p>Priorit\u00e4ten Liste:<\/p>\n<ol>\n<li><strong>Verwundende Sch\u00fcsse<\/strong> \u2013 dank <strong>Gemeine Sch\u00fcsse<\/strong> macht <strong>Verwundende Sch\u00fcsse<\/strong> auch dann zus\u00e4tzlichen Schaden, wenn <strong>Vitalschuss<\/strong> und <strong>Splitterbombe<\/strong> kurz zuvor ausgelaufen sind.<\/li>\n<li><strong>Vitalschuss<\/strong> \u2013 um das Ziel zu markieren<\/li>\n<li><strong>Splitterbombe<\/strong> \u2013 Nach M\u00f6glichkeit aufrechterhalten<\/li>\n<li><strong>Blutungssalve<\/strong><\/li>\n<li><strong>Fiese Explosion<\/strong><\/li>\n<li><strong>Schnellziehen<\/strong> \u2013 wenn Ziel unter 30% Lebenspunkte<\/li>\n<li><strong>Schnellschuss<\/strong><\/li>\n<li><strong>Schusswirbel<\/strong> \u2013 wenn ihr wenig Energie habt<\/li>\n<\/ol>\n<p><strong>Mehrere Ziele (AOE)<\/strong><br \/>\nPriorit\u00e4tsliste:<\/p>\n<ol>\n<li><strong>XS-Frachterflug<\/strong><\/li>\n<li><strong>Vitalschuss<\/strong> \u2013 auf ein Ziel<\/li>\n<li><strong>Splitterbombe<\/strong> \u2013 verteilt <strong>Vitalschuss<\/strong><\/li>\n<li><strong>Thermalgranate<\/strong><\/li>\n<li><strong>Blastersalve<\/strong><\/li>\n<\/ol>\n<p><strong>Burst Cooldowns<\/strong><br \/>\nDurch den Einsatz Burst Cooldowns k\u00f6nnt ihr euren Schaden kurzzeitig erh\u00f6hen.<\/p>\n<ul>\n<li><strong>K\u00fchler Kopf<\/strong> \u2013 Setzt diese F\u00e4higkeit ein, so bald eure Energie unter 50 f\u00e4llt. Anschlie\u00dfend verwendet ihr sie auf Cooldown, wenn ihr Energie braucht.<\/li>\n<li><strong>Schmugglergl\u00fcck<\/strong> \u2013 Setzt diese F\u00e4higkeit immer ein, wenn sie bereit ist.<\/li>\n<li><strong>Illegale Modifikationen<\/strong> \u2013 Setzt diese F\u00e4higkeit immer ein, wenn sie bereit ist.<\/li>\n<\/ul>\n<p><strong>\u00dcberlebensf\u00e4higkeiten<\/strong><br \/>\nMit \u00dcberlebensf\u00e4higkeiten k\u00f6nnt ihr in Notsituationen euer \u00dcberleben sichern und\/oder eure Heiler unterst\u00fctzen.<\/p>\n<ul>\n<li><strong>St\u00f6rfeld<\/strong> \u2013 Ein sch\u00fctzender Schild, der einkommenden Schaden reduziert, umgibt euch und Operationsmitglieder in eurer N\u00e4he. Setzt diese F\u00e4higkeit immer ein, wenn sie bereit ist und ein Gegner Gruppenschaden verursacht.<\/li>\n<li><strong>Abhauen<\/strong> \u2013 Ihr rollt rasch in die n\u00e4chste Deckung. Dabei werdet ihr zus\u00e4tzlich von bewegungseinschr\u00e4nkenden Effekten befreit und werdet, w\u00e4hrend ihr rollt, schlechter von feindlichen Angriffen getroffen. Setzt diese F\u00e4higkeit ein, um feindlichen Angriffen auszuweichen oder euch von bewegungseinschr\u00e4nkenden Effekten zu reinigen.<\/li>\n<li><strong>Kapitulation<\/strong> \u2013 Eure Bedrohung wird reduziert. Diese F\u00e4higkeit sollte eingesetzt werden, wenn ihr Gefahr lauft Aggro zu ziehen oder sie bereits versehentlich gezogen habt.<\/li>\n<li><strong>Entkommen<\/strong> \u2013 Befreit euch von fast allen CC-Effekten. Die Abklingzeit ist relativ lang, darum solltet ihr diese F\u00e4higkeit gezielt einsetzen.<\/li>\n<li><strong>Ausweichen<\/strong> \u2013 Die Wahrscheinlichkeit mit der ihr Angriffen ausweicht wird kurzzeitig erh\u00f6ht. Setzt diese F\u00e4higkeit in Notf\u00e4llen ein.<\/li>\n<li><strong>Verteidigungsschirm<\/strong> \u2013 Der Schaden, den ihr erhaltet, wird reduziert. Da die Wirkungsdauer im Vergleich zum Cooldown relativ lang ist, solltet ihr diese F\u00e4higkeit immer einsetzen, wenn ihr in einem Kampf Schaden erleidet.<\/li>\n<li><strong>Niederkauern<\/strong> \u2013 Ihr werdet kurzzeitig immun gegen Kontrolleffekte. Setzt diese F\u00e4higkeit gezielt ein, bei K\u00e4mpfen in denen ihr von entsprechenden Effekten betroffen seid.<\/li>\n<\/ul>\n<p>Gamona go, weiter so.<\/p>\n","protected":false},"excerpt":{"rendered":"<p>Meistersch\u00fctze Pr\u00e4zision (110%) &gt;= List &gt; Wogenwert (70%) &gt; Kritische Trefferchance (25%) &gt; Schnelligkeit &gt; Angriffskraft Sabotage Pr\u00e4zision (110%) &gt;= List &gt; Kritische Trefferchance (25%) &gt; Schnelligkeit =&gt; Wogenwert (70%) &gt; Angriffskraft Fieser Kampf Pr\u00e4zision (110%) &gt;= List &gt; Wogenwert (70%) &gt; Kritische Trefferchance (25%) &gt; Schnelligkeit &gt; Angriffskraft Meistersch\u00fctze Als Meistersch\u00fctze erlernt ihr die &hellip; <a href=\"https:\/\/www.tarvix-corporation.de\/?page_id=2110\" class=\"more-link\"><span class=\"screen-reader-text\">Revolverheld (Schmuggler)<\/span> weiterlesen <span class=\"meta-nav\">&rarr;<\/span><\/a><\/p>\n","protected":false},"author":3,"featured_media":0,"parent":2132,"menu_order":0,"comment_status":"closed","ping_status":"closed","template":"","meta":{"jetpack_post_was_ever_published":false,"footnotes":""},"class_list":["post-2110","page","type-page","status-publish","hentry"],"jetpack_sharing_enabled":true,"jetpack_shortlink":"https:\/\/wp.me\/P5i8fx-y2","jetpack-related-posts":[],"_links":{"self":[{"href":"https:\/\/www.tarvix-corporation.de\/index.php?rest_route=\/wp\/v2\/pages\/2110","targetHints":{"allow":["GET"]}}],"collection":[{"href":"https:\/\/www.tarvix-corporation.de\/index.php?rest_route=\/wp\/v2\/pages"}],"about":[{"href":"https:\/\/www.tarvix-corporation.de\/index.php?rest_route=\/wp\/v2\/types\/page"}],"author":[{"embeddable":true,"href":"https:\/\/www.tarvix-corporation.de\/index.php?rest_route=\/wp\/v2\/users\/3"}],"replies":[{"embeddable":true,"href":"https:\/\/www.tarvix-corporation.de\/index.php?rest_route=%2Fwp%2Fv2%2Fcomments&post=2110"}],"version-history":[{"count":1,"href":"https:\/\/www.tarvix-corporation.de\/index.php?rest_route=\/wp\/v2\/pages\/2110\/revisions"}],"predecessor-version":[{"id":2111,"href":"https:\/\/www.tarvix-corporation.de\/index.php?rest_route=\/wp\/v2\/pages\/2110\/revisions\/2111"}],"up":[{"embeddable":true,"href":"https:\/\/www.tarvix-corporation.de\/index.php?rest_route=\/wp\/v2\/pages\/2132"}],"wp:attachment":[{"href":"https:\/\/www.tarvix-corporation.de\/index.php?rest_route=%2Fwp%2Fv2%2Fmedia&parent=2110"}],"curies":[{"name":"wp","href":"https:\/\/api.w.org\/{rel}","templated":true}]}}