{"id":2121,"date":"2015-11-02T08:41:04","date_gmt":"2015-11-02T08:41:04","guid":{"rendered":"http:\/\/tarvix-corporation.de\/?page_id=2121"},"modified":"2015-11-02T08:53:23","modified_gmt":"2015-11-02T08:53:23","slug":"soeldner-kopfgeldjaeger","status":"publish","type":"page","link":"https:\/\/www.tarvix-corporation.de\/?page_id=2121","title":{"rendered":"S\u00f6ldner (Kopfgeldj\u00e4ger)"},"content":{"rendered":"\n<div class=\"twitter-share\"><a href=\"https:\/\/twitter.com\/intent\/tweet?via=Zaseesh\" class=\"twitter-share-button\" data-size=\"large\">Twittern<\/a><\/div>\n<p><strong>Leibwache<\/strong><br \/>\nZielgenauigkeit &gt;= Angriffskraft &gt; Schnelligkeit &gt; Wogenwert (70%) &gt; Kritische Trefferchance (25%)<\/p>\n<p><strong>Arsenal<\/strong><br \/>\nZielgenauigkeit &gt;= Pr\u00e4zision (110%) &gt; Wogenwert (70%) &gt; Kritische Trefferchance (25%) &gt; Angriffskraft &gt; Schnelligkeit<\/p>\n<p><strong>Innovative Bewaffnung<\/strong><br \/>\nZielgenauigkeit &gt;= Pr\u00e4zision (110%) &gt; Wogenwert (70%) &gt; Kritische Trefferchance (25%) &gt; Angriffskraft &gt; Schnelligkeit<\/p>\n<h3 id=\"diszi1\">Leibwache<\/h3>\n<p>Als Leibwache spielt ihr einen Heiler, der sich darauf konzentriert, seine Verb\u00fcndeten am Leben zu halten. Der S\u00f6ldner-Heiler ist sowohl in der Heilung von einzelnen Zielen, als auch in der Gruppenheilung sehr stark und wird aktuell als st\u00e4rkster Heiler im Spiel betrachtet. Die Kerntalente der Leibwache sind <strong>Heil Scan<\/strong>, <strong>Kolto-Rakete<\/strong>, <strong>Kolto-H\u00fclle<\/strong> und <strong>Progressiv-Scan<\/strong>.<\/p>\n<p>F\u00fcr eure Leibwache solltet ihr einige der folgenden Funktionen w\u00e4hlen:<\/p>\n<p><strong>Fachkundig:<\/strong><\/p>\n<ul>\n<li><strong>Ma\u00dfgefertigter Schutzanzug<\/strong> \u2013 Die zus\u00e4tzliche R\u00fcstung und erhaltene Heilung macht euch widerstandsf\u00e4higer und erleichtert euch die Arbeit als Heiler.<\/li>\n<li><strong>Energiebarriere<\/strong> \u2013 Der zus\u00e4tzliche Schutz, den ihr durch ein Einsatz von Schneller Scan erhaltet, macht euch widerstandsf\u00e4higer.<\/li>\n<li><strong>Verbesserte L\u00fcftung<\/strong> \u2013 Der verbesserte Hitzeabbau hilft euch bei der Ressourcenregeneration und die erh\u00f6hte Schnelligkeit l\u00e4sst euch eure Ziele schneller heilen.<\/li>\n<\/ul>\n<p>Je nach Situation k\u00f6nnt ihr auch diese Funktionen w\u00e4hlen:<\/p>\n<ul>\n<li><strong>Gyroskopische Ausrichtungsd\u00fcsen<\/strong> \u2013 F\u00fcr mehr Hitzeabbau bei Bossen die viele unsch\u00e4dlich machende Effekte einsetzen<\/li>\n<\/ul>\n<p><strong>Meisterlich: <\/strong><\/p>\n<ul>\n<li><strong>Drehmoment-Verst\u00e4rker<\/strong> \u2013 Die erh\u00f6hte Dauer von Hydraulische \u00dcberbr\u00fcckung gibt euch mehr Beweglichkeit und Schutz vor unsch\u00e4dlich machenden und verlangsamenden Effekten.<\/li>\n<li><strong>Sch\u00fctzendes Feld<\/strong> \u2013 W\u00e4hrend Energieschild aktiv ist, erhaltet ihr zus\u00e4tzlich mehr Heilung. Da ihr die F\u00e4higkeit oft in Notf\u00e4llen einsetzt, ist das sehr hilfreich.<\/li>\n<\/ul>\n<p>Je nach Situation k\u00f6nnt ihr auch diese Funktionen w\u00e4hlen:<\/p>\n<ul>\n<li><strong>Hitzed\u00e4mpfung<\/strong> \u2013 Bei Encountern in denen ihr h\u00e4ufig Heilung einsetzen m\u00fcsst.<\/li>\n<li><strong>Exzisionsanzug<\/strong> \u2013 Bei Encountern in denen ihr h\u00e4ufig Heilung einsetzen m\u00fcsst und regelm\u00e4\u00dfiger Schaden auftritt.<\/li>\n<\/ul>\n<p><strong>Heldenhaft:<\/strong><\/p>\n<ul>\n<li><strong>Jagdfieber<\/strong> \u2013 Die M\u00f6glichkeit, Progressiv-Scan im Laufen einzusetzen, erh\u00f6ht eure Mobilit\u00e4t deutlich.<\/li>\n<li><strong>Energie\u00fcberbr\u00fcckung<\/strong> \u2013 Verst\u00e4rkt eure Energiewoge, wodurch ihr weniger anf\u00e4llig f\u00fcr Unterbrechungen werdet.<\/li>\n<\/ul>\n<p>Je nach Situation k\u00f6nnt ihr auch diese Funktionen w\u00e4hlen:<\/p>\n<ul>\n<li><strong>Stabilisierte R\u00fcstung<\/strong> \u2013 Die Schadensreduktion hilft euch bei Encountern, bei denen viel Bereichsschaden auftritt oder ihr oft bet\u00e4ubt werdet.<\/li>\n<li><strong>Supergeladene Reserven<\/strong> \u2013 Erm\u00f6glicht es euch durch den Einsatz von Auf- und Nachladen mit 10 Stapel Superladung in den Kampf zu starten.<\/li>\n<\/ul>\n<h3 id=\"diszi2\">Arsenal<\/h3>\n<p>Als Arsenal-S\u00f6ldner setzt ihr viele Raketen und Sch\u00fcsse ein, durch die ihr direkten Schaden verursacht. Zus\u00e4tzlich stehen euch einige m\u00e4chtige AoE-Attacken zur Verf\u00fcgung. Eure Kernf\u00e4higkeiten sind <strong>Sp\u00fcrrakete<\/strong>, <strong>W\u00e4rmesuchraketen<\/strong>, <strong>Vorbereitungsschuss<\/strong> und <strong>Brandbolzen<\/strong>.<\/p>\n<p>F\u00fcr euren Arsenal-S\u00f6ldner solltet ihr einige der folgenden Funktionen w\u00e4hlen:<\/p>\n<p><strong>Fachkundig:<\/strong><\/p>\n<ul>\n<li><strong>Ma\u00dfgefertigter Schutzanzug<\/strong> \u2013 Die zus\u00e4tzliche R\u00fcstung und erhaltene Heilung macht euch widerstandsf\u00e4higer und erleichtert es euren Heilern, euch am Leben zu halten.<\/li>\n<li><strong>Energiebarriere<\/strong> \u2013 Der zus\u00e4tzliche Schutz, den ihr durch ein Einsatz von <strong>Sp\u00fcrrakete<\/strong> erhaltet, macht euch widerstandsf\u00e4higer.<\/li>\n<li><strong>Verbesserte L\u00fcftung<\/strong> \u2013 Der verbesserte Hitzeabbau hilft euch bei der Ressourcenregeneration und die erh\u00f6hte Schnelligkeit l\u00e4sst euch schneller Schaden verursachen.<\/li>\n<\/ul>\n<p>Je nach Situation k\u00f6nnt ihr auch diese Funktionen w\u00e4hlen:<\/p>\n<ul>\n<li><strong>Gyroskopische Ausrichtungsd\u00fcsen<\/strong> \u2013 F\u00fcr mehr <strong>Hitzeabbau<\/strong> bei Bossen, die viele unsch\u00e4dlich machende Effekte einsetzen.<\/li>\n<li><strong>Laufjustierung<\/strong> \u2013 Erh\u00f6ht euren AoE-Schaden durch <strong>Durchschlagender Blaster<\/strong>.<\/li>\n<\/ul>\n<p><strong>Meisterlich:<\/strong><\/p>\n<p><strong>Drehmoment-Verst\u00e4rker<\/strong><\/p>\n<ul>\n<ul>\u2013 Die erh\u00f6hte Dauer von<\/ul>\n<\/ul>\n<p><strong>Hydraulische \u00dcberbr\u00fcckung<\/strong><\/p>\n<ul>\n<ul>gibt euch mehr Beweglichkeit und Schutz vor unsch\u00e4dlich machenden und verlangsamenden Effekten.<\/ul>\n<\/ul>\n<p><strong>Sch\u00fctzendes Feld<\/strong><\/p>\n<ul>\n<ul>\u2013 W\u00e4hrend<\/ul>\n<\/ul>\n<p><strong>Energieschild<\/strong><\/p>\n<ul>aktiv ist, erhaltet ihr zus\u00e4tzlich mehr Heilung. Da ihr die F\u00e4higkeit oft in Notf\u00e4llen einsetzt, ist das sehr hilfreich.<\/ul>\n<p>Je nach Situation k\u00f6nnt ihr auch diese Funktionen w\u00e4hlen:<\/p>\n<ul>\n<li><strong>Pyroschild<\/strong> \u2013 Bei Encountern bei denen vorherzusehen ist, dass ihr von Adds angegriffen werdet, k\u00f6nnt ihr durch das aufgewertete <strong>Energieschild<\/strong> mehr Schaden bei Adds machen, die euch angreifen.<\/li>\n<\/ul>\n<p><strong>Heldenhaft:<\/strong><\/p>\n<ul>\n<li><strong>Jagdfieber<\/strong> \u2013 Die M\u00f6glichkeit <strong>Brandbolzen<\/strong> im Laufen einzusetzen erh\u00f6ht eure Mobilit\u00e4t deutlich.<\/li>\n<li><strong>Energie\u00fcberbr\u00fcckung<\/strong> \u2013 Verst\u00e4rkt eure <strong>Energiewoge<\/strong>, wodurch ihr weniger anf\u00e4llig f\u00fcr Unterbrechungen werdet.<\/li>\n<\/ul>\n<p>Je nach Situation k\u00f6nnt ihr auch diese Funktionen w\u00e4hlen:<\/p>\n<ul>\n<li><strong>Stabilisierte R\u00fcstung<\/strong> \u2013 Die Schadensreduktion hilft euch bei Encountern, bei denen viel Bereichsschaden auftritt oder ihr oft bet\u00e4ubt werdet.<\/li>\n<li><strong>Supergeladene Reserven<\/strong> \u2013 Erm\u00f6glicht es euch durch den Einsatz von <strong>Auf- und Nachladen<\/strong> mit 10 Stapel Superladung in den Kampf zu starten.<\/li>\n<\/ul>\n<h3 id=\"diszi3\">Innovative Bewaffnung<\/h3>\n<p>Die Innovative Bewaffnungs-Disziplin, der Nachfolger des Brandstifter-Baums, teilt sich einige Kernf\u00e4higkeiten mit dem Brandstifter-Powertech. Als S\u00f6ldner der dieser Disziplin folgt, setzt ihr viele DoTs ein, um eure Feinde zu vernichten. Die Kerntalente, die ihr ihr auf diesem Pfad erhaltet, sind: <strong>Brandrakete<\/strong>, <strong>Thermaldetonator<\/strong>, <strong>Gezackter Schuss<\/strong> und <strong>Magazinschuss<\/strong>.<\/p>\n<p>F\u00fcr euren Innovative Bewaffnung-S\u00f6ldner solltet ihr einige der folgenden Funktionen w\u00e4hlen:<\/p>\n<p><strong>Fachkundig:<\/strong><\/p>\n<ul>\n<li><strong>Ma\u00dfgefertigter Schutzanzug<\/strong> \u2013 Die zus\u00e4tzliche R\u00fcstung und erhaltene Heilung macht euch widerstandsf\u00e4higer und erleichtert es euren Heilern, euch am Leben zu halten.<\/li>\n<li><strong>Energiebarriere<\/strong> \u2013 Der zus\u00e4tzliche Schutz, den ihr durch ein Einsatz von Kraftschuss erhaltet, macht euch widerstandsf\u00e4higer.<\/li>\n<li><strong>Verbesserte L\u00fcftung<\/strong> \u2013 Der verbesserte Hitzeabbau hilft euch bei der Ressourcenregeneration und die erh\u00f6hte Schnelligkeit l\u00e4sst euch schneller Schaden verursachen.<\/li>\n<\/ul>\n<p>Je nach Situation k\u00f6nnt ihr auch diese Funktionen w\u00e4hlen:<\/p>\n<ul>\n<li><strong>Gyroskopische Ausrichtungsd\u00fcsen<\/strong> \u2013 F\u00fcr mehr Hitzeabbau bei Bossen, die viele unsch\u00e4dlich machende Effekte einsetzen.<\/li>\n<li><strong>Laufjustierung<\/strong> \u2013 Erh\u00f6ht euren AoE-Schaden durch Durchschlagnende Blaster.<\/li>\n<\/ul>\n<p><strong>Meisterlich:<\/strong><\/p>\n<ul>\n<li><strong>Drehmoment-Verst\u00e4rker<\/strong> \u2013 Die erh\u00f6hte Dauer von Hydraulische \u00dcberbr\u00fcckung gibt euch mehr Beweglichkeit und Schutz vor unsch\u00e4dlich machenden und verlangsamenden Effekten.<\/li>\n<li><strong>Sch\u00fctzendes Feld<\/strong> \u2013 W\u00e4hrend Energieschild aktiv ist, erhaltet ihr zus\u00e4tzlich mehr Heilung. Da ihr die F\u00e4higkeit oft in Notf\u00e4llen einsetzt, ist das sehr hilfreich.<\/li>\n<\/ul>\n<p>Je nach Situation k\u00f6nnt ihr auch diese Funktionen w\u00e4hlen:<\/p>\n<ul>\n<li><strong>Pyroschild<\/strong> \u2013 Bei Encountern bei denen vorherzusehen ist, dass ihr von Adds angegriffen werdet, k\u00f6nnt ihr durch das aufgewertete Energieschild mehr Schaden bei Adds machen, die euch angreifen.<\/li>\n<\/ul>\n<p><strong>Heldenhaft:<\/strong><\/p>\n<ul>\n<li><strong>Jagdfieber<\/strong> \u2013 Die M\u00f6glichkeit <strong>Entladen<\/strong> im Laufen einzusetzen erh\u00f6ht eure Mobilit\u00e4t deutlich.<\/li>\n<li><strong>Energie\u00fcberbr\u00fcckung<\/strong> \u2013 Verst\u00e4rkt eure <strong>Energiewoge<\/strong>, wodurch ihr weniger anf\u00e4llig f\u00fcr Unterbrechungen werdet.<\/li>\n<\/ul>\n<p>Je nach Situation k\u00f6nnt ihr auch diese Funktionen w\u00e4hlen:<\/p>\n<ul>\n<li><strong>Stabilisierte R\u00fcstung<\/strong> \u2013 Die Schadensreduktion hilft euch bei Encountern bei denen viel Bereichsschaden auftritt oder ihr oft bet\u00e4ubt werdet.<\/li>\n<li><strong>Supergeladene Reserven <\/strong>\u2013 Erm\u00f6glicht es euch durch den Einsatz von <strong>Auf- und Nachladen<\/strong> mit 10 Stapel Superladung in den Kampf zu starten.<\/li>\n<\/ul>\n<h2 id=\"Spielweise\">Spielweise<\/h2>\n<p>Unabh\u00e4ngig von eurer Disziplin sammelt ihr als S\u00f6ldner Hitze, wenn ihr F\u00e4higkeiten einsetzt, da eure Waffen und Ger\u00e4te durch den Einsatz hei\u00df werden. Wenn ihr zu viel Hitze gesammelt habt, m\u00fcsst ihr warten, bis eure Waffen sich abgek\u00fchlt haben, bevor ihr sie wieder einsetzen k\u00f6nnt. Grunds\u00e4tzlich funktioniert diese Regelung \u00e4hnlich wie Energie, nur dass ihr mit einem leeren Balken startet und wenn der Balken voll ist warten m\u00fcsst, bevor ihr wieder F\u00e4higkeiten einsetzen k\u00f6nnt.<\/p>\n<p>Au\u00dferdem sammelt ihr als S\u00f6ldner Superladungsstapel, die es euch erm\u00f6glichen <strong>Supergeladenes-Gas<\/strong> einsetzen. <strong>Supergeladenes-Gas<\/strong> gibt euch abh\u00e4ngig von eurem gew\u00e4hlten Zylinder Boni auf Werte und F\u00e4higkeiten geben. Euch stehen drei Zylinder zur Auswahl.<\/p>\n<h3 id=\"spiel1\">Leibwache<\/h3>\n<p>Als Leibwache solltet ihr den <strong>Zylinder f\u00fcr Gefechtsunterst\u00fctzung<\/strong> w\u00e4hlen.<br \/>\n<u>Single Target Opener:<\/u><br \/>\nF\u00fchrt die folgenden F\u00e4higkeiten f\u00fcr die Heilung auf ein einzelnes Ziel aus.<\/p>\n<ol>\n<li><strong>Notfall-Scan<\/strong> \u2013 wenn Ziel unter 30% Gesundheit, gibt <strong>Proaktive Medizin<\/strong><\/li>\n<li><strong>Schneller-Scan<\/strong> \u2013 wenn Ziel unter 30% Gesundheit und <strong>Notfall-Scan<\/strong> auf Abklingzeit ist, gew\u00e4hrt <strong>Superladungs-Stapel<\/strong><\/li>\n<li><strong>Supergeladenes Gas<\/strong> \u2013 Wenn 10 Superladungsstapel verf\u00fcgbar<\/li>\n<li><strong>Heilscan<\/strong> \u2013 mit <strong>Noteingriff<\/strong> und <strong>Kritische Effizienz<\/strong> nach<strong> Notfall-Scan<\/strong> und <strong>Schneller Scan<\/strong>, belegt das Ziel au\u00dferdem mit dem Effekt Belebt, der erhaltene Heilung erh\u00f6ht und immer aufrechtgehalten werden sollte<\/li>\n<li><strong>Kolto-H\u00fclle<\/strong> \u2013 aufrechthalten<\/li>\n<li><strong>Kolto-Rakete<\/strong> um den Heilungsbuff aufrecht zu erhalten.<\/li>\n<li><strong>Kolto-Schuss<\/strong> \u2013 wenn Hitze zu hoch ist, gew\u00e4hrt <strong>Superladungs-Stapel<\/strong><\/li>\n<li><strong>Schnellsch\u00fcsse<\/strong> bei geringem Schaden.<\/li>\n<\/ol>\n<p>Folgende Dinge solltet ihr au\u00dferdem immer beachten.<\/p>\n<ul>\n<li>Bei einigen K\u00e4mpfen ist es wichtig, dass Debuffs m\u00f6glichst schnell vom Ziel entfernt werden. In diesen K\u00e4mpfen kann <strong>Heilung<\/strong> zu eurer wichtigsten F\u00e4higkeit werden, die im Notfall sofort angewendet werden muss.<\/li>\n<li>Maximiert den Hitzeabbau, indem ihr wenn m\u00f6glich unter 40 Hitze bleibt.<\/li>\n<li>Verwendet <strong>Kolto-Schuss<\/strong>, um Stacks f\u00fcr den <strong>Zylinder f\u00fcr Gefechtsunterst\u00fctzung<\/strong> und <strong>Supergeladenes Gas<\/strong> aufzubauen.<\/li>\n<li>Verwendet <strong>Supergeladenes Gas<\/strong> so oft wie m\u00f6glich.<\/li>\n<li>Wenn <strong>Supergeladenes Gas<\/strong> aktiv ist, folge der <strong>Burst Rotation<\/strong> f\u00fcr maximale Single Target Heilung.<\/li>\n<li>Folgt der Normalen Priorit\u00e4t f\u00fcr normale Heilung.<\/li>\n<\/ul>\n<p><u>Mehrere Ziele (AOE) \u2013 Opener:<\/u><br \/>\nPriorit\u00e4ten Liste:<\/p>\n<p>F\u00fchrt die folgenden F\u00e4higkeiten f\u00fcr die optimale Heilung auf mehrere Ziele aus.<\/p>\n<ul>\n<li>Progressiv-Scan<\/li>\n<li>Kolto-Rakete<\/li>\n<li>Normale Single-Target-Heilung<\/li>\n<\/ul>\n<p><strong>Burst Cooldowns<\/strong><\/p>\n<p>Burst Cooldowns werden verwendet, um die Heilung f\u00fcr einen kurzen Zeitraum zu erh\u00f6hen.<\/p>\n<ul>\n<li><strong>Energiewoge<\/strong> \u2013 Nach Bedarf, wenn ihr eine F\u00e4higkeit sehr schnell einsetzen m\u00fcsst.<\/li>\n<li><strong>Hitzeabbau<\/strong> \u2013 Wenn ihr \u00fcber 60 Hitze habt, sofort verwenden.<\/li>\n<li><strong>Thermalsensor-\u00dcberbr\u00fcckung<\/strong> \u2013 wenn ihr \u00fcber 40 Hitze habt, vor der n\u00e4chsten Heilf\u00e4higkeit verwenden.<\/li>\n<li><strong>Supergeladene Schnelligkeit<\/strong> \u2013 Gew\u00e4hrt allen Operationsmitgliedern einen Buff und sollte nach Absprache mit dem Gruppen-\/Operationsleiter eingesetzt werden.<\/li>\n<\/ul>\n<p><strong>\u00dcberlebensf\u00e4higkeiten<\/strong><br \/>\n\u00dcberlebensf\u00e4higkeiten (Cooldowns) werden verwendet, um z.B. eure F\u00e4higkeit zu \u00fcberleben zu verbessern, so dass ihr eure Heilung weiter auf andere Gruppenmitglieder fokussieren k\u00f6nnt.<\/p>\n<ul>\n<li><strong>Energieschild<\/strong> \u2013 Setzt es ein, wenn ihr Schaden erleidet, z.B. wenn ihr von Gegnern angegriffen werdet.<\/li>\n<li><strong>Kolto-\u00dcberladung<\/strong> \u2013 Solltet ihr generell f\u00fcr Notf\u00e4lle aufrechthalten, nur wenn in einem Kampf Phasen bekannt sind, in denen ihr viel Schaden erhaltet, solltet ihr sie daf\u00fcr aufsparen.<\/li>\n<li><strong>Leuchtsignale<\/strong> \u2013 Wenn ihr Gefahr lauft Aggro zu ziehen oder sie bereits gezogen habt<\/li>\n<li><strong>Entschlossenheit<\/strong> \u2013 Befreit euch von s\u00e4mtlichen bewegungseinschr\u00e4nkenden und unsch\u00e4dlich machenden Effekten und sollte, wegen der hohen Abklingzeit, gezielt eingesetzt werden.<\/li>\n<li><strong>Hydraulische \u00dcberbr\u00fcckung<\/strong> \u2013 Setzt diese F\u00e4higkeit ein, wenn ihr euch schnell bewegen m\u00fcsst, vor allem wenn ihr verlangsamt oder niedergeschlagen seid, kann wegen des geringen CDs oft eingesetzt werden<\/li>\n<\/ul>\n<h3 id=\"spiel2\">Arsenal<\/h3>\n<p>Als Arsenal-S\u00f6ldner solltet ihr den <strong>Hochgeschwindigkeits-Gaszylinder<\/strong> w\u00e4hlen.<br \/>\n<u>Single Target Opener:<\/u><\/p>\n<ol>\n<li><strong>Vorbereitungsschuss<\/strong> \u2013 <strong>Markiert<\/strong> das Ziel, <strong>Sp\u00fcrrakete<\/strong> kann instant eingesetzt werden<\/li>\n<li><strong>Sp\u00fcrrakete <\/strong>\u2013 <strong>Spaltet<\/strong> das Ziel und belegt es mit <strong>Hitzesignatur<\/strong>, gew\u00e4hrt <strong>Zielsuchsperre<\/strong> und einen <strong>Superladungs-Stapel<\/strong><\/li>\n<\/ol>\n<p><u>Single Target Priorit\u00e4tenliste:<\/u><\/p>\n<ol>\n<li><strong>Supergeladenes-Gas<\/strong> \u2013 Wenn 10 Superladungsstapel verf\u00fcgbar<\/li>\n<li><strong>Railschuss <\/strong>\u2013 mit <strong>Zielsuchsperre<\/strong><\/li>\n<li><strong>W\u00e4rmesuchraketen<\/strong> \u2013 mit <strong>Hitzesignatur<\/strong><\/li>\n<li><strong>Vorbereitungsschuss<\/strong> \u2013 <strong>Markiert<\/strong> aufrechthalten<\/li>\n<li><strong>Sp\u00fcrrakete<\/strong> \u2013 mit <strong>Vorbereitungsschuss<\/strong>, <strong>Hitzesignatur<\/strong> und <strong>Spalten<\/strong> aufrechthalten, gew\u00e4hrt Superladungs-Stapel<\/li>\n<li><strong>Fusionsrakete<\/strong> \u2013 mit <strong>Thermalsensor-\u00dcberbr\u00fcckung<\/strong><\/li>\n<li><strong>Brandbolzen<\/strong> \u2013 mit <strong>Sperrfeuer<\/strong><\/li>\n<li><strong>Elektronetz<\/strong><\/li>\n<li><strong>Schnellsch\u00fcsse<\/strong> \u2013 gew\u00e4hrt<strong> Superladungs-Stapel<\/strong><\/li>\n<\/ol>\n<p>Bleibt nach M\u00f6glichkeit unter 40 Hitze, um die Hitzeregenration zu maximieren.<\/p>\n<ul>\n<li>Verwendet <strong>Schnellsch\u00fcsse<\/strong>, wenn ihr \u00fcber 40 Hitze kommt und <strong>Hitzeabbau<\/strong> auf Cooldown ist.<\/li>\n<li>Verwendet <strong>Railschuss<\/strong>, wenn <strong>Zielsuchsperre<\/strong> 5 Stacks hat.<\/li>\n<li>Verwendet <strong>W\u00e4rmesuchraketen<\/strong> mit <strong>Hitzesignatur<\/strong> auf dem Ziel.<\/li>\n<li>Haltet den <strong>Hitzesignatur-Debuff<\/strong> von <strong>Sp\u00fcrrakete<\/strong> immer aktiv.<\/li>\n<li>Verwendet <strong>Brandbolzen<\/strong> so oft wie m\u00f6glich aufgrund seiner gro\u00dfen Hitze Effizienz.<\/li>\n<\/ul>\n<p><u>Mehrere Ziele (AOE):<\/u><br \/>\nPriorit\u00e4ten Liste:<br \/>\nF\u00fchrt die folgende F\u00e4higkeiten f\u00fcr den optimalen Schaden auf mehrere Ziele aus.<\/p>\n<ol>\n<li><strong>Tod von Oben<\/strong><\/li>\n<li><strong>Flammenwerfer<\/strong><\/li>\n<li><strong>Fusions-Rakete<\/strong> mit <strong>Thermalsensor-\u00dcberbr\u00fcckung<\/strong><\/li>\n<li><strong>Raketen-Einschlag<\/strong><\/li>\n<li><strong>Sprengpfeil<\/strong><\/li>\n<li><strong>Durchschlagende Blaster<\/strong><\/li>\n<\/ol>\n<p><strong>Burst Cooldowns<\/strong><br \/>\nBurst Cooldowns werden verwendet, um den Schaden f\u00fcr einen kurzen Zeitraum zu erh\u00f6hen.<\/p>\n<ul>\n<li><strong>Energiewoge <\/strong>\u2013 Nach Bedarf, wenn ihr eine F\u00e4higkeit sehr schnell einsetzen m\u00fcsst.<\/li>\n<li><strong>Hitzeabbau<\/strong> \u2013 Wenn ihr \u00fcber 60 Hitze habt, sofort verwenden.<\/li>\n<li><strong>Thermalsensor-\u00dcberbr\u00fcckung<\/strong> \u2013 wenn ihr \u00fcber 40 Hitze habt, dann vor der n\u00e4chsten Heilf\u00e4higkeit verwenden.<\/li>\n<li><strong>Supergeladene Schnelligkeit<\/strong> \u2013 Gew\u00e4hrt allen Operationsmitgliedern einen Buff und sollte nach Absprache mit dem Gruppen-\/Operationsleiter eingesetzt werden.<\/li>\n<\/ul>\n<p><strong>\u00dcberlebensf\u00e4higkeiten<\/strong><br \/>\n\u00dcberlebensf\u00e4higkeiten (Cooldowns) werden verwendet, um z.B. eure F\u00e4higkeit zu \u00fcberleben zu verbessern. Bedenkt, dass ihr als DD mit viel R\u00fcstung keine hohe Priorit\u00e4t bei den Heilern habt.<\/p>\n<ul>\n<li><strong>Energieschild<\/strong> \u2013 Setzt es ein, wenn ihr Schaden erleidet, z.B. wenn ihr von Gegnern angegriffen werdet.<\/li>\n<li><strong>Leuchtsignale<\/strong> \u2013 Wenn ihr Gefahr lauft Aggro zu ziehen oder sie bereits gezogen habt<\/li>\n<li><strong>Entschlossenheit<\/strong> \u2013 Befreit euch von s\u00e4mtlichen bewegungseinschr\u00e4nkenden und unsch\u00e4dlich machenden Effekten und sollte, wegen der hohen Abklingzeit, gezielt eingesetzt werden.<\/li>\n<li><strong>Hydraulische \u00dcberbr\u00fcckung <\/strong>\u2013 Setzt diese F\u00e4higkeit ein, wenn ihr euch schnell bewegen m\u00fcsst, vor allem wenn ihr verlangsamt oder niedergeschlagen seid, kann wegen des geringen CDs oft eingesetzt werden<\/li>\n<\/ul>\n<h3 id=\"spiel3\">Innovative Bewaffnung<\/h3>\n<p>Als Innovative Bewaffnung-S\u00f6ldner solltet ihr den<strong> Brennstoffzylinder <\/strong>w\u00e4hlen.<br \/>\n<u>Single Target Opener:<\/u><\/p>\n<ol>\n<li><strong>Gezackter Schuss<\/strong> \u2013 <strong>Markiert<\/strong> das Ziel<\/li>\n<\/ol>\n<p><u>Single Target Priorit\u00e4tliste:<\/u><\/p>\n<ol>\n<li><strong>Supergeladenes-Gas<\/strong> \u2013 Wenn 10 Superladungsstapel verf\u00fcgbar<\/li>\n<li><strong>Magazinschuss<\/strong> \u2013 mit <strong>Innovativer Partikelbeschleuniger<\/strong><\/li>\n<li><strong>Brandrakete<\/strong> \u2013 aufrechthalten<\/li>\n<li><strong>Gezackter Schuss<\/strong> \u2013 aufrechthalten<\/li>\n<li><strong>Thermal-Detonator<\/strong><\/li>\n<li><strong>Entladen<\/strong><\/li>\n<li><strong>Kraftschuss<\/strong> \u2013 gew\u00e4hrt <strong>Innovativer Partikelbeschleuniger<\/strong> und <strong>Superladung<\/strong><\/li>\n<li><strong>Schnellsch\u00fcsse<\/strong><\/li>\n<\/ol>\n<p>Maximiert die Hitze Regeneration, indem ihr unter 40 Hitze bleibt.<\/p>\n<ul>\n<li>Verwendet <strong>Schnellsch\u00fcsse<\/strong>, wenn ihr \u00fcber 40 Hitze habt und <strong>Hitzeabbau<\/strong> auf Cooldown ist.<\/li>\n<li>Haltet den DoT von <strong>Brandrakete<\/strong> und <strong>Gezackter Schuss<\/strong> immer oben.<\/li>\n<li>Verwendet <strong>Magazinschuss<\/strong> immer auf Cooldown.<\/li>\n<li>Verwendet <strong>Entladen<\/strong> und <strong>Kraftschuss<\/strong> zwischen den Abklingzeiten von F\u00e4higkeiten, die eine h\u00f6here Priorit\u00e4t haben.<\/li>\n<\/ul>\n<p><u>Mehrere Ziele (AOE):<\/u><br \/>\nPriorit\u00e4ten Liste:<br \/>\nF\u00fchrt die folgende F\u00e4higkeiten f\u00fcr den optimalen Schaden auf mehrere Ziele aus.<\/p>\n<ol>\n<li><strong>Tod von Oben<\/strong><\/li>\n<li><strong>Gezackter Schuss<\/strong> \u2013 auf ein Ziel<\/li>\n<li><strong>Brandrakete<\/strong> \u2013 auf ein Ziel<\/li>\n<li><strong>Sprengpfeil<\/strong> \u2013 verbreitet DoTs<\/li>\n<li><strong>Fusions-Rakete<\/strong> mit Thermalsensor-\u00dcberbr\u00fcckung, verbreitet DoTs<\/li>\n<li><strong>Durchschlagende Blaster<\/strong><\/li>\n<\/ol>\n<p><strong>Burst Cooldowns<\/strong><br \/>\nBurst Cooldowns werden verwendet, um den Schaden f\u00fcr einen kurzen Zeitraum zu erh\u00f6hen.<\/p>\n<ul>\n<li><strong>Energiewoge<\/strong> \u2013 Nach Bedarf, wenn ihr eine F\u00e4higkeit sehr schnell einsetzen m\u00fcsst.<\/li>\n<li><strong>Hitzeabbau <\/strong>\u2013 Wenn ihr \u00fcber 60 Hitze habt, sofort verwenden.<\/li>\n<li><strong>Thermalsensor-\u00dcberbr\u00fcckung<\/strong> \u2013 wenn ihr \u00fcber 40 Hitze habt, dann vor der n\u00e4chsten Heilf\u00e4higkeit verwenden.<\/li>\n<li><strong>Supergeladene Schnelligkeit<\/strong> \u2013 Gew\u00e4hrt allen Operationsmitgliedern einen Buff und sollte nach Absprache mit dem Gruppen-\/Operationsleiter eingesetzt werden.<\/li>\n<\/ul>\n<p><strong>\u00dcberlebensf\u00e4higkeiten<\/strong><br \/>\n\u00dcberlebensf\u00e4higkeiten (Cooldowns) werden verwendet, um z.B. eure F\u00e4higkeit zu \u00fcberleben zu verbessern. Bedenkt, dass ihr als DD mit viel R\u00fcstung keine hohe Priorit\u00e4t bei den Heilern habt.<\/p>\n<ul>\n<li><strong>Energieschild<\/strong> \u2013 Setzt es ein, wenn ihr Schaden erleidet, z.B. wenn ihr von Gegnern angegriffen werdet.<\/li>\n<li><strong>Leuchtsignale <\/strong>\u2013 Wenn ihr Gefahr lauft Aggro zu ziehen oder sie bereits gezogen habt<\/li>\n<li><strong>Entschlossenheit<\/strong> \u2013 Befreit euch von s\u00e4mtlichen bewegungseinschr\u00e4nkenden und unsch\u00e4dlich machenden Effekten und sollte, wegen der hohen Abklingzeit, gezielt eingesetzt werden.<\/li>\n<li><strong>Hydraulische \u00dcberbr\u00fcckung<\/strong> \u2013 Setzt diese F\u00e4higkeit ein, wenn ihr euch schnell bewegen m\u00fcsst, vor allem wenn ihr verlangsamt oder niedergeschlagen seid, kann wegen des geringen CDs oft eingesetzt werden.<\/li>\n<\/ul>\n<p>Vielen Dank an Gamona f\u00fcr diesen Guide.<\/p>\n","protected":false},"excerpt":{"rendered":"<p>Leibwache Zielgenauigkeit &gt;= Angriffskraft &gt; Schnelligkeit &gt; Wogenwert (70%) &gt; Kritische Trefferchance (25%) Arsenal Zielgenauigkeit &gt;= Pr\u00e4zision (110%) &gt; Wogenwert (70%) &gt; Kritische Trefferchance (25%) &gt; Angriffskraft &gt; Schnelligkeit Innovative Bewaffnung Zielgenauigkeit &gt;= Pr\u00e4zision (110%) &gt; Wogenwert (70%) &gt; Kritische Trefferchance (25%) &gt; Angriffskraft &gt; Schnelligkeit Leibwache Als Leibwache spielt ihr einen Heiler, der sich &hellip; <a href=\"https:\/\/www.tarvix-corporation.de\/?page_id=2121\" class=\"more-link\"><span class=\"screen-reader-text\">S\u00f6ldner (Kopfgeldj\u00e4ger)<\/span> weiterlesen <span class=\"meta-nav\">&rarr;<\/span><\/a><\/p>\n","protected":false},"author":3,"featured_media":0,"parent":2134,"menu_order":0,"comment_status":"closed","ping_status":"closed","template":"","meta":{"jetpack_post_was_ever_published":false,"footnotes":""},"class_list":["post-2121","page","type-page","status-publish","hentry"],"jetpack_sharing_enabled":true,"jetpack_shortlink":"https:\/\/wp.me\/P5i8fx-yd","jetpack-related-posts":[],"_links":{"self":[{"href":"https:\/\/www.tarvix-corporation.de\/index.php?rest_route=\/wp\/v2\/pages\/2121","targetHints":{"allow":["GET"]}}],"collection":[{"href":"https:\/\/www.tarvix-corporation.de\/index.php?rest_route=\/wp\/v2\/pages"}],"about":[{"href":"https:\/\/www.tarvix-corporation.de\/index.php?rest_route=\/wp\/v2\/types\/page"}],"author":[{"embeddable":true,"href":"https:\/\/www.tarvix-corporation.de\/index.php?rest_route=\/wp\/v2\/users\/3"}],"replies":[{"embeddable":true,"href":"https:\/\/www.tarvix-corporation.de\/index.php?rest_route=%2Fwp%2Fv2%2Fcomments&post=2121"}],"version-history":[{"count":1,"href":"https:\/\/www.tarvix-corporation.de\/index.php?rest_route=\/wp\/v2\/pages\/2121\/revisions"}],"predecessor-version":[{"id":2122,"href":"https:\/\/www.tarvix-corporation.de\/index.php?rest_route=\/wp\/v2\/pages\/2121\/revisions\/2122"}],"up":[{"embeddable":true,"href":"https:\/\/www.tarvix-corporation.de\/index.php?rest_route=\/wp\/v2\/pages\/2134"}],"wp:attachment":[{"href":"https:\/\/www.tarvix-corporation.de\/index.php?rest_route=%2Fwp%2Fv2%2Fmedia&parent=2121"}],"curies":[{"name":"wp","href":"https:\/\/api.w.org\/{rel}","templated":true}]}}