{"id":2127,"date":"2015-11-02T08:46:36","date_gmt":"2015-11-02T08:46:36","guid":{"rendered":"http:\/\/tarvix-corporation.de\/?page_id=2127"},"modified":"2015-11-02T08:53:06","modified_gmt":"2015-11-02T08:53:06","slug":"scharfschuetze-imperialer-agent","status":"publish","type":"page","link":"https:\/\/www.tarvix-corporation.de\/?page_id=2127","title":{"rendered":"Scharfsch\u00fctze (Imperialer Agent)"},"content":{"rendered":"\n<div class=\"twitter-share\"><a href=\"https:\/\/twitter.com\/intent\/tweet?via=Zaseesh\" class=\"twitter-share-button\" data-size=\"large\">Twittern<\/a><\/div>\n<h4>Treffsicherheit<\/h4>\n<p>List &gt;= Pr\u00e4zision (110%) &gt; Wogenwert (70%) &gt; Kritische Trefferchance (25%) &gt; Schnelligkeit &gt; Angriffskraft<\/p>\n<h4>Ingenieur<\/h4>\n<p>List &gt;= Pr\u00e4zision (110%) &gt; Kritische Trefferchance (25%) &gt; Schnelligkeit =&gt; Wogenwert (70%) &gt; Angriffskraft<\/p>\n<h4>Giftigkeit<\/h4>\n<p>List &gt;= Pr\u00e4zision (110%) &gt; Wogenwert (70%) &gt; Kritische Trefferchance (25%) &gt; Schnelligkeit &gt; Angriffskraft<\/p>\n<h3 id=\"Treffsicherheit\">Treffsicherheit<\/h3>\n<p>Die Kerntalente dieser Disziplin sind <strong>Hinterhalt<\/strong>, <strong>Durchdringende Sch\u00fcsse<\/strong>, <strong>Durchschlagen<\/strong> und <strong>Scharfsch\u00fctzenhagel<\/strong>. Als Treffsicherheits-Scharfsch\u00fctze verlasst ihr euch vor allem auf eure F\u00e4higkeiten mit dem Scharfsch\u00fctzengewehr und verwendet Sch\u00fcsse, die direkten Schaden beim Ziel verursachen.<\/p>\n<p>Die folgenden Funktionen werden euch besonders helfen, wenn ihr einen Treffsicherheits-Scharfsch\u00fctzen spielt:<\/p>\n<h4>Fachkundig:<\/h4>\n<ul>\n<li><strong>Ballistikd\u00e4mpfer<\/strong> \u2013 Entlastet eure Heiler, indem kurzzeitig ein Teil eures erlittenen Schadens absorbiert wird, nachdem ihr in Deckung gegangen seid.<\/li>\n<li><strong>Blitzschuss<\/strong> \u2013 Ihr k\u00f6nnt euren Heckenschuss sofort einsetzen, nachdem ihr in Deckung gegangen seid.<\/li>\n<li><strong>Vitalregulation<\/strong> \u2013 Wenn ihr euch in Deckung befindet, regeneriert ihr schneller Gesundheit, entlastet dadurch eure Heiler und werdet ausdauernder.<\/li>\n<li><strong>Imperiale Effizienz<\/strong> \u2013 Erh\u00f6ht den Schaden von Feuerschutz und ist sehr hilfreich, wenn ihr AoE verursacht.<\/li>\n<\/ul>\n<h4>Meisterlich:<\/h4>\n<ul>\n<li><strong>Deckung Suchen<\/strong> \u2013 Wenn ihr eure Deckung verlasst oder Verschanzen endet, wird eure Bewegung kurzzeitig erh\u00f6ht und ihr seid immun gegen bewegungseinschr\u00e4nkende Effekte. Das gibt euch viel Mobilit\u00e4t im Kampf.<\/li>\n<li><strong>Aufgewertete Schilde<\/strong> \u2013 Der von <strong>Schildsonde<\/strong> absorbiert Wert wird erh\u00f6ht, damit k\u00f6nnt ihr eure Heiler entlasten.<\/li>\n<li><strong>Unterstand-Scharfsch\u00fctze<\/strong> \u2013 Die verk\u00fcrzte Abklingzeit von <strong>Verschanzen<\/strong> wird euch vor allem bei Gegnern, die viele Kontrolleffekte verwenden, hilfreich sein.<\/li>\n<li><strong>Berechnete Verfolgung<\/strong> \u2013 Indem euer <strong>\u00dcberladender Schuss<\/strong> keine Energie kostet, wenn ihr eure Deckung verlasst, k\u00f6nnt ihr diese F\u00e4higkeit \u00f6fter einsetzen und so euren Schaden deutlich steigern.<\/li>\n<\/ul>\n<h4>Heldenhaft:<\/h4>\n<ul>\n<li><strong>Belagerungsbunker<\/strong> \u2013 <strong>Verschanzen<\/strong> verringert zus\u00e4tzlich euren erlittenen Wirkungsbereichsschaden.<\/li>\n<li><strong>Schildeinsatz<\/strong> \u2013 Der Schaden, den ihr in Deckung erleidet, wird zus\u00e4tzlich reduziert und die Abklingzeit f\u00fcr <strong>Ballistikschild<\/strong> wird reduziert. So k\u00f6nnt ihr eure Heiler entlasten und eure eigene \u00dcberlebensf\u00e4higkeit steigern.<\/li>\n<li><strong>Stellung halten<\/strong> \u2013 Die Abklingzeit mehrere eurer passiven Cooldowns wird reduziert, was diese Funktion in einigen Encountern n\u00fctzlich macht.<\/li>\n<\/ul>\n<h3 id=\"Ingenieur\">Ingenieur<\/h3>\n<p>Mit den Kerntalenten <strong>Sprengsonde<\/strong>, <strong>Verh\u00f6rsonde<\/strong>, <strong>Plasmasonde<\/strong> und <strong>EMP-Entladung<\/strong> stehen dem Ingenieur viele technische M\u00f6glichkeiten zur Verf\u00fcgung, um seinen Gegnern Schaden zuzuf\u00fcgen. Diese bestehen aus einer Mischung aus direktem Schaden und \u201eSchaden \u00fcber Zeit\u201c-Effekten. Au\u00dferdem besitzt ihr einen hohen AoE-Schaden.<\/p>\n<h4>Fachkundig:<\/h4>\n<ul>\n<li><strong>Ballistikd\u00e4mpfer<\/strong> \u2013 Entlastet eure Heiler, indem kurzzeitig ein Teil eures erlittenen Schadens absorbiert wird, nachdem ihr in Deckung gegangen seid.<\/li>\n<li><\/li>\n<li><strong>Blitzschuss<\/strong> \u2013 Ihr k\u00f6nnt euren <strong>Heckenschuss<\/strong> sofort einsetzen, nachdem ihr in Deckung gegangen seid.<\/li>\n<li><\/li>\n<li><strong>Vitalregulation<\/strong> \u2013 Wenn ihr euch in Deckung befindet, regeneriert ihr schneller Gesundheit, entlastet dadurch eure Heiler und werdet ausdauernder.<\/li>\n<li><\/li>\n<li><strong>Imperiale Effizienz<\/strong> \u2013 Erh\u00f6ht den Schaden von <strong>Feuerschutz<\/strong> und ist sehr hilfreich, wenn ihr AoE verursacht.<\/li>\n<li><\/li>\n<\/ul>\n<h4>Meisterlich:<\/h4>\n<ul>\n<li><strong>Deckung Suchen<\/strong> \u2013 Wenn ihr eure Deckung verlasst oder <strong>Verschanzen<\/strong> endet, wird eure Bewegung kurzzeitig erh\u00f6ht und ihr seid immun gegen bewegungseinschr\u00e4nkende Effekte. Das gibt euch viel Mobilit\u00e4t im Kampf.<\/li>\n<li><\/li>\n<li><strong>Aufgewertete Schilde<\/strong> \u2013 Der von <strong>Schildsonde<\/strong> absorbiert Wert wird erh\u00f6ht, damit k\u00f6nnt ihr eure Heiler entlasten.<\/li>\n<li><\/li>\n<li><strong>Unterstand-Scharfsch\u00fctze<\/strong> \u2013 Die verk\u00fcrzte Abklingzeit von <strong>Verschanzen<\/strong> wird euch vor allem bei Gegnern die viele Kontrolleffekte verwenden hilfreich sein.<\/li>\n<li><\/li>\n<li><strong>Berechnete Verfolgung<\/strong> \u2013 Indem euer <strong>\u00dcberladender Schuss<\/strong> keine Energie kostet, wenn ihr eure Deckung verlasst, k\u00f6nnt ihr diese F\u00e4higkeit \u00f6fter einsetzen und so euren Schaden deutlich steigern.<\/li>\n<li><\/li>\n<\/ul>\n<h4>Heldenhaft:<\/h4>\n<ul>\n<li><strong>Belagerungsbunker<\/strong> \u2013 <strong>Verschanzen<\/strong> verringert zus\u00e4tzlich euren erlittenen Wirkungsbereichsschaden.<\/li>\n<li><\/li>\n<li><strong>Schildeinsatz<\/strong> \u2013 Der Schaden, den ihr in Deckung erleidet, wird zus\u00e4tzlich reduziert und die Abklingzeit f\u00fcr <strong>Ballistikschild<\/strong> wird reduziert. So k\u00f6nnt ihr eure Heiler entlasten und eure eigene \u00dcberlebensf\u00e4higkeit steigern.<\/li>\n<li><\/li>\n<li><strong>Stellung halten<\/strong> \u2013 Die Abklingzeit mehrere eurer passiven Cooldowns wird reduziert, was diese Funktion in einigen Encountern n\u00fctzlich macht.<\/li>\n<\/ul>\n<h3 id=\"Giftigkeit\">Giftigkeit<\/h3>\n<p>Der Giftigkeits-Scharfsch\u00fctze, ehemals T\u00f6dlichkeits-Scharfsch\u00fctze, verwendet giftige Projektile und S\u00e4ure, um seine Gegner langsam mit DoTs zu t\u00f6ten. Als Kerntalente erh\u00e4lt er <strong>S\u00e4uregranate<\/strong>, <strong>Ausd\u00fcnnung<\/strong>, <strong>Schw\u00e4chungsschuss<\/strong> und <strong>Todbringender Schuss<\/strong>.<\/p>\n<h4>Fachkundig:<\/h4>\n<ul>\n<li><strong>Ballistikd\u00e4mpfer<\/strong> \u2013 Entlastet eure Heiler, indem kurzzeitig ein Teil eures erlittenen Schadens absorbiert wird, nachdem ihr in Deckung gegangen seid.<\/li>\n<li><strong>Blitzschuss<\/strong> \u2013 Ihr k\u00f6nnt euren <strong>Todbringenden Schuss<\/strong> oder <strong>Heckenschuss<\/strong> sofort einsetzen, nachdem ihr in Deckung gegangen seid.<\/li>\n<li><strong>Vitalregulation<\/strong> \u2013 Wenn ihr euch in Deckung befindet, regeneriert ihr schneller Gesundheit, entlastet dadurch eure Heiler und werdet ausdauernder.<\/li>\n<li><strong>Imperiale Effizienz<\/strong> \u2013 Erh\u00f6ht den Schaden von <strong>Feuerschutz<\/strong> und ist sehr hilfreich, wenn ihr AoE verursacht.<\/li>\n<\/ul>\n<h4>Meisterlich:<\/h4>\n<ul>\n<li><strong>Deckung Suchen<\/strong> \u2013 Wenn ihr eure Deckung verlasst oder <strong>Verschanze<\/strong>n endet, wird eure Bewegung kurzzeitig erh\u00f6ht und ihr seid immun gegen bewegungseinschr\u00e4nkende Effekte. Das gibt euch viel Mobilit\u00e4t im Kampf.<\/li>\n<li><strong>Aufgewertete Schilde<\/strong> \u2013 Der von <strong>Schildsonde<\/strong> absorbiert Wert wird erh\u00f6ht, damit k\u00f6nnt ihr eure Heiler entlasten.<\/li>\n<li><strong>Unterstand-Scharfsch\u00fctze<\/strong> \u2013 Die verk\u00fcrzte Abklingzeit von <strong>Verschanzen<\/strong> wird euch vor allem bei Gegnern die viele Kontrolleffekte verwenden hilfreich sein.<\/li>\n<li><strong>Berechnete Verfolgung<\/strong> \u2013 Indem euer <strong>\u00dcberladender Schuss<\/strong> keine Energie kostet, wenn ihr eure Deckung verlasst, k\u00f6nnt ihr diese F\u00e4higkeit \u00f6fter einsetzen und so euren Schaden deutlich steigern.<\/li>\n<\/ul>\n<h4>Heldenhaft:<\/h4>\n<ul>\n<li><strong>Belagerungsbunker<\/strong> \u2013 <strong>Verschanzen<\/strong> verringert zus\u00e4tzlich euren erlittenen Wirkungsbereichsschaden.<\/li>\n<li><strong>Schildeinsatz<\/strong> \u2013 Der Schaden, den ihr in Deckung erleidet, wird zus\u00e4tzlich reduziert und die Abklingzeit f\u00fcr <strong>Ballistikschild<\/strong> wird reduziert. So k\u00f6nnt ihr eure Heiler entlasten und eure eigene \u00dcberlebensf\u00e4higkeit steigern.<\/li>\n<li><strong>Stellung halten<\/strong> \u2013 Die Abklingzeit mehrere eurer passiven Cooldowns wird reduziert, was diese Funktion in einigen Encountern n\u00fctzlich macht.<\/li>\n<\/ul>\n<h2 id=\"Spielweise\">Spielweise<\/h2>\n<p>Single Target Rotationen maximieren euren Schaden auf einem einzelnen Ziel. Single Target Rotationen sind umso wirksamer, je l\u00e4nger ihr in der Lage seid, euch auf das gleiche Ziel zu konzentrieren.<\/p>\n<h3 id=\"TreffsicherheitSW\">Treffsicherheit<\/h3>\n<p><strong>Priorit\u00e4ten Liste:<\/strong><\/p>\n<ol>\n<li><strong>S\u00e4urepfeil<\/strong> \u2013 um das Ziel zu markieren<\/li>\n<li><strong>Durchdringende Sch\u00fcsse<\/strong> \u2013 Spaltet das Ziel<\/li>\n<li><strong>Durchschlagen<\/strong> \u2013 wenn einsetzbar<\/li>\n<li><strong>Ausschalten<\/strong> \u2013 wenn Ziel unter 30% Gesundheit<\/li>\n<li><strong>Hinterhalt<\/strong> \u2013 am besten mit 3 Stapeln <strong>Scharfe Sch\u00fcsse<\/strong><\/li>\n<li><strong>Heckenschuss<\/strong> \u2013 gibt euch <strong>Einschie\u00dfen<\/strong> und <strong>Scharfe Sch\u00fcsse<\/strong><\/li>\n<li><strong>\u00dcberladungsschuss<\/strong><\/li>\n<li><strong>Gewehrschuss<\/strong>, wenn ihr unter 60 Energie kommt<\/li>\n<li>Maximiert eure Energie Regeneration, indem ihr m\u00f6glichst immer \u00fcber 60 Energie bleibt.<\/li>\n<\/ol>\n<p><strong>Mehrere Ziele (AOE)<\/strong><br \/>\nF\u00fchre die folgende F\u00e4higkeiten f\u00fcr den optimalen Schaden oder Heilung auf mehrere Ziele aus.<\/p>\n<p>Priorit\u00e4ten Liste:<\/p>\n<ol>\n<li><strong>Orbitalschlag<\/strong><\/li>\n<li><strong>Splittergranate<\/strong><\/li>\n<li><strong>Feuerschutz<\/strong><\/li>\n<\/ol>\n<p><strong>Burst Cooldowns<\/strong><br \/>\nMit den Burst Cooldowns k\u00f6nnt ihr euren Schaden f\u00fcr eine kurze Zeit erh\u00f6hen.<\/p>\n<ul>\n<li><strong>Scharfsch\u00fctzenhagel<\/strong> \u2013 Um den Cooldown von <strong>Durchdringende Sch\u00fcsse<\/strong> zu beenden und Energie zu regenerieren, auf Cooldown benutzen.<\/li>\n<li><strong>Adrenalinsonde<\/strong> \u2013 Sobald eure Energie unter 50 f\u00e4llt<\/li>\n<li><strong>Zielerfassung<\/strong> \u2013 Immer auf Cooldown halten<\/li>\n<li><strong>Lasermarkierung<\/strong> \u2013 Immer auf Cooldown halten<\/li>\n<\/ul>\n<p><strong>\u00dcberlebensf\u00e4higkeiten<\/strong><br \/>\nMit \u00dcberlebensf\u00e4higkeiten k\u00f6nnt ihr in Notsituationen euer \u00dcberleben sichern und\/oder eure Heiler unterst\u00fctzen.<\/p>\n<ul>\n<li><strong>Ballistikschild<\/strong> \u2013 Gibt euch einen Schild, der nicht nur euch selbst, sondern auch eure Gef\u00e4hrten besch\u00fctzt. Diese M\u00f6glichkeit solltet ihr am besten auf CD einsetzen, immer wenn Fl\u00e4chenschaden auf die Gruppe zu erwarten ist.<\/li>\n<li><strong>Gedeckte Flucht<\/strong> \u2013 Gibt euch die M\u00f6glichkeit, schnell an einen anderen Ort in Deckung zu rollen. Au\u00dferdem werdet ihr von bewegungseinschr\u00e4nkenden Effekten befreit und w\u00e4hrend ihr rollt weicht ihr automatisch Treffern aus.<\/li>\n<li><strong>Sicherheitsma\u00dfnahmen<\/strong> \u2013 Reduziert eure Bedrohung und sollte eingesetzt werden, wenn ihr Aggro zieht oder kurz davor seid, Aggro zu ziehen.<\/li>\n<li><strong>Entkommen<\/strong> \u2013 Befreit euch, wenn ihr unsch\u00e4dlich gemacht worden seid oder eure Bewegung eingeschr\u00e4nkt ist. Wegen des langen CDs gezielt einsetzen.<\/li>\n<li><strong>Entgehen<\/strong> \u2013 Erh\u00f6ht kurzzeitig eure Chance Angriffen auszuweichen stark und sollte in Notsituationen eingesetzt werden, wenn Gegner euch angreifen.<\/li>\n<li><strong>Schildsonde<\/strong> \u2013 Reduziert den erlittenen Schaden und hat im Vergleich zur Wirkungsdauer einen kurzen CD, diese F\u00e4higkeit k\u00f6nnt ihr immer einsetzen, wenn ihr bei Encountern Schaden bekommt.<\/li>\n<li><strong>Verschanzen<\/strong> \u2013 Macht euch kurzzeitig immun gegen\u00fcber allen Kontrolleffekten. Dies sollte gezielt bei Encountern eingesetzt werden, bei denen entsprechende Effekte auftreten.<\/li>\n<\/ul>\n<h3 id=\"IngenieurSW\">Ingenieur<\/h3>\n<p><strong>Single Target Opener:<\/strong><\/p>\n<ol>\n<li><strong>Plasmasonde<\/strong><\/li>\n<li><strong>Verh\u00f6rsonde<\/strong><\/li>\n<li><strong>EMP-Entladung<\/strong><\/li>\n<li><strong>EMP-Entladung<\/strong><\/li>\n<\/ol>\n<p>Priorit\u00e4ten Liste:<\/p>\n<ol>\n<li><strong>S\u00e4urepfeil<\/strong> \u2013 um das Ziel zu markieren, <strong>Markieren<\/strong> aufrechterhalten<\/li>\n<li><strong>Feuersto\u00df<\/strong> \u2013 setzt Elektrifizierte Railgun auf das Ziel<\/li>\n<li><strong>Sprengsonde<\/strong> \u2013 setzt <strong>Streubomben<\/strong> auf das Ziel<\/li>\n<li><strong>Splittergranate<\/strong> \u2013 setzt einen Stapel <strong>Elektrifizierte Railgun<\/strong><\/li>\n<li><strong>Heckenschuss<\/strong> \u2013 setzt einen Stapel <strong>Elektrifizierte Railgun<\/strong><\/li>\n<li><strong>Splitterschuss<\/strong> \u2013 Setzt Trauma auf das Ziel, bei Zielen die geheilt werden wichtig<\/li>\n<li><strong>Plasmasonde<\/strong><\/li>\n<li><strong>Verh\u00f6rsonde<\/strong><\/li>\n<li><strong>EMP-Entladung<\/strong> \u2013 mit <strong>Plasmasonde<\/strong> und <strong>Verh\u00f6rsonde<\/strong><\/li>\n<li><strong>Ausschalten<\/strong> \u2013 wenn Ziel unter 30% Gesundheit<\/li>\n<li><strong>\u00dcberladungsschuss<\/strong><\/li>\n<li><strong>Gewehrschuss<\/strong>, wenn ihr unter 50 Energie seid<\/li>\n<\/ol>\n<p><strong>Wichtig! Elektrifizierte Railgun Rotation:<\/strong><br \/>\nMit der oben beschriebenen Rotation wollt ihr den Effekt von <strong>Elektrifizierte Railgun<\/strong> (ER) auf dem Ziel halten. Dieser kann bis zu 3 Stacks haben. <strong>Splittergranate<\/strong> und <strong>Heckenschuss<\/strong> sind vor allem so weit oben in der Priorit\u00e4tenliste, weil sie euch einen Stapel <strong>Elektrifizierte Railgun<\/strong> geben. Sind bereits 3 Stapel auf dem Ziel, die nicht erneuert werden m\u00fcssen, sollten die beiden F\u00e4higkeiten ausgelassen werden.<\/p>\n<p><strong>Mehrere Ziele (AOE)<\/strong><br \/>\n<strong>Priorit\u00e4ten Liste:<\/strong><br \/>\nF\u00fchre die folgende F\u00e4higkeiten f\u00fcr den optimalen Schaden auf mehrere Ziele aus.<\/p>\n<ol>\n<li><strong>Orbitalschlag<\/strong><\/li>\n<li><strong>Gedeckte Flucht<\/strong> \u2013 verteilt <strong>Zerstreuerbomben<\/strong><\/li>\n<li><strong>Plasmasonde<\/strong><\/li>\n<li><strong>Splittergranate<\/strong><\/li>\n<li><strong>Feuerschutz<\/strong><\/li>\n<\/ol>\n<p><strong>Burst Cooldowns<\/strong><br \/>\nMit den Burst Cooldowns k\u00f6nnt ihr euren Schaden f\u00fcr eine kurze Zeit erh\u00f6hen.<\/p>\n<ul>\n<li><strong>Adrenalinsonde<\/strong> \u2013 Sobald eure Energie unter 50 f\u00e4llt<\/li>\n<li><strong>Zielerfassung<\/strong> \u2013 Immer auf Cooldown halten<\/li>\n<li><strong>Lasermarkierung<\/strong> \u2013 Immer auf Cooldown halten<\/li>\n<\/ul>\n<p><strong>\u00dcberlebensf\u00e4higkeiten<\/strong><br \/>\nMit \u00dcberlebensf\u00e4higkeiten k\u00f6nnt ihr in Notsituationen euer \u00dcberleben sichern und\/oder eure Heiler unterst\u00fctzen.<\/p>\n<ul>\n<li><strong>Ballistikschild<\/strong> \u2013 Gibt euch einen Schild, der nicht nur euch selbst, sondern auch eure Gef\u00e4hrten besch\u00fctzt. Diese M\u00f6glichkeit solltet ihr am besten auf CD einsetzen, immer wenn Fl\u00e4chenschaden auf die Gruppe zu erwarten ist.<\/li>\n<li><strong>Gedeckte Flucht<\/strong> \u2013 Gibt euch die M\u00f6glichkeit, schnell an einen anderen Ort in Deckung zu rollen. Au\u00dferdem werdet ihr von bewegungseinschr\u00e4nkenden Effekten befreit und w\u00e4hrend ihr rollt weicht ihr automatisch Treffern aus. Durch <strong>Zerstreuerbomben<\/strong> sollte <strong>Gedeckte Flucht<\/strong> auch offensiv eingesetzt werden, um AoE zu verursachen.<\/li>\n<li><strong>Sicherheitsma\u00dfnahmen<\/strong> \u2013 Reduziert eure Bedrohung und sollte eingesetzt werden, wenn ihr Aggro zieht oder kurz davor seid, Aggro zu ziehen.<\/li>\n<li><strong>Entkommen<\/strong> \u2013 Befreit euch, wenn ihr unsch\u00e4dlich gemacht worden seid oder eure Bewegung eingeschr\u00e4nkt ist. Wegen des langen CDs gezielt einsetzen.<\/li>\n<li><strong>Entgehen<\/strong> \u2013 Erh\u00f6ht kurzzeitig eure Chance Angriffen auszuweichen stark und sollte in Notsituationen eingesetzt werden, wenn Gegner euch angreifen.<\/li>\n<li><strong>Schildsonde<\/strong> \u2013 Reduziert den erlittenen Schaden und hat im Vergleich zur Wirkungsdauer einen kurzen CD, diese F\u00e4higkeit k\u00f6nnt ihr immer einsetzen, wenn ihr bei Encountern Schaden bekommt.<\/li>\n<li><strong>Verschanzen<\/strong> \u2013 Macht euch kurzzeitig immun gegen\u00fcber allen Kontrolleffekten. Dies sollte gezielt bei Encountern eingesetzt werden, bei denen entsprechende Effekte auftreten.<\/li>\n<\/ul>\n<h3 id=\"GiftigkeitSW\">Giftigkeit<\/h3>\n<p><strong>Single Target Opener:<\/strong><\/p>\n<ol>\n<li><strong>S\u00e4urepfeil<\/strong> \u2013 um das Ziel zu markieren<\/li>\n<li><strong>S\u00e4uregranate<\/strong> \u2013 Nach M\u00f6glichkeit aufrecht halten<\/li>\n<li><strong>Ausd\u00fcnnung<\/strong> \u2013 Nachdem eure beiden DoT\u2019s auf dem Ziel sind<\/li>\n<\/ol>\n<p>Priorit\u00e4ten Liste:<\/p>\n<ol>\n<li><strong>Ausd\u00fcnnung<\/strong> \u2013 dank F\u00e4llen macht <strong>Ausd\u00fcnnung<\/strong> auch dann zus\u00e4tzlichen Schaden, wenn <strong>S\u00e4urepfeil<\/strong> und <strong>S\u00e4uregranate<\/strong> vor kurzem ausgelaufen sind, aber zuvor einmal auf dem Ziel waren<\/li>\n<li><strong>S\u00e4urepfeil<\/strong> \u2013 um das Ziel zu markieren<\/li>\n<li><strong>S\u00e4uregranate<\/strong> \u2013 Nach M\u00f6glichkeit aufrecht halten<\/li>\n<li><strong>Schw\u00e4chungsschuss<\/strong><\/li>\n<li><strong>Todbringender Schuss<\/strong><\/li>\n<li><strong>Ausschalten<\/strong> \u2013 wenn Ziel unter 30% Gesundheit<\/li>\n<li><strong>\u00dcberladungsschuss<\/strong><\/li>\n<li><strong>Gewehrschuss<\/strong> \u2013 benutzen wenn ihr unter 60 Energie seid.<\/li>\n<li>Maximiert eure Energie Regeneration, indem ihr m\u00f6glichst immer \u00fcber 60 Energie bleibt.<\/li>\n<\/ol>\n<p><strong>Mehrere Ziele (AOE)<\/strong><br \/>\nF\u00fchre die folgende F\u00e4higkeiten f\u00fcr den optimalen Schaden oder Heilung auf mehrere Ziele aus.<\/p>\n<p>Priorit\u00e4ten Liste:<\/p>\n<ol>\n<li><strong>Orbitalschlag<\/strong><\/li>\n<li><strong>S\u00e4urepfeil<\/strong> \u2013 auf ein Ziel<\/li>\n<li><strong>S\u00e4uregranate<\/strong> \u2013 verteilt S\u00e4urepfeil<\/li>\n<li><strong>Splittergranate<\/strong><\/li>\n<li><strong>Feuerschutz<\/strong><\/li>\n<\/ol>\n<p><strong>Burst Cooldowns<\/strong><br \/>\nMit den Burst Cooldowns k\u00f6nnt ihr euren Schaden f\u00fcr eine kurze Zeit erh\u00f6hen.<\/p>\n<ul>\n<li><strong>Adrenalinsonde<\/strong> \u2013 Sobald eure Energie unter 50 f\u00e4llt<\/li>\n<li><strong>Zielerfassung<\/strong> \u2013 Immer auf Cooldown halten<\/li>\n<li><strong>Lasermarkierung<\/strong> \u2013 Immer auf Cooldown halten<\/li>\n<\/ul>\n<p><strong>\u00dcberlebensf\u00e4higkeiten<\/strong><br \/>\nMit \u00dcberlebensf\u00e4higkeiten k\u00f6nnt ihr in Notsituationen euer \u00dcberleben sichern und\/oder eure Heiler unterst\u00fctzen.<\/p>\n<ul>\n<li><strong>Ballistikschild<\/strong> \u2013 Gibt euch einen Schild, der nicht nur euch selbst, sondern auch eure Gef\u00e4hrten besch\u00fctzt. Diese M\u00f6glichkeit solltet ihr am besten auf CD einsetzen, immer wenn Fl\u00e4chenschaden auf die Gruppe zu erwarten ist.<\/li>\n<li><strong>Gedeckte Flucht<\/strong> \u2013 Gibt euch die M\u00f6glichkeit, schnell an einen anderen Ort in Deckung zu rollen. Au\u00dferdem werdet ihr von bewegungseinschr\u00e4nkenden Effekten befreit und w\u00e4hrend ihr rollt weicht ihr automatisch Treffern aus.<\/li>\n<li><strong>Sicherheitsma\u00dfnahmen<\/strong> \u2013 Reduziert eure Bedrohung und sollte eingesetzt werden, wenn ihr Aggro zieht oder kurz davor seid, Aggro zu ziehen.<\/li>\n<li><strong>Entkommen<\/strong> \u2013 Befreit euch, wenn ihr unsch\u00e4dlich gemacht worden seid oder eure Bewegung eingeschr\u00e4nkt ist. Wegen des langen CDs gezielt einsetzen.<\/li>\n<li><strong>Entgehen<\/strong> \u2013 Erh\u00f6ht kurzzeitig eure Chance Angriffen auszuweichen stark und sollte in Notsituationen eingesetzt werden, wenn Gegner euch angreifen.<\/li>\n<li><strong>Schildsonde<\/strong> \u2013 Reduziert den erlittenen Schaden und hat im Vergleich zur Wirkungsdauer einen kurzen CD, diese F\u00e4higkeit k\u00f6nnt ihr immer einsetzen, wenn ihr bei Encountern Schaden bekommt.<\/li>\n<li><strong>Verschanzen<\/strong> \u2013 Macht euch kurzzeitig immun gegen\u00fcber allen Kontrolleffekten. Dies sollte gezielt bei Encountern eingesetzt werden, bei denen entsprechende Effekte auftreten.<\/li>\n<\/ul>\n<p>Gamona ihr macht tolle Guides, weiter so.<\/p>\n","protected":false},"excerpt":{"rendered":"<p>Treffsicherheit List &gt;= Pr\u00e4zision (110%) &gt; Wogenwert (70%) &gt; Kritische Trefferchance (25%) &gt; Schnelligkeit &gt; Angriffskraft Ingenieur List &gt;= Pr\u00e4zision (110%) &gt; Kritische Trefferchance (25%) &gt; Schnelligkeit =&gt; Wogenwert (70%) &gt; Angriffskraft Giftigkeit List &gt;= Pr\u00e4zision (110%) &gt; Wogenwert (70%) &gt; Kritische Trefferchance (25%) &gt; Schnelligkeit &gt; Angriffskraft Treffsicherheit Die Kerntalente dieser Disziplin sind Hinterhalt, &hellip; <a href=\"https:\/\/www.tarvix-corporation.de\/?page_id=2127\" class=\"more-link\"><span class=\"screen-reader-text\">Scharfsch\u00fctze (Imperialer Agent)<\/span> weiterlesen <span class=\"meta-nav\">&rarr;<\/span><\/a><\/p>\n","protected":false},"author":3,"featured_media":0,"parent":2134,"menu_order":0,"comment_status":"closed","ping_status":"closed","template":"","meta":{"jetpack_post_was_ever_published":false,"footnotes":""},"class_list":["post-2127","page","type-page","status-publish","hentry"],"jetpack_sharing_enabled":true,"jetpack_shortlink":"https:\/\/wp.me\/P5i8fx-yj","jetpack-related-posts":[],"_links":{"self":[{"href":"https:\/\/www.tarvix-corporation.de\/index.php?rest_route=\/wp\/v2\/pages\/2127","targetHints":{"allow":["GET"]}}],"collection":[{"href":"https:\/\/www.tarvix-corporation.de\/index.php?rest_route=\/wp\/v2\/pages"}],"about":[{"href":"https:\/\/www.tarvix-corporation.de\/index.php?rest_route=\/wp\/v2\/types\/page"}],"author":[{"embeddable":true,"href":"https:\/\/www.tarvix-corporation.de\/index.php?rest_route=\/wp\/v2\/users\/3"}],"replies":[{"embeddable":true,"href":"https:\/\/www.tarvix-corporation.de\/index.php?rest_route=%2Fwp%2Fv2%2Fcomments&post=2127"}],"version-history":[{"count":1,"href":"https:\/\/www.tarvix-corporation.de\/index.php?rest_route=\/wp\/v2\/pages\/2127\/revisions"}],"predecessor-version":[{"id":2128,"href":"https:\/\/www.tarvix-corporation.de\/index.php?rest_route=\/wp\/v2\/pages\/2127\/revisions\/2128"}],"up":[{"embeddable":true,"href":"https:\/\/www.tarvix-corporation.de\/index.php?rest_route=\/wp\/v2\/pages\/2134"}],"wp:attachment":[{"href":"https:\/\/www.tarvix-corporation.de\/index.php?rest_route=%2Fwp%2Fv2%2Fmedia&parent=2127"}],"curies":[{"name":"wp","href":"https:\/\/api.w.org\/{rel}","templated":true}]}}