{"id":2749,"date":"2017-01-11T22:02:23","date_gmt":"2017-01-11T22:02:23","guid":{"rendered":"http:\/\/tarvix-corporation.de\/?page_id=2749"},"modified":"2017-01-11T22:02:23","modified_gmt":"2017-01-11T22:02:23","slug":"dark-versus-light","status":"publish","type":"page","link":"https:\/\/www.tarvix-corporation.de\/?page_id=2749","title":{"rendered":"Dark versus Light"},"content":{"rendered":"\n<div class=\"twitter-share\"><a href=\"https:\/\/twitter.com\/intent\/tweet?via=Zaseesh\" class=\"twitter-share-button\" data-size=\"large\">Twittern<\/a><\/div>\n<p><span lang=\"de\">Diese Weltbosse erscheinen nur im Siegeszustand der Dunklen oder der\u00a0Hellen Seite.\u00a0Insgesamt sind\u00a0es 10 Bosse f\u00fcr die Helle Seite und 10 Bosse f\u00fcr die Dunkle Seite. Wenn diese rot sind, sind\u00a0sie\u00a0angriffsf\u00e4hig f\u00fcr jedermann, unabh\u00e4ngig von ihrer Ausrichtung. Diese Weltbosse sind f\u00fcr 8-16 Spieler oder mehr entworfen worden.\u00a0Ihr erhaltet allerdings nur Beute f\u00fcr 16 Spieler.\u00a0 Wenn ihr\u00a0mehr als 16 Spieler seid wird der Loot zuf\u00e4llig verteilt.<\/span><\/p>\n<ul>\n<li><span lang=\"de\">Nach dem Besiegen des Bosses erhaltet\u00a0ihr ein\u00a0Token je nach Ausrichtung\u00a0und\u00a0ein gro\u00dfes Weltboss CXP Pack (600 CXP). Die Spieler m\u00fcssen alle in der gleichen Operationsgruppe sein. Sie k\u00f6nnen nicht Token der entgegengesetzten Ausrichtung auf diese Weise erhalten, das bedeutet wenn\u00a0ihr mit\u00a0heller Ausrichtung\u00a0in den Kampf geht und t\u00f6tet einen\u00a0Helle Seite Weltboss, k\u00f6nnen\u00a0ihr nicht\u00a0einen dunklen Seite Token erhalten, nur diejenigen,\u00a0welche auch\u00a0mit Dunkelheit ausgerichtet sind.<\/span><\/li>\n<\/ul>\n<table border=\"0\" width=\"400\" cellspacing=\"0\" cellpadding=\"2\">\n<tbody>\n<tr>\n<td valign=\"top\" width=\"200\">Dunkle Seite Weltbosse<\/td>\n<td valign=\"top\" width=\"200\">Helle Seite Weltbosse<\/td>\n<\/tr>\n<tr>\n<td valign=\"top\" width=\"200\">\n<ul>\n<ul>\n<li>Aloeek the Voracious<\/li>\n<li>Chanta the Unforgiving<\/li>\n<li>Erdi the Relentless<\/li>\n<li>Gorso the Nightmare King<\/li>\n<li>Jinatte the Merciless<\/li>\n<li>Night Stalker Raxine<\/li>\n<li>Overseer Qezzed<\/li>\n<li>Preeda the Butcher<\/li>\n<li>Tormentor Urdig<\/li>\n<li>Yezzil the Raging Storm<\/li>\n<\/ul>\n<\/ul>\n<\/td>\n<td valign=\"top\" width=\"200\">\n<ul>\n<li>Keeper Anais<\/li>\n<li>Justice Orzmod<\/li>\n<li>Malussa the Gleaming Star<\/li>\n<li>Cortella the Righteous<\/li>\n<li>Thundering Bozwed<\/li>\n<li>Warden Nymessa<\/li>\n<li>Guardian Silaraz<\/li>\n<li>Defender Gilada<\/li>\n<\/ul>\n<\/td>\n<\/tr>\n<\/tbody>\n<\/table>\n<p><span lang=\"de\">Sie\u00a0spawnen an folgenden Orten: Tattooine, Alderaan, Hoth, Dromund Kaas \/ Coruscant. Jeder Planet hat 8-10 m\u00f6gliche spawn Positionen.\u00a0Wenn\u00a0ihr einen Weltboss findet und angreift, d\u00fcrft ihr nicht wipen. Sobald ihr wiped\u00a0wird der Chef despawnen.<\/span><\/p>\n<h2>Alderaan<\/h2>\n<ol>\n<li>Juran Mountains (1846, 557)<\/li>\n<li>Glarus Valley (-1801, 89)<\/li>\n<li>Glarus Valley (-1541, \u2013557)<\/li>\n<li>Juran Mountains (1506, \u2013946)<\/li>\n<\/ol>\n<p><a href=\"https:\/\/i0.wp.com\/dulfy.net\/wp-content\/uploads\/2016\/12\/swtor-dvl-world-bosses-alderaan-map2.jpg\"><img data-recalc-dims=\"1\" loading=\"lazy\" decoding=\"async\" title=\"swtor-dvl-world-bosses-alderaan-map\" src=\"https:\/\/i0.wp.com\/dulfy.net\/wp-content\/uploads\/2016\/12\/swtor-dvl-world-bosses-alderaan-map_thumb2.jpg?resize=474%2C447\" alt=\"swtor-dvl-world-bosses-alderaan-map\" width=\"474\" height=\"447\" border=\"0\" \/><\/a><\/p>\n<h2>Dromund Kaas<\/h2>\n<ol>\n<li>Revanite Camp (-885, 1279)<\/li>\n<li>Dark Temple Approach (-1531, 829)<\/li>\n<li>Initiate\u2019s Path (-596, 997)<\/li>\n<li>Initiate\u2019s Path (-349, 577)<\/li>\n<li>Dark Temple Approach (-919, 144)<\/li>\n<li>Malignant Bog (4, 1659)<\/li>\n<li>Malignant Bog (116, 1558)<\/li>\n<\/ol>\n<p><a href=\"https:\/\/i0.wp.com\/dulfy.net\/wp-content\/uploads\/2016\/12\/swtor-dvl-world-bosses-dormund-kaas-map2.jpg\"><img data-recalc-dims=\"1\" loading=\"lazy\" decoding=\"async\" title=\"swtor-dvl-world-bosses-dormund-kaas-map\" src=\"https:\/\/i0.wp.com\/dulfy.net\/wp-content\/uploads\/2016\/12\/swtor-dvl-world-bosses-dormund-kaas-map_thumb2.jpg?resize=474%2C387\" alt=\"swtor-dvl-world-bosses-dormund-kaas-map\" width=\"474\" height=\"387\" border=\"0\" \/><\/a><\/p>\n<h2>Hoth<\/h2>\n<ol>\n<li>Clabburn Tundra (-3557, 164)<\/li>\n<li>Highmount Ridge (-1779, \u2013533)<\/li>\n<li>Highmount Ridge (-1565, 166)<\/li>\n<li>Highmount Ridge (-1176, 1235)<\/li>\n<li>Glacial Fissure (890, 227)<\/li>\n<\/ol>\n<p><a href=\"https:\/\/i0.wp.com\/dulfy.net\/wp-content\/uploads\/2016\/12\/swtor-dvl-world-bosses-hoth4.jpg\"><img data-recalc-dims=\"1\" loading=\"lazy\" decoding=\"async\" title=\"swtor-dvl-world-bosses-hoth\" src=\"https:\/\/i0.wp.com\/dulfy.net\/wp-content\/uploads\/2016\/12\/swtor-dvl-world-bosses-hoth_thumb4.jpg?resize=474%2C281\" alt=\"swtor-dvl-world-bosses-hoth\" width=\"474\" height=\"281\" border=\"0\" \/><\/a><\/p>\n<h2>Tatooine<\/h2>\n<ol>\n<li>Dune Sea (-1232, 241)<\/li>\n<li>Dune Sea (-1653, \u20131923)<\/li>\n<li>Jundland (967, \u20131092)<\/li>\n<li>Dune Sea (-1901, \u2013256)<\/li>\n<li>Dun Sea (-1278, \u2013859)<\/li>\n<li>Jundland (1282, \u2013300)<\/li>\n<li>Juneland (-879, \u20131918)<\/li>\n<\/ol>\n<p><a href=\"https:\/\/i0.wp.com\/dulfy.net\/wp-content\/uploads\/2016\/12\/swtor-dvl-world-bosses-tatooine7.jpg\"><img data-recalc-dims=\"1\" loading=\"lazy\" decoding=\"async\" title=\"swtor-dvl-world-bosses-tatooine\" src=\"https:\/\/i0.wp.com\/dulfy.net\/wp-content\/uploads\/2016\/12\/swtor-dvl-world-bosses-tatooine_thumb7.jpg?resize=474%2C539\" alt=\"swtor-dvl-world-bosses-tatooine\" width=\"474\" height=\"539\" border=\"0\" \/><\/a><\/p>\n<h2>Coruscant<\/h2>\n<p>1. Justicar Territory (875, 4581)<\/p>\n<p><a href=\"https:\/\/i0.wp.com\/dulfy.net\/wp-content\/uploads\/2016\/12\/swtor-dvl-world-bosses-coruscant.jpg\"><img data-recalc-dims=\"1\" loading=\"lazy\" decoding=\"async\" title=\"swtor-dvl-world-bosses-coruscant\" src=\"https:\/\/i0.wp.com\/dulfy.net\/wp-content\/uploads\/2016\/12\/swtor-dvl-world-bosses-coruscant_thumb.jpg?resize=227%2C239\" alt=\"swtor-dvl-world-bosses-coruscant\" width=\"227\" height=\"239\" border=\"0\" \/><\/a><\/p>\n<p>2. Black Sun Territory (-3825, 529)<\/p>\n<p><a href=\"https:\/\/i0.wp.com\/dulfy.net\/wp-content\/uploads\/2016\/12\/swtor-dvl-world-bosses-coruscant-2.jpg\"><img data-recalc-dims=\"1\" loading=\"lazy\" decoding=\"async\" title=\"swtor-dvl-world-bosses-coruscant-2\" src=\"https:\/\/i0.wp.com\/dulfy.net\/wp-content\/uploads\/2016\/12\/swtor-dvl-world-bosses-coruscant-2_thumb.jpg?resize=230%2C240\" alt=\"swtor-dvl-world-bosses-coruscant-2\" width=\"230\" height=\"240\" border=\"0\" \/><\/a><\/p>\n","protected":false},"excerpt":{"rendered":"<p>Diese Weltbosse erscheinen nur im Siegeszustand der Dunklen oder der\u00a0Hellen Seite.\u00a0Insgesamt sind\u00a0es 10 Bosse f\u00fcr die Helle Seite und 10 Bosse f\u00fcr die Dunkle Seite. Wenn diese rot sind, sind\u00a0sie\u00a0angriffsf\u00e4hig f\u00fcr jedermann, unabh\u00e4ngig von ihrer Ausrichtung. Diese Weltbosse sind f\u00fcr 8-16 Spieler oder mehr entworfen worden.\u00a0Ihr erhaltet allerdings nur Beute f\u00fcr 16 Spieler.\u00a0 Wenn ihr\u00a0mehr &hellip; <a href=\"https:\/\/www.tarvix-corporation.de\/?page_id=2749\" class=\"more-link\"><span class=\"screen-reader-text\">Dark versus Light<\/span> weiterlesen <span class=\"meta-nav\">&rarr;<\/span><\/a><\/p>\n","protected":false},"author":3,"featured_media":0,"parent":78,"menu_order":0,"comment_status":"closed","ping_status":"closed","template":"","meta":{"jetpack_post_was_ever_published":false,"footnotes":""},"class_list":["post-2749","page","type-page","status-publish","hentry"],"jetpack_sharing_enabled":true,"jetpack_shortlink":"https:\/\/wp.me\/P5i8fx-Il","jetpack-related-posts":[],"_links":{"self":[{"href":"https:\/\/www.tarvix-corporation.de\/index.php?rest_route=\/wp\/v2\/pages\/2749","targetHints":{"allow":["GET"]}}],"collection":[{"href":"https:\/\/www.tarvix-corporation.de\/index.php?rest_route=\/wp\/v2\/pages"}],"about":[{"href":"https:\/\/www.tarvix-corporation.de\/index.php?rest_route=\/wp\/v2\/types\/page"}],"author":[{"embeddable":true,"href":"https:\/\/www.tarvix-corporation.de\/index.php?rest_route=\/wp\/v2\/users\/3"}],"replies":[{"embeddable":true,"href":"https:\/\/www.tarvix-corporation.de\/index.php?rest_route=%2Fwp%2Fv2%2Fcomments&post=2749"}],"version-history":[{"count":2,"href":"https:\/\/www.tarvix-corporation.de\/index.php?rest_route=\/wp\/v2\/pages\/2749\/revisions"}],"predecessor-version":[{"id":2752,"href":"https:\/\/www.tarvix-corporation.de\/index.php?rest_route=\/wp\/v2\/pages\/2749\/revisions\/2752"}],"up":[{"embeddable":true,"href":"https:\/\/www.tarvix-corporation.de\/index.php?rest_route=\/wp\/v2\/pages\/78"}],"wp:attachment":[{"href":"https:\/\/www.tarvix-corporation.de\/index.php?rest_route=%2Fwp%2Fv2%2Fmedia&parent=2749"}],"curies":[{"name":"wp","href":"https:\/\/api.w.org\/{rel}","templated":true}]}}