{"id":2800,"date":"2017-04-07T09:40:25","date_gmt":"2017-04-07T09:40:25","guid":{"rendered":"http:\/\/tarvix-corporation.de\/?page_id=2800"},"modified":"2017-07-04T18:14:18","modified_gmt":"2017-07-04T18:14:18","slug":"tyth-gott-der-wut","status":"publish","type":"page","link":"https:\/\/www.tarvix-corporation.de\/?page_id=2800","title":{"rendered":"Tyth &#8211; Gott der Wut"},"content":{"rendered":"\n<div class=\"twitter-share\"><a href=\"https:\/\/twitter.com\/intent\/tweet?via=Zaseesh\" class=\"twitter-share-button\" data-size=\"large\">Twittern<\/a><\/div>\n<h4><span id=\"STORY_MODE\">STORY MODE<\/span><\/h4>\n<h5><span id=\"Basics\">Basics<\/span><\/h5>\n<p><span id=\"result_box\" lang=\"de\">Die Begegnung beginnt mit dem Singleboss Tyth, der in der Mitte eines kreisf\u00f6rmigen Gebietes sitzt. Es w\u00e4re eine gute Idee, ihn an den Rand der Plattform zu tanken und sich von der Gruppe zu entfernen. W\u00e4hrend des Kampfes spawnen Gruppen, welche aus 3 oder 4 Adds\u00a0 bestehen. Welche Adds und wieviele spawnen ist immer zuf\u00e4llig. Weiter unten werde ich die verschiedenen Arten von Adds beschreiben, welche hervorgebracht werden k\u00f6nnen.<\/span><\/p>\n<p>Bevor ich dazu komme muss ich erst den Buff vom Boss erkl\u00e4ren.<\/p>\n<p><a href=\"http:\/\/vulkk.com\/2017\/04\/05\/tyth-god-of-rage-swtor-gods-from-the-machine-ops-boss-guide\/tyth-the-god-of-rage-swtor-boss-guide\/\" rel=\"attachment wp-att-17299\"><img data-recalc-dims=\"1\" loading=\"lazy\" decoding=\"async\" class=\"size-full wp-image-17299 alignright\" src=\"https:\/\/i0.wp.com\/vulkk.vulkkcom.netdna-cdn.com\/wp-content\/uploads\/2017\/04\/Tyth-The-God-of-Rage-SWTOR-Boss-Guide.jpg?resize=269%2C348\" sizes=\"auto, (max-width: 269px) 100vw, 269px\" srcset=\"\/\/vulkk.vulkkcom.netdna-cdn.com\/wp-content\/uploads\/2017\/04\/Tyth-The-God-of-Rage-SWTOR-Boss-Guide.jpg 269w, \/\/vulkk.vulkkcom.netdna-cdn.com\/wp-content\/uploads\/2017\/04\/Tyth-The-God-of-Rage-SWTOR-Boss-Guide-116x150.jpg 116w\" alt=\"Tyth The God of Rage SWTOR Boss Guide\" width=\"269\" height=\"348\" \/><\/a>\u00dcbersetztung des Textes:<\/p>\n<blockquote><p><span id=\"result_box\" lang=\"de\">Tyths baut seine Wut jedes Mal auf, wenn ein Verb\u00fcndeter im\u00a0 Kampf f\u00e4llt. Tyth baut viel Wut auf, wenn einer seiner eigenen Angriffe einen Verb\u00fcndeten t\u00f6tet. Tyths Wut wird sich zur\u00fccksetzen, wenn er eine Zeit lang keine Wut gewonnen hat. Tyths Wut wird auch durch gewisse Unterst\u00fctzungsf\u00e4higkeiten von seinen Verb\u00fcndeten vermindert. Jeder Stapel Wut erh\u00f6ht Tyths Schaden. Tyths AoE-Angriffe wirken in einem\u00a0 gr\u00f6\u00dferen Bereich ab 3 Stacks und ab 6 Stacks. Bei 10 Stacks beginnt Tyths Wut Auszuufern und entl\u00e4dt sich unkontrolliert.<br \/>\n<\/span><\/p><\/blockquote>\n<p><span id=\"result_box\" lang=\"de\">Dies bedeutet, dass eine feine Balance bei der Bek\u00e4mpfung des Bosses gefunden werden muss. Wenn ein Teammitglied stirbt, kann dies zu einem Wipe f\u00fchren, auch im Story-Modus. Es h\u00e4ngt von der aktuellen Phase des Kampfes und der Anzahl der Stacks, die der Boss hat.<\/span><\/p>\n<p><span id=\"result_box\" lang=\"de\">Der Weg um Tyths Wut zu senken ist einen Grace-Droid am leben zu erhalten. Durch Heilung, Kiten oder ihm einfach keine Schaden f\u00fcr eine gewisse Zeit zu zuf\u00fcgen. Mehr dazu weiter unten bei den\u00a0 Add Erkl\u00e4rungen. Sobald der Boss 10 Stacks oder mehr erreicht hat, ist es sehr wahrscheinlich, dass der Boss ein One-Shot auf einen Spieler startet.<\/span><\/p>\n<p><span id=\"result_box\" lang=\"de\">Es ist unklug, Tyths Wutz\u00e4hler zu erlauben, hohe Zahlen zu erreichen, da der Raidweite unvermeidliche Schaden von einem One-Shot auf einen Spieler meist den mit der niedrigsten HP erwischt.<\/span><\/p>\n<p><span id=\"result_box\" lang=\"de\">Es besteht keine Notwendigkeit f\u00fcr einen Tankwechsel im Story-Modus. Es ist sogar m\u00f6glich, die Begegnung mit nur einem Tank durchzuf\u00fchren.<\/span><\/p>\n<h5><span id=\"Tyth8217s_Special_Attacks\">Tyth\u2019s Spezial Attacken<\/span><\/h5>\n<ul>\n<li><strong>Frontal Cleave<\/strong> \u2013 Der <span id=\"result_box\" lang=\"de\">Frontalangriff erfolgt in einem Kegelbereich vor dem Boss. Im Story-Modus sollte der Tank Tyth an den Rand der Plattform positionieren. Der Kegel hat ungef\u00e4hr eine 45 Grad Winkel im Story-Modus.<\/span><\/li>\n<li><strong>Energy Wave<\/strong> \u2013 Ein <span id=\"result_box\" lang=\"de\">Frontal gerichteter Cleeve der in beide Richtungen zeigt und ungef\u00e4hr 2,4 Sekunden Castet. Da dieser dem Tank folgt ist es leicht, diesen Cleve aus der Gruppe zu ziehen.<\/span><\/li>\n<\/ul>\n<div id=\"gallery-3\" class=\"gallery galleryid-17298 gallery-columns-2 gallery-size-medium\">\n<dl class=\"gallery-item\">\n<dt class=\"gallery-icon landscape\"><a href=\"http:\/\/vulkk.com\/2017\/04\/05\/tyth-god-of-rage-swtor-gods-from-the-machine-ops-boss-guide\/tyth-the-god-of-rage-swtor-gods-from-the-machine-ops-boss-guide-frontal-cone-cleave-attack\/\"><img data-recalc-dims=\"1\" loading=\"lazy\" decoding=\"async\" class=\"attachment-medium size-medium\" src=\"https:\/\/i0.wp.com\/vulkk.vulkkcom.netdna-cdn.com\/wp-content\/uploads\/2017\/04\/Tyth-The-God-of-Rage-SWTOR-Gods-from-the-Machine-Ops-Boss-Guide-Frontal-Cone-Cleave-Attack-400x224.jpg?resize=400%2C224\" sizes=\"auto, (max-width: 400px) 100vw, 400px\" srcset=\"\/\/vulkk.vulkkcom.netdna-cdn.com\/wp-content\/uploads\/2017\/04\/Tyth-The-God-of-Rage-SWTOR-Gods-from-the-Machine-Ops-Boss-Guide-Frontal-Cone-Cleave-Attack-400x225.jpg 400w, \/\/vulkk.vulkkcom.netdna-cdn.com\/wp-content\/uploads\/2017\/04\/Tyth-The-God-of-Rage-SWTOR-Gods-from-the-Machine-Ops-Boss-Guide-Frontal-Cone-Cleave-Attack-267x150.jpg 267w, \/\/vulkk.vulkkcom.netdna-cdn.com\/wp-content\/uploads\/2017\/04\/Tyth-The-God-of-Rage-SWTOR-Gods-from-the-Machine-Ops-Boss-Guide-Frontal-Cone-Cleave-Attack-768x431.jpg 768w, \/\/vulkk.vulkkcom.netdna-cdn.com\/wp-content\/uploads\/2017\/04\/Tyth-The-God-of-Rage-SWTOR-Gods-from-the-Machine-Ops-Boss-Guide-Frontal-Cone-Cleave-Attack.jpg 875w, \/\/vulkk.vulkkcom.netdna-cdn.com\/wp-content\/uploads\/2017\/04\/Tyth-The-God-of-Rage-SWTOR-Gods-from-the-Machine-Ops-Boss-Guide-Frontal-Cone-Cleave-Attack-89x50.jpg 89w, \/\/vulkk.vulkkcom.netdna-cdn.com\/wp-content\/uploads\/2017\/04\/Tyth-The-God-of-Rage-SWTOR-Gods-from-the-Machine-Ops-Boss-Guide-Frontal-Cone-Cleave-Attack-178x100.jpg 178w\" alt=\"\" width=\"400\" height=\"224\" \/><\/a><\/dt>\n<\/dl>\n<dl class=\"gallery-item\">\n<dt class=\"gallery-icon landscape\"><a href=\"http:\/\/vulkk.com\/2017\/04\/05\/tyth-god-of-rage-swtor-gods-from-the-machine-ops-boss-guide\/tyth-the-god-of-rage-swtor-gods-from-the-machine-ops-boss-guide-energy-wave-attack\/\"><img data-recalc-dims=\"1\" loading=\"lazy\" decoding=\"async\" class=\"attachment-medium size-medium\" src=\"https:\/\/i0.wp.com\/vulkk.vulkkcom.netdna-cdn.com\/wp-content\/uploads\/2017\/04\/Tyth-The-God-of-Rage-SWTOR-Gods-from-the-Machine-Ops-Boss-Guide-Energy-Wave-Attack-400x224.jpg?resize=400%2C224\" sizes=\"auto, (max-width: 400px) 100vw, 400px\" srcset=\"\/\/vulkk.vulkkcom.netdna-cdn.com\/wp-content\/uploads\/2017\/04\/Tyth-The-God-of-Rage-SWTOR-Gods-from-the-Machine-Ops-Boss-Guide-Energy-Wave-Attack-400x225.jpg 400w, \/\/vulkk.vulkkcom.netdna-cdn.com\/wp-content\/uploads\/2017\/04\/Tyth-The-God-of-Rage-SWTOR-Gods-from-the-Machine-Ops-Boss-Guide-Energy-Wave-Attack-267x150.jpg 267w, \/\/vulkk.vulkkcom.netdna-cdn.com\/wp-content\/uploads\/2017\/04\/Tyth-The-God-of-Rage-SWTOR-Gods-from-the-Machine-Ops-Boss-Guide-Energy-Wave-Attack-768x430.jpg 768w, \/\/vulkk.vulkkcom.netdna-cdn.com\/wp-content\/uploads\/2017\/04\/Tyth-The-God-of-Rage-SWTOR-Gods-from-the-Machine-Ops-Boss-Guide-Energy-Wave-Attack.jpg 875w, \/\/vulkk.vulkkcom.netdna-cdn.com\/wp-content\/uploads\/2017\/04\/Tyth-The-God-of-Rage-SWTOR-Gods-from-the-Machine-Ops-Boss-Guide-Energy-Wave-Attack-89x50.jpg 89w, \/\/vulkk.vulkkcom.netdna-cdn.com\/wp-content\/uploads\/2017\/04\/Tyth-The-God-of-Rage-SWTOR-Gods-from-the-Machine-Ops-Boss-Guide-Energy-Wave-Attack-178x100.jpg 178w\" alt=\"\" width=\"400\" height=\"224\" \/><\/a><\/dt>\n<\/dl>\n<\/div>\n<h5><span id=\"Adds\">Adds<\/span><\/h5>\n<p><span id=\"result_box\" lang=\"de\">W\u00e4hrend der Begegnung sehen Sie 4 verschiedene Arten von Addwellen. Hier ist eine kurze Beschreibung von jedem Typ und was diese tun oder was ihr tun solltet, wenn sie spawnen. Der Spawn-Standort wird auf dem Boden mit einem farbigen Schild markiert, so dass ihr wisst, wo diese zu erwarten sind. Die Wellen spawnen immer, auch wenn die vorherige noch nicht vernichtet wurde. In bestimmten F\u00e4llen k\u00f6nnen sich dadurch zum Ende hin eine ganze Menge von Adds ansammeln. Alle Adds k\u00f6nnen bet\u00e4ubt und Casts k\u00f6nnen unterbrochen werden.<\/span><\/p>\n<ul>\n<li><strong>Grace<\/strong> (Gr\u00fcnes Add, 87k HP) \u2013 Dieser heilt<span id=\"result_box\" lang=\"de\"> Tyth mit einer 4 Sekunden-Cast-F\u00e4higkeit namens Aivelas Restauration bei gleichzeitiger Senkung seines Wut Stacks. Der Cast kann unterbrochen werden. Beim 4. Mal hat Grace eine F\u00e4higkeit, welche 3 Stacks aus Tyth&#8217;s Wut zieht und legt zus\u00e4tzlich eine 50% Schadensreduktions Buff auf den Boss f\u00fcr eine kurze Dauer.<\/span><\/li>\n<li><strong>Lance<\/strong> (Rotes Add, 87k HP) \u2013 Dieser erzeugt<span id=\"result_box\" lang=\"de\"> einen projizierten Frontalangriff namens Energy Lance, der alles in einem schmalen rechteckigen Bereich vor ihm trifft. Wenn ihr diesen roten Cleve \u00fcber einen abgeschirmten\/gegardeten Justice legt, verliert dieser sein Schild.<\/span><\/li>\n<li><strong>Justice<\/strong> (Blaues Add, 87k HP) \u2013 <span id=\"result_box\" lang=\"de\">Spawnen einen kleinen Kreis um sich herum. Nur Spieler im Inneren des Kreises k\u00f6nnen den Justice besch\u00e4digen, w\u00e4hrend ihr zus\u00e4tzlich auch aus dem Energiekreis st\u00e4ndig Schaden nehmt.<\/span><\/li>\n<li><strong>Guardian<\/strong> (Gelbes Add, 87k HP) \u2013 Ein <span id=\"result_box\" lang=\"de\">Nahkampfschadensadd, welches oft auf die Heiler geht. Sollte schnell erledigt werden oder vom zweiten Tank gekitet werden. Der Guardien hat eine Angriffsreichweite vom\u00a0 4m. Sobald dieses Add Schaden erh\u00e4lt verliert man sofort die Aggro. Beim Kiten sollen man das Add knapp \u00fcber 4 halten.<\/span><\/li>\n<\/ul>\n<div id=\"gallery-4\" class=\"gallery galleryid-17298 gallery-columns-2 gallery-size-medium\">\n<dl class=\"gallery-item\">\n<dt class=\"gallery-icon landscape\"><a href=\"http:\/\/vulkk.com\/2017\/04\/05\/tyth-god-of-rage-swtor-gods-from-the-machine-ops-boss-guide\/tyth-the-god-of-rage-swtor-gods-from-the-machine-ops-boss-guide-add-close-up\/\"><img data-recalc-dims=\"1\" loading=\"lazy\" decoding=\"async\" class=\"attachment-medium size-medium\" src=\"https:\/\/i0.wp.com\/vulkk.vulkkcom.netdna-cdn.com\/wp-content\/uploads\/2017\/04\/Tyth-The-God-of-Rage-SWTOR-Gods-from-the-Machine-Ops-Boss-Guide-Add-close-up-400x224.jpg?resize=400%2C224\" sizes=\"auto, (max-width: 400px) 100vw, 400px\" srcset=\"\/\/vulkk.vulkkcom.netdna-cdn.com\/wp-content\/uploads\/2017\/04\/Tyth-The-God-of-Rage-SWTOR-Gods-from-the-Machine-Ops-Boss-Guide-Add-close-up-400x225.jpg 400w, \/\/vulkk.vulkkcom.netdna-cdn.com\/wp-content\/uploads\/2017\/04\/Tyth-The-God-of-Rage-SWTOR-Gods-from-the-Machine-Ops-Boss-Guide-Add-close-up-267x150.jpg 267w, \/\/vulkk.vulkkcom.netdna-cdn.com\/wp-content\/uploads\/2017\/04\/Tyth-The-God-of-Rage-SWTOR-Gods-from-the-Machine-Ops-Boss-Guide-Add-close-up-768x430.jpg 768w, \/\/vulkk.vulkkcom.netdna-cdn.com\/wp-content\/uploads\/2017\/04\/Tyth-The-God-of-Rage-SWTOR-Gods-from-the-Machine-Ops-Boss-Guide-Add-close-up.jpg 875w, \/\/vulkk.vulkkcom.netdna-cdn.com\/wp-content\/uploads\/2017\/04\/Tyth-The-God-of-Rage-SWTOR-Gods-from-the-Machine-Ops-Boss-Guide-Add-close-up-89x50.jpg 89w, \/\/vulkk.vulkkcom.netdna-cdn.com\/wp-content\/uploads\/2017\/04\/Tyth-The-God-of-Rage-SWTOR-Gods-from-the-Machine-Ops-Boss-Guide-Add-close-up-178x100.jpg 178w\" alt=\"Tyth The God of Rage SWTOR Gods from the Machine Ops Boss Guide - Add close-up\" width=\"400\" height=\"224\" \/><\/a><\/dt>\n<\/dl>\n<dl class=\"gallery-item\">\n<dt class=\"gallery-icon landscape\"><a href=\"http:\/\/vulkk.com\/2017\/04\/05\/tyth-god-of-rage-swtor-gods-from-the-machine-ops-boss-guide\/tyth-the-god-of-rage-swtor-gods-from-the-machine-ops-boss-guide-lance-add-frontal-attack\/\"><img data-recalc-dims=\"1\" loading=\"lazy\" decoding=\"async\" class=\"attachment-medium size-medium\" src=\"https:\/\/i0.wp.com\/vulkk.vulkkcom.netdna-cdn.com\/wp-content\/uploads\/2017\/04\/Tyth-The-God-of-Rage-SWTOR-Gods-from-the-Machine-Ops-Boss-Guide-Lance-Add-frontal-attack-400x225.jpg?resize=400%2C225\" sizes=\"auto, (max-width: 400px) 100vw, 400px\" srcset=\"\/\/vulkk.vulkkcom.netdna-cdn.com\/wp-content\/uploads\/2017\/04\/Tyth-The-God-of-Rage-SWTOR-Gods-from-the-Machine-Ops-Boss-Guide-Lance-Add-frontal-attack-400x225.jpg 400w, \/\/vulkk.vulkkcom.netdna-cdn.com\/wp-content\/uploads\/2017\/04\/Tyth-The-God-of-Rage-SWTOR-Gods-from-the-Machine-Ops-Boss-Guide-Lance-Add-frontal-attack-267x150.jpg 267w, \/\/vulkk.vulkkcom.netdna-cdn.com\/wp-content\/uploads\/2017\/04\/Tyth-The-God-of-Rage-SWTOR-Gods-from-the-Machine-Ops-Boss-Guide-Lance-Add-frontal-attack-768x431.jpg 768w, \/\/vulkk.vulkkcom.netdna-cdn.com\/wp-content\/uploads\/2017\/04\/Tyth-The-God-of-Rage-SWTOR-Gods-from-the-Machine-Ops-Boss-Guide-Lance-Add-frontal-attack.jpg 875w, \/\/vulkk.vulkkcom.netdna-cdn.com\/wp-content\/uploads\/2017\/04\/Tyth-The-God-of-Rage-SWTOR-Gods-from-the-Machine-Ops-Boss-Guide-Lance-Add-frontal-attack-89x50.jpg 89w, \/\/vulkk.vulkkcom.netdna-cdn.com\/wp-content\/uploads\/2017\/04\/Tyth-The-God-of-Rage-SWTOR-Gods-from-the-Machine-Ops-Boss-Guide-Lance-Add-frontal-attack-178x100.jpg 178w\" alt=\"Tyth The God of Rage SWTOR Gods from the Machine Ops Boss Guide - Lance Add frontal attack\" width=\"400\" height=\"225\" \/><\/a><\/dt>\n<\/dl>\n<dl class=\"gallery-item\">\n<dt class=\"gallery-icon landscape\"><a href=\"http:\/\/vulkk.com\/2017\/04\/05\/tyth-god-of-rage-swtor-gods-from-the-machine-ops-boss-guide\/tyth-the-god-of-rage-swtor-gods-from-the-machine-ops-boss-guide-justice-add-shield\/\"><img data-recalc-dims=\"1\" loading=\"lazy\" decoding=\"async\" class=\"attachment-medium size-medium\" src=\"https:\/\/i0.wp.com\/vulkk.vulkkcom.netdna-cdn.com\/wp-content\/uploads\/2017\/04\/Tyth-The-God-of-Rage-SWTOR-Gods-from-the-Machine-Ops-Boss-Guide-Justice-Add-shield-400x222.jpg?resize=400%2C222\" sizes=\"auto, (max-width: 400px) 100vw, 400px\" srcset=\"\/\/vulkk.vulkkcom.netdna-cdn.com\/wp-content\/uploads\/2017\/04\/Tyth-The-God-of-Rage-SWTOR-Gods-from-the-Machine-Ops-Boss-Guide-Justice-Add-shield-400x222.jpg 400w, \/\/vulkk.vulkkcom.netdna-cdn.com\/wp-content\/uploads\/2017\/04\/Tyth-The-God-of-Rage-SWTOR-Gods-from-the-Machine-Ops-Boss-Guide-Justice-Add-shield-267x148.jpg 267w, \/\/vulkk.vulkkcom.netdna-cdn.com\/wp-content\/uploads\/2017\/04\/Tyth-The-God-of-Rage-SWTOR-Gods-from-the-Machine-Ops-Boss-Guide-Justice-Add-shield-768x427.jpg 768w, \/\/vulkk.vulkkcom.netdna-cdn.com\/wp-content\/uploads\/2017\/04\/Tyth-The-God-of-Rage-SWTOR-Gods-from-the-Machine-Ops-Boss-Guide-Justice-Add-shield.jpg 875w, \/\/vulkk.vulkkcom.netdna-cdn.com\/wp-content\/uploads\/2017\/04\/Tyth-The-God-of-Rage-SWTOR-Gods-from-the-Machine-Ops-Boss-Guide-Justice-Add-shield-89x50.jpg 89w, \/\/vulkk.vulkkcom.netdna-cdn.com\/wp-content\/uploads\/2017\/04\/Tyth-The-God-of-Rage-SWTOR-Gods-from-the-Machine-Ops-Boss-Guide-Justice-Add-shield-178x100.jpg 178w\" alt=\"Tyth The God of Rage SWTOR Gods from the Machine Ops Boss Guide - Justice Add shield\" width=\"400\" height=\"222\" \/><\/a><\/dt>\n<\/dl>\n<dl class=\"gallery-item\">\n<dt class=\"gallery-icon landscape\"><a href=\"http:\/\/vulkk.com\/2017\/04\/05\/tyth-god-of-rage-swtor-gods-from-the-machine-ops-boss-guide\/tyth-the-god-of-rage-swtor-gods-from-the-machine-ops-boss-guide-grace-add-aivelas-restoration-ability\/\"><img data-recalc-dims=\"1\" loading=\"lazy\" decoding=\"async\" class=\"attachment-medium size-medium\" src=\"https:\/\/i0.wp.com\/vulkk.vulkkcom.netdna-cdn.com\/wp-content\/uploads\/2017\/04\/Tyth-The-God-of-Rage-SWTOR-Gods-from-the-Machine-Ops-Boss-Guide-Grace-Add-Aivelas-Restoration-Ability-400x225.jpg?resize=400%2C225\" sizes=\"auto, (max-width: 400px) 100vw, 400px\" srcset=\"\/\/vulkk.vulkkcom.netdna-cdn.com\/wp-content\/uploads\/2017\/04\/Tyth-The-God-of-Rage-SWTOR-Gods-from-the-Machine-Ops-Boss-Guide-Grace-Add-Aivelas-Restoration-Ability-400x225.jpg 400w, \/\/vulkk.vulkkcom.netdna-cdn.com\/wp-content\/uploads\/2017\/04\/Tyth-The-God-of-Rage-SWTOR-Gods-from-the-Machine-Ops-Boss-Guide-Grace-Add-Aivelas-Restoration-Ability-267x150.jpg 267w, \/\/vulkk.vulkkcom.netdna-cdn.com\/wp-content\/uploads\/2017\/04\/Tyth-The-God-of-Rage-SWTOR-Gods-from-the-Machine-Ops-Boss-Guide-Grace-Add-Aivelas-Restoration-Ability-768x432.jpg 768w, \/\/vulkk.vulkkcom.netdna-cdn.com\/wp-content\/uploads\/2017\/04\/Tyth-The-God-of-Rage-SWTOR-Gods-from-the-Machine-Ops-Boss-Guide-Grace-Add-Aivelas-Restoration-Ability.jpg 875w, \/\/vulkk.vulkkcom.netdna-cdn.com\/wp-content\/uploads\/2017\/04\/Tyth-The-God-of-Rage-SWTOR-Gods-from-the-Machine-Ops-Boss-Guide-Grace-Add-Aivelas-Restoration-Ability-89x50.jpg 89w, \/\/vulkk.vulkkcom.netdna-cdn.com\/wp-content\/uploads\/2017\/04\/Tyth-The-God-of-Rage-SWTOR-Gods-from-the-Machine-Ops-Boss-Guide-Grace-Add-Aivelas-Restoration-Ability-178x100.jpg 178w\" alt=\"Tyth The God of Rage SWTOR Gods from the Machine Ops Boss Guide - Grace Add Aivela's Restoration Ability\" width=\"400\" height=\"225\" \/><\/a><\/dt>\n<\/dl>\n<\/div>\n<hr \/>\n<h4><span id=\"VETERAN_MODE\">VETERAN MODE<\/span><\/h4>\n<p><span id=\"result_box\" lang=\"de\">Der Veteranen-Modus dieses Kampfes stellt eine neuen Mechanik namens Inversion vor. Der beste Ort, um den Boss zu tanken, ist immer noch am Rande der Plattform. Eine gute Strategie ist, die ersten 2 Spawnwellen zu t\u00f6ten. Den Grace am leben zu lassen und ihn 3 mal zu unterbrechen. Den vierten Versuch durchzulassen und ihn dann zu t\u00f6ten. <\/span><\/p>\n<ul>\n<li><strong>Inversion<\/strong> \u2013 <span id=\"result_box\" lang=\"de\">Neue Mechanik! Eine blaue Void erscheint um den Boss und Castet f\u00fcr 5s. Am Ende des Casts werden alle Spieler, die im Kreis stehen, nach drau\u00dfen \u00fcber den Mittelpunkt des Kreises (!) Geschoben und erhalten einen Schadensschub + Heilung erhaltenen Bonus. Der Push-Radius ist etwa die H\u00e4lfte der Strecke der Arena. Spieler, die au\u00dferhalb des Kreises stehen, werden in Richtung des Chefs und der Mitte des Kreises gezogen und erhalten einen Schadensdebuff. Dieser neue kanalisierte Angriff wiederholt sich ungef\u00e4hr alle\u00a0 35-40s bis zum Ende der Begegnung. Es wird empfohlen, dass jeder in den blauen Kreis kommt, bevor der Cast endet. Die Dauer des Schadensdefekts ist l\u00e4nger als die Dauer des Schadens.<\/span><\/li>\n<li>Frontal Cone \u2013 Dieser Angriff hat einen vollen radius von 180 Grad im Veteranen Modus<\/li>\n<li>Energy Wave \u2013<span id=\"result_box\" lang=\"de\">Der Cleve scheint breiter zu sein, obwohl ich mir nicht zu 100% sicher bin. Wenn es so ist, ist es nicht viel.<\/span><\/li>\n<li>Tank Wechsel \u2013 <span id=\"result_box\" lang=\"de\">Im Veteranen-Modus tauschen Tanks nach jeder Inversion. Heiler m\u00fcssen den debuff reinigen, den die Tanks erhalten. Die Reinigung erfolgt bei 5 Stacks oder weniger. Der Off-Tank kann den Guardian Droid abholen und ihn zum Boss bringen, um ihn dortmit AoE Schaden schnell zu t\u00f6ten.<\/span><\/li>\n<li><span id=\"result_box\" lang=\"de\">Wenn Tyth einen Droiden im Veteranen-Modus t\u00f6tet, bekommt der Boss doppelt soviele Stacks. Wenn Adds nahe am Boss pawnen empfiehlt es sich, Tyth zu einem anderen freien Bereich zu bewegen.<\/span><\/li>\n<\/ul>\n<p>Have Fun Euer Avoram<\/p>\n<p>Bilder kommen von <a href=\"http:\/\/vulkk.com\/2017\/04\/05\/tyth-god-of-rage-swtor-gods-from-the-machine-ops-boss-guide\/\">Vulkk.com<\/a><\/p>\n","protected":false},"excerpt":{"rendered":"<p>STORY MODE Basics Die Begegnung beginnt mit dem Singleboss Tyth, der in der Mitte eines kreisf\u00f6rmigen Gebietes sitzt. Es w\u00e4re eine gute Idee, ihn an den Rand der Plattform zu tanken und sich von der Gruppe zu entfernen. W\u00e4hrend des Kampfes spawnen Gruppen, welche aus 3 oder 4 Adds\u00a0 bestehen. Welche Adds und wieviele spawnen &hellip; <a href=\"https:\/\/www.tarvix-corporation.de\/?page_id=2800\" class=\"more-link\"><span class=\"screen-reader-text\">Tyth &#8211; Gott der Wut<\/span> weiterlesen <span class=\"meta-nav\">&rarr;<\/span><\/a><\/p>\n","protected":false},"author":3,"featured_media":0,"parent":2797,"menu_order":0,"comment_status":"closed","ping_status":"closed","template":"","meta":{"jetpack_post_was_ever_published":false,"footnotes":""},"class_list":["post-2800","page","type-page","status-publish","hentry"],"jetpack_sharing_enabled":true,"jetpack_shortlink":"https:\/\/wp.me\/P5i8fx-Ja","jetpack-related-posts":[],"_links":{"self":[{"href":"https:\/\/www.tarvix-corporation.de\/index.php?rest_route=\/wp\/v2\/pages\/2800","targetHints":{"allow":["GET"]}}],"collection":[{"href":"https:\/\/www.tarvix-corporation.de\/index.php?rest_route=\/wp\/v2\/pages"}],"about":[{"href":"https:\/\/www.tarvix-corporation.de\/index.php?rest_route=\/wp\/v2\/types\/page"}],"author":[{"embeddable":true,"href":"https:\/\/www.tarvix-corporation.de\/index.php?rest_route=\/wp\/v2\/users\/3"}],"replies":[{"embeddable":true,"href":"https:\/\/www.tarvix-corporation.de\/index.php?rest_route=%2Fwp%2Fv2%2Fcomments&post=2800"}],"version-history":[{"count":24,"href":"https:\/\/www.tarvix-corporation.de\/index.php?rest_route=\/wp\/v2\/pages\/2800\/revisions"}],"predecessor-version":[{"id":2871,"href":"https:\/\/www.tarvix-corporation.de\/index.php?rest_route=\/wp\/v2\/pages\/2800\/revisions\/2871"}],"up":[{"embeddable":true,"href":"https:\/\/www.tarvix-corporation.de\/index.php?rest_route=\/wp\/v2\/pages\/2797"}],"wp:attachment":[{"href":"https:\/\/www.tarvix-corporation.de\/index.php?rest_route=%2Fwp%2Fv2%2Fmedia&parent=2800"}],"curies":[{"name":"wp","href":"https:\/\/api.w.org\/{rel}","templated":true}]}}