{"id":2981,"date":"2018-01-30T18:04:47","date_gmt":"2018-01-30T18:04:47","guid":{"rendered":"http:\/\/tarvix-corporation.de\/?page_id=2981"},"modified":"2018-03-13T08:32:24","modified_gmt":"2018-03-13T08:32:24","slug":"scyva-die-urmutter","status":"publish","type":"page","link":"https:\/\/www.tarvix-corporation.de\/?page_id=2981","title":{"rendered":"Scyva &#8211; Die Urmutter"},"content":{"rendered":"\n<div class=\"twitter-share\"><a href=\"https:\/\/twitter.com\/intent\/tweet?via=Zaseesh\" class=\"twitter-share-button\" data-size=\"large\">Twittern<\/a><\/div>\n<h2><span style=\"font-family: arial, helvetica, sans-serif;\">Phase 1: Omega Protokoll Droide<\/span><\/h2>\n<p>In der Mitte der Arena befindet sich ein Omega Protokoll Droide. Solange dieser Droide lebt, ist Phase 1 noch aktiv. Der\u00a0 Omega-Protokoll-Droiden erzeugt ein Schild, ihr m\u00fcsst in diesem bleiben um Schaden zu erzeugen. Au\u00dferhalb des Schildes wird der Schaden reflektiert.<\/p>\n<p>Sterilisations-Array-Module sollten auf den Omega Protokoll Droiden ausgerichtet sein, denn diese sch\u00e4digen ihn. Der Tank sollte vom Omega Protokoll Droide die Array Beams zu den Schild Generatoren in die hintere linke und rechte Ecke lenken.<\/p>\n<p>Es gibt zwei Casts, die unterbrochen werden m\u00fcssen. &#8220;Explosive Force&#8221; und &#8220;Accelerated Destruction&#8221;. Die Beschleunigte Zerst\u00f6rung muss mit Priorit\u00e4t unterbrochen werden. Die spawnenden Adds &#8220;Stasis Swarm Droids&#8221;, werden von den DD&#8217;s erledigt. Es bleibt immer ein Tank und ein DD beim Boss um ihn zu unterbrechen. Ab und zu erscheinen Strahlen, welche auf Spieler zielt die in Sichtlinie des Bosses sind.\u00a0 Diese scheinen im Story-Modus nicht viel Schaden anzurichten, trotzdem sollte man diese meiden, denn man erh\u00e4lt einen Debuff, ein rosa Abw\u00e4rtspfeil, welcher den erlittenen Schaden erh\u00f6ht. Sobald der Droide stirbt, geht es weiter zu Phase 2.<\/p>\n<h2><span style=\"font-family: arial,helvetica,sans-serif;\">Phase 2: CFA-RAILGUNS<\/span><\/h2>\n<p>Sobald der Omega Protokoll Droide stirbt, gibt es zwei Railguns auf der R\u00fcckseite. Jetzt k\u00f6nnten die DD&#8217;s aufgeteilt werden, 3 DD&#8217;s auf einer und 2 DD&#8217;s auf der anderen Seite. W\u00e4hrend des Brennens wird ein Add erscheinen, &#8220;Ignition Catalyst&#8221;, die DD&#8217;s m\u00fcssen diesen schnell ausschalten. Ein DD k\u00f6nnte an der Railgun bleiben.Die &#8220;Ignition Catalysts&#8221; verursachen bei der Explosion keinen gro\u00dfen Schaden, so dass diese ignoriert werden k\u00f6nnten. Allerdings wenn die Heiler nicht so stark sind, w\u00e4re es ratsam sie zu t\u00f6ten. W\u00e4hrend die Catalysts spawnen, schie\u00dft der Purge Beam Emitter auf der linken und rechten Seite des Raumes auf den Emergency Purge Core in der Mitte des Raumes. Jedes Mal wenn dies passiert, wird 1 Stack Anomale Entropie (Blau) oder 1 Stack instabile Beschleunigung (Rot) auf die jeweilgen Spieler gedottet. Die anomale Entropie erh\u00f6ht die maximale Gesundheit, als Gegeneffekt erh\u00f6ht dieser Cast die globale Abklingzeit, sowohl auf Heilung als auch auf Schaden. Ihr erhaltet\u00a0 diesen Stack, indem ihr auf der linken Seite des Raumes steht, wenn der Purge Beam Emitter auf die Emergency Purge trifft. Der instabile Beschleunigungscast reduziert die globale Abklingzeit der erhaltene Heilung und die Chance auf Absorbtion. Ihr erhaltet diesen Stapel, indem ihr auf der rechten Seite des Raumes steht, enn der Purge Beam Emitter auf die Emergency Purge trifft. Ihr m\u00f6chtet wahrscheinlich eine Mischung aus 3 blauen und 4 roten Stacks. Obwohl es nicht wirklich wichtig ist, aber es beschleunigt das Legen der Railguns und Scyva in der n\u00e4chsten Phase. Die Buffs werden jedes Mal aktualisiert, wenn sie angewendet werden. Wenn ihr einen blauen und einen roten Stack als 6. und 7. Buff erhaltet, wirk dieser l\u00e4nger. Ab ungef\u00e4hr 40%, wenn der Schaden gut ist, seht ihr die Benachrichtigung &#8220;Environmental Defenses Offline. Der letzte Schritt in dieser Phase is das &#8220;Vorbereiten von Scyva-Protokoll.&#8221;. Diese Benachrichtigung bringt den Boss herunter und gew\u00e4hrt euch eine neue F\u00e4higkeit. Der Tank geht sofort zu Scyva. (Ich werde Scyvas Cast in Phase 3 erkl\u00e4ren, in der die Railguns sterben). Nachdem die Railguns tot sind, wechseln alle zu Scyva, welche dann die Phase 3 initiiert.<\/p>\n<h2>Phase 3: Scyva<\/h2>\n<p>Nun da sich alle bei Scyva befinden, gibt es einen blauen Ring um den Kreis, in dem sich Scyva befindet. Bleibt darin stehen, es sei denn, du musst noch eine Railgun legen. Das Schwerkraft-Umkehrmodul, das du am Ende von Phase 2 erhalten hast, wird verwendet um den Schaden von Atomic Scattering zu verringern. Dies geschieht, indem ihr es 1 Sekunde vor dem Ablauf des Casts der Atomic Scattering verwendet, w\u00e4hrend ihr auf der linken Seite des Raumes steht, da dieser Teil des Raumes eine geringere Schwerkraft hat. Es ist allerdings ratsam, sich auf der rechten Seite des Raumes aufzustellen, da diese Seite eine h\u00f6here Schwerkraft hat, was bedeutet, dass ihr nicht in die Luft geschossen werdet. Ihr solltet jeden Cast unterbrechen. Wenn ihr rechts steht sind die Ausfallzeiten im Vergleich zur anderen Seite deutlich geringer. Die schwebenden Kugeln werden rot, nachdem Scyva sie mit Radiance getroffen hat. Blaue Kugeln verursachen keinen Schaden. W\u00e4hrend der Radiance Phase ist Scyva gegen Sticheleien immun.\u00a0 Achtet darauf wo ihr steht, der Boden wechselt die Farben. Wenn ihr Lila auf dem Boden seht, geht raus. Dieser Bereich wirkt erheblichen Schaden. Sie hat 5 F\u00e4higkeiten, Dekonstruieren, welche sie als einzelnen gezielten Strahl auf euch wirft. . &#8220;Umbruch&#8221;, der die Raid-Mitglieder einige Meter in die Luft katapultiert. &#8220;Radiance&#8221;, das ist eine GROSSE Sichtlinie, die jedem folgt, der damit angegriffen wurde. Dies sollte der Tank sein. Niemand au\u00dfer dem Tank sollte in Radiance sein. &#8220;Atomic Scattering&#8221;, das ist ein Angriff, der moderaten bis massiven Schaden anrichtet, Raid-Mitglieder sollten sich in den Boss stellen, aber sei vorsichtig, nicht in den roten Kugeln stehen. Schlie\u00dflich &#8220;Ignite Core&#8221;. Dies ist ein 10-Sekunden-Cast, der m\u00f6glicherweise 4-mal vorkommen kann. Alle sollten zusammen stehen, damit AoE Heilung wirken, um es zu \u00fcberleben. All dies wiederholt sich, bis Scyva 30% HP erreicht hat, dann kommt Phase 4.<\/p>\n<h2>Phase 4: Die Extinction Protokoll und Burn Phase<\/h2>\n<p>&#8220;Extinction Protocol&#8221; initiiert fast sofort, wenn Scyva 30% der HP erreicht. Sie wird dann sagen: &#8220;Ich werde meine Gottkinder r\u00e4chen!&#8221;, Das ist eure Warnung, denn jetzt m\u00fcsst ihr laufen. Das Extinction Protocol \u00e4u\u00dfert sich in rote Kreise, die jedem Spieler folgen und sind One-Shots\/Instant-Kills. Nachdem das L\u00f6schprotokoll beendet ist, stapelt ihr euch wieder unter Scyva f\u00fcr AoE&#8217;s und heilt euch wieder hoch. Das L\u00f6schprotokoll wiederholt sich und ihr werdet diesemal NICHT von einem\u00a0 &#8220;Ich werde meinen Gott Kinder r\u00e4chen!&#8221; Gewarnt. So m\u00fcsst ihr auf Scyva&#8217;s Castbar achten, wann ihr laufen solltet. Diese Phase wiederholt sich, bis Scyva tot ist.<\/p>\n<p>Damit ist alles zu diesem Boss gesagt. Ihr sollte beim Extinktionsprotokoll nicht von roten Kreisen getroffen werden. Verwendet die Gravity Inverse, um die Atomstreuung zu vermeiden (w\u00e4hrend ihr euch auf der linken Seite des Raums befinden). Die Abklingzeit von Atomstreuung wird in dieser Phase (15 Sek., Ab 50 Sek.) Stark reduziert, ebenso die Kanalzeit (2 Sek., Ab 5 Sek.). Auf der rechten Seite steht &#8220;Umbruch&#8221;. Vermeidet es mit Destroy zu interagieren, genauso wie Deconstruct, mit jedem Stapel den ihr erhalten, erzeugt ihr mehr Bedrohung. Scyva ist auch immun gegen Spott w\u00e4hrend der Destroy Phase.<\/p>\n","protected":false},"excerpt":{"rendered":"<p>Phase 1: Omega Protokoll Droide In der Mitte der Arena befindet sich ein Omega Protokoll Droide. Solange dieser Droide lebt, ist Phase 1 noch aktiv. Der\u00a0 Omega-Protokoll-Droiden erzeugt ein Schild, ihr m\u00fcsst in diesem bleiben um Schaden zu erzeugen. Au\u00dferhalb des Schildes wird der Schaden reflektiert. Sterilisations-Array-Module sollten auf den Omega Protokoll Droiden ausgerichtet sein, &hellip; <a href=\"https:\/\/www.tarvix-corporation.de\/?page_id=2981\" class=\"more-link\"><span class=\"screen-reader-text\">Scyva &#8211; Die Urmutter<\/span> weiterlesen <span class=\"meta-nav\">&rarr;<\/span><\/a><\/p>\n","protected":false},"author":3,"featured_media":0,"parent":2797,"menu_order":3,"comment_status":"closed","ping_status":"closed","template":"","meta":{"jetpack_post_was_ever_published":false,"footnotes":""},"class_list":["post-2981","page","type-page","status-publish","hentry"],"jetpack_sharing_enabled":true,"jetpack_shortlink":"https:\/\/wp.me\/P5i8fx-M5","jetpack-related-posts":[],"_links":{"self":[{"href":"https:\/\/www.tarvix-corporation.de\/index.php?rest_route=\/wp\/v2\/pages\/2981","targetHints":{"allow":["GET"]}}],"collection":[{"href":"https:\/\/www.tarvix-corporation.de\/index.php?rest_route=\/wp\/v2\/pages"}],"about":[{"href":"https:\/\/www.tarvix-corporation.de\/index.php?rest_route=\/wp\/v2\/types\/page"}],"author":[{"embeddable":true,"href":"https:\/\/www.tarvix-corporation.de\/index.php?rest_route=\/wp\/v2\/users\/3"}],"replies":[{"embeddable":true,"href":"https:\/\/www.tarvix-corporation.de\/index.php?rest_route=%2Fwp%2Fv2%2Fcomments&post=2981"}],"version-history":[{"count":17,"href":"https:\/\/www.tarvix-corporation.de\/index.php?rest_route=\/wp\/v2\/pages\/2981\/revisions"}],"predecessor-version":[{"id":3003,"href":"https:\/\/www.tarvix-corporation.de\/index.php?rest_route=\/wp\/v2\/pages\/2981\/revisions\/3003"}],"up":[{"embeddable":true,"href":"https:\/\/www.tarvix-corporation.de\/index.php?rest_route=\/wp\/v2\/pages\/2797"}],"wp:attachment":[{"href":"https:\/\/www.tarvix-corporation.de\/index.php?rest_route=%2Fwp%2Fv2%2Fmedia&parent=2981"}],"curies":[{"name":"wp","href":"https:\/\/api.w.org\/{rel}","templated":true}]}}