{"id":3076,"date":"2019-03-06T08:03:09","date_gmt":"2019-03-06T08:03:09","guid":{"rendered":"http:\/\/www.tarvix-corporation.de\/?page_id=3076"},"modified":"2019-03-11T12:34:55","modified_gmt":"2019-03-11T12:34:55","slug":"mutierte-geonosianische-koenigin","status":"publish","type":"page","link":"https:\/\/www.tarvix-corporation.de\/?page_id=3076","title":{"rendered":"Mutierte geonosianische K\u00f6nigin"},"content":{"rendered":"\n<div class=\"twitter-share\"><a href=\"https:\/\/twitter.com\/intent\/tweet?via=Zaseesh\" class=\"twitter-share-button\" data-size=\"large\">Twittern<\/a><\/div>\n\n<h2 class=\"wp-block-heading\">\nDer Bosskampf\n\n<\/h2>\n\n\n\n<p> Es gibt jede Menge Adds und der Tank sorgt daf\u00fcr, dass Diese f\u00fcr AoE&#8217;s der DD&#8217;s unter dem Boss gesammelt werden k\u00f6nnen. Wenn ein zweiter Tank anwesend ist, kann er die riesigen k\u00f6niglichen Gardisten abgreifen. Die anderen Adds m\u00fcssen nicht gezielt getankt werden. Spieler mit der gro\u00dfen Void ( Pheromonschlag ) sollten von der Gruppe weglaufen, damit der Schaden nicht in diese geht. Die anderen Mechaniken k\u00f6nnen in SM ignoriert werden. Der erste Softenrage beginnt mit 4 Minuten, der zweite Softenrage mit 6:30 Minuten und der richtige Enrage startet bei 7:45 Minuten.<\/p>\n\n\n\n<p>\nHave Fun \ud83d\ude42\n\n<\/p>\n\n\n\n<h2 class=\"wp-block-heading\"> Detaillierte Bassmechanik <\/h2>\n\n\n\n<p>Die mutierte Geonosianische K\u00f6nigin hat 6,2 Millionen HP im 8er SM Raid und 7,9 Millionen HP in 8er VM Raid. Zus\u00e4tzlich werden w\u00e4hrend des Kampfes vier Arten von Adds erscheinen und es existieren viele unterschiedliche Eier im Raum.<\/p>\n\n\n\n<table class=\"wp-block-table\"><thead><tr><th> Vom Boss beschworen <\/th><th> Aus Eiern geschl\u00fcpft <\/th><\/tr><\/thead><tbody><tr><td>Geonosianische k\u00f6nigliche Garde<\/td><td>Geonosianischer Berserker<\/td><\/tr><tr><td>\u00e4tzende  Drohne<\/td><td>Bantling Lacerator<\/td><\/tr><\/tbody><\/table>\n\n\n\n<figure class=\"wp-block-image\"><a href=\"https:\/\/i0.wp.com\/dulfy.net\/wp-content\/uploads\/2019\/02\/mgq-egg-states-new.jpg\"><img data-recalc-dims=\"1\" decoding=\"async\" src=\"https:\/\/i0.wp.com\/dulfy.net\/wp-content\/uploads\/2019\/02\/mgq-egg-states-new-small.jpg?w=474\" alt=\"\"\/><\/a><\/figure>\n\n\n\n<p>Am Anfang sind alle Eier blau. Wenn der Boss die Eier mit Wachstumshormon trifft, werden sie rot. Eier k\u00f6nnen intakt, rissig oder zerst\u00f6rt sein. Sobald das Ei zerst\u00f6rt ist, erscheint es wieder als intaktes blaues Ei.<\/p>\n\n\n\n<p>Eier, die durch eine Boss-F\u00e4higkeit zerst\u00f6rt wurden, br\u00fcten ein Add aus. Aus blauen Eiern schl\u00fcpfen Bantling Lacerator, welche sehr schwach sind. Die roten Eier sind schon gef\u00e4hrlicher, hier schl\u00fcpfen die Geonosianischen Berserker, welche den Raid schnell zum Wipe bringen k\u00f6nnen, wenn zu viele davon kommen. Einige Boss-F\u00e4higkeiten treffen nur einmal auf Eier, hierbei gehen intakte Eier in den Zustand gesprungen. Sollten die Eier einen zweiten Treffer erhalten, werden sie zerst\u00f6rt. Andere  Boss-F\u00e4higkeiten treffen die Eier gleich zweimal und zerst\u00f6ren sie sofort.<\/p>\n\n\n\n<p>Ihr k\u00f6nnen auch die Cleaves der erscheinenden k\u00f6niglichen Gardisten und \u00e4tzenden Drohnen verwenden, um die Eier zu zerst\u00f6ren. Diese haben n\u00e4mlich kein Wachstumshormon und dementsprechend spawnen auch keine Adds aus den Eiern. Versucht mit den Add-Cleaves haupts\u00e4chlich rote Eier zu zerst\u00f6ren. Vor allem, wenn diese Risse aufweisen, um die Berserker zu vermeiden. Der Cleave vom k\u00f6niglichen Gardisten zerst\u00f6rt sofort ein Ei, w\u00e4hrend der Spalt von den \u00e4tzenden Drohnen nur einen DoT auf das Ei legt, das es nach 9 Sekunden zerst\u00f6rt. Der DoT wird durch Blasen dargestellt.<\/p>\n\n\n\n<h3 class=\"wp-block-heading\">Die Bosskammer<\/h3>\n\n\n\n<p>Add&#8217;s spawnen immer an der gleichen Stelle. Der Boss kann vom Tank frei im Raum bewegt werden. Er sollte allerdings die \u00e4u\u00dferen giftigen Bereiche vermeiden, damit ihr keinen zus\u00e4tzlichen Damage vom Hive Goo erhaltet.<\/p>\n\n\n\n<figure class=\"wp-block-image\"><a href=\"https:\/\/i0.wp.com\/dulfy.net\/wp-content\/uploads\/2019\/02\/mgq-boss-room-spawn-positions.jpg\"><img data-recalc-dims=\"1\" decoding=\"async\" src=\"https:\/\/i0.wp.com\/dulfy.net\/wp-content\/uploads\/2019\/02\/mgq-boss-room-spawn-positions.jpg?w=474\" alt=\"\"\/><\/a><\/figure>\n\n\n\n<h3 class=\"wp-block-heading\">Timeline<\/h3>\n\n\n\n<figure class=\"wp-block-image\"><a href=\"https:\/\/i0.wp.com\/dulfy.net\/wp-content\/uploads\/2019\/02\/mgq-timeline2.png\"><img data-recalc-dims=\"1\" decoding=\"async\" src=\"https:\/\/i0.wp.com\/dulfy.net\/wp-content\/uploads\/2019\/02\/mgq-timeline2-small.png?w=474\" alt=\"\"\/><\/a><\/figure>\n\n\n\n<h3 class=\"wp-block-heading\">F\u00e4higkeiten der mutierten Geonosianischen K\u00f6nigin <\/h3>\n\n\n\n<figure class=\"wp-block-image\"><a href=\"https:\/\/i0.wp.com\/dulfy.net\/wp-content\/uploads\/2019\/02\/mgq-pheromonic-blast-image.jpg\"><img data-recalc-dims=\"1\" decoding=\"async\" src=\"https:\/\/i0.wp.com\/dulfy.net\/wp-content\/uploads\/2019\/02\/mgq-pheromonic-blast-image-small.jpg?w=474\" alt=\"\"\/><\/a><\/figure>\n\n\n\n<ul class=\"wp-block-list\"><li><strong>Das Wachstumshormon<\/strong> (Cast, 1 Sekunde): Im Veteranen Modus verwandeln sich drei zuf\u00e4llige Eier rot. Im Story Modus wird nur ein Ei rot. Danach wachsen alle Eier als intakte blaue Eier nach.<\/li><li><strong>Pheromonschlag<\/strong> (Cast, 4 Sekunden): Zielt auf einen zuf\u00e4lligen DD mit einem inneren roten Kreis und einem \u00e4u\u00dferen gelben Kreis. Der innere Kreis zerst\u00f6rt ein Ei und es wird sofort ein Add gespawnt. Der \u00e4u\u00dfere Kreis wird ein intaktes Ei knacken lassen oder ein gebrochenes Ei zerst\u00f6ren und ein Add spawnen. Alle Spieler, welche vom roten Kreis getroffen wurden, erhalten f\u00fcr 15 Sekunden einen DoT, Toxische-Pheromonen-Beschichtung (Physisch). Dieser stackt alle 3 Sekunden hoch und kann gereinigt werden. Er erzeugt eine h\u00f6here Bedrohung um den Faktor 10. Alle Spieler, welche vom gelben Kreis getroffen werden erhalten Damage.<\/li><li><strong>Kick Out<\/strong>: Das Hauptziel vom Boss, hoffentlich der Tank, wird weg gekickt und die Bedrohung wird auf Null gesetzt.<\/li><li>Nur im Veteranen Modus <strong>\u00dcberkopfspie\u00df<\/strong> (instant): Diese F\u00e4higkeit bet\u00e4ubt das Hauptziel, normaler Weise der Tank, f\u00fcr 4 Sekunden. Wenn das Hauptziel bet\u00e4ubt bleibt, verwendet der Boss Guillotine, welche den Spieler instant t\u00f6tet. Unterbrecht den Stun in der Zeit oder spottet ab. Der \u00dcberkopfspie\u00df wird 4 mal w\u00e4hrend des Kampfes gecastet: nach 36 Sekunden, nach 2 Minuten 29 Sekunden, nach 4 Minuten 15 Sekunden und 4 Minuten 50 Sekunden.<\/li><li><strong>K\u00f6nigliche Ladung<\/strong> (Cast, 3 Sekunden): Der Cast spawnt abwechselnd entweder zwei k\u00f6nigliche Gardisten oder zwei \u00e4tzende Drohnen. Nutzt die Cleaves von den Adds, um die roten oder die gebrochenen blauen Eier loszuwerden. Kurz nachdem die zwei k\u00f6niglichen Gardisten gespawnt sind, wird der Boss einen Sammelruf von 30 Sekunden starten. Dieser gibt euch gen\u00fcgend Zeit, um die Adds zu beseitigen. Sobald der Sammelruf abgeschlossen ist, ist der Boss erst einmal f\u00fcr 11,4 Sekunden ersch\u00f6pft. Alle k\u00f6nigliche Gardisten, welche jetzt noch leben sind, gehen in Enrage. Dar\u00fcber hinaus wird der Boss s\u00e4mtliche Eier im Raum besch\u00e4digen.<\/li><\/ul>\n\n\n\n<p><strong>Enrage Phasen<\/strong><\/p>\n\n\n\n<p>Der erste Softenrage Phase ist bei 4 Minuten.<strong> Pheromonischer-Muti-Blast<\/strong> wird 5 Sekunden kanalisiert: Der Boss legt mehrere Voids auf diverse DD&#8217;s. Erst auf zwei, dann auf 3 DD\u00b4s. Der AoE-Schaden ist geringer als bei einer normalen pheromonischen Explosion, allerdings schl\u00fcpfen jetzt jede menge Adds. Im Storymodus kann man diese mit AoE&#8217;s t\u00f6ten. Im Veteranenmodus m\u00fcsst ihr die Adds ignorieren und den Boss killen.<\/p>\n\n\n\n<p>Zweite Softenrage Phase bei 6 Minuten 30 Sekunden. Der Boss kanalisiert <strong>rettet die K\u00f6nigin<\/strong> f\u00fcr ca. 1,6 Sekunden und dann wird er immer mehr Eier zerst\u00f6ren in einem immer gr\u00f6\u00dfer werdenden Radius. Im Storymodus sammelt der Tank die schl\u00fcpfenden Adds und dann erledigt ihr sie mit AOE&#8217;s. Im Veteranenmodus werdet ihr schnell wipen, wenn ihr diese Phase erreicht.<\/p>\n\n\n\n<p>Enrage bei 7 Minuten und 45 Sekunden. Der Boss castet 3 Sekunden <strong>k\u00f6niglichen Emp\u00f6rung<\/strong>.  Jetzt wird sie rot und stellt sicher, dass sie jetzt schnell sterben sollte, bevor sie euch killt.<\/p>\n\n\n\n<h3 class=\"wp-block-heading\">Bantling Lacerator <\/h3>\n\n\n\n<p>Bantling Lacerators schl\u00fcpfen aus blauen Eiern w\u00e4hrend der Casts von Pheromonschlag, Sammelruf und rette die K\u00f6nigin.<\/p>\n\n\n\n<p><strong>Nahkampfangriff<\/strong>: F\u00fcgt sehr wenig Schaden zu und muss nicht getankt werden. Um die DPS-Pr\u00fcfungen in Veteranenmodus zu bestehen, sollten DD&#8217;s diese Add&#8217;s niemals direkt angreifen. Sammelt sie stattdessen unter dem Boss, sodass sie aufgrund von AoE&#8217;s oder DoT&#8217;s sterben.<\/p>\n\n\n\n<h3 class=\"wp-block-heading\">Geonosianischer Berserker <\/h3>\n\n\n\n<p>Berserker schl\u00fcpfen aus roten Eiern w\u00e4hrend des Pheromonschlag, Sammelruf und rette die K\u00f6nigin.<\/p>\n\n\n\n<p>Nur Veteranenmodus: Der geh\u00e4rtete Panzer-Buff reduziert den AoE-Schaden um 80%. Verwendet also nur einen Zielschaden oder eine DoT um sie zu t\u00f6ten.<\/p>\n\n\n\n<p><strong>Reave<\/strong> (sofort): Ist ein Nahkampf-Cleave-Angriff, der jedem Spieler, welcher vor dem Add steht, alle 3 Sekunden einen stapelbaren DoT austeilt (Physical), welcher nach 18 Sekunden ausl\u00e4uft. Dieser DoT kann gereinigt werden.<\/p>\n\n\n\n<p>Wenn ihr im Veteranenmodus mehr als zwei Berserker gleichzeitig erhaltet, werden ihr schnell wipen. Sobald ein Berserker erscheint, sollten alle DD&#8217;s auf diesen umschwenken um ihn zu t\u00f6ten, bevor diese 3 &#8211; 4 Stacks erhalten haben. Der Berserker kann gestunnt werden um Stacks zu vermeiden.<\/p>\n\n\n\n<h3 class=\"wp-block-heading\">Geonosianische k\u00f6nigliche Garde <\/h3>\n\n\n\n<p>Zwei k\u00f6nigliche Gardisten spawnen beim ersten und dritten k\u00f6niglichen Aufforderungs-Casts vom Boss.<\/p>\n\n\n\n<p>Jede k\u00f6nigliche Garde legt einen Stack auf den Boss, welcher den erlittenen Schaden vom Boss und den verursachten Schaden durch den Boss um 50% pro Stack verringert. Zus\u00e4tzlich wird die Bewegungsgeschwindigkeit reduziert. Daher hat das T\u00f6ten dieser Adds die h\u00f6chste Priorit\u00e4t, damit wieder der volle Schaden zum Boss durchdringt.<\/p>\n\n\n\n<p><strong>Inspirations-Buff <\/strong>: Wenn man sich in der N\u00e4he des Bosses aufh\u00e4lt, ist die Bewegungsgeschwindigkeit der k\u00f6niglichen Garde und die Bereitschaft um 25% erh\u00f6ht. Dies ist eine gute Sache, weil der Tank die Eier mit dem Cleave schneller anschlagen kann, was aber in der Praxis kaum einen Unterschied macht.<\/p>\n\n\n\n<p><strong>Wachsamkeits-Buff<\/strong>: Ist immun gegen Massenkontroll-Effekte, welche bei Schaden abbrechen. Der Effekt kann nur durch einen harten Stun kontrolliert werden.<\/p>\n\n\n\n<p><strong>Fokus auf die Gegenwart-Buff<\/strong>: Die Bedrohung des Ziels f\u00e4llt alle zwei Sekunden um 20% des aktuellen Gesamtwerts ab. Der Tank muss st\u00e4ndig Schaden anrichten oder er riskiert es, die Aggro an einen DD zu verlieren.<\/p>\n\n\n\n<p><strong>Spaltangriff<\/strong> wirkt Instant und hat 9 Sekunden Cooldown: Zerst\u00f6rt ein Ei ohne es anzuschlagen und f\u00fcgt dem Spieler geringen Schaden zu. Dies ist eine gro\u00dfartige M\u00f6glichkeit, rote Eier loszuwerden oder gebrochene Eier in den intakten Zustand zur\u00fcckzusetzen. Diese Adds bewegen sich nicht sehr schnell, sodass die Tanks sie bequem zu roten Eiern schubsen k\u00f6nnen.<\/p>\n\n\n\n<p>Nur im Veteranenmodus <strong>B\u00fcndeln<\/strong> (Cast, 1 Sekunde): Ungef\u00e4hr 22s nach dem Spawnen startet das Add diese komplizierte dreiteilige Mechanik. Zuerst castet es B\u00fcndeln und erh\u00e4lt den B\u00fcndeln-Buff, welcher die n\u00e4chste F\u00e4higkeit aktiviert. Dies ist eine sehr kurzer Cast und ihr m\u00fcsst aufpassen das ihr diesen nicht verpasst.<\/p>\n\n\n\n<p>Als N\u00e4chstes wird die k\u00f6nigliche Garde den <strong>Staffelungsangriff<\/strong> (instand) verwenden. Dieser Angriff f\u00fcgt einem DD oder Heiler bis zu 170.000 Schaden zu. Bei einem Tank sollte es weniger sein, zumindest, wenn er mit einem Schild ausger\u00fcstet ist. Daher m\u00fcssen die Tanks sicherstellen, dass sie zu diesem Zeitpunkt die Aggro haben. Der anvisierte Spieler wird f\u00fcr 1 Sekunde immobilisiert und dann f\u00fcr 6 Sekunden bet\u00e4ubt und es gibt keine M\u00f6glichkeit dem zu entkommen. Au\u00dferdem hat die k\u00f6nigliche Garde den Schwung-Erholungs-Buff, das bedeutet der Globale Cool Down 4,5 Sekunden braucht bis die n\u00e4chst F\u00e4higkeit zur Verf\u00fcgung steht.<\/p>\n\n\n\n<p>Wenn das Hauptziel nach diesen 4,5 Sekunden Globalen Cool Down noch bet\u00e4ubt ist, kanalisiert die k\u00f6nigliche Garde 0,8 Sekunden lang Vollstrecken. Ist die Zeit abgelaufen erh\u00e4lt das Ziel ein Instant-Kill. Daher muss ein DD in einem 2,3-Sekunden-Fenster, also 3 Sekunden bis 5,3 Sekunden nach Staffelschlag einen 4 Sekunden Stun einsetzen, um sicherzustellen, dass der Tank nicht stirbt. Alternativ k\u00f6nnen die DD&#8217;s genug Schaden anrichten, um Aggro vom Tank zu nehmen. Alternativ kann die Aggro des Tanks reduziert werden, indem ihn ein Hexer\/Gelehrter zieht oder einen Jugger \/ H\u00fcter anspringt um die Aggro zu reduzieren. Vermeidet es, die k\u00f6nigliche Garde au\u00dferhalb des Staffelschlages zu bet\u00e4uben, damit der Tank viele rote Eier mit Spaltungsschlag zerst\u00f6ren kann. <\/p>\n\n\n\n<figure class=\"wp-block-image\"><a href=\"https:\/\/i0.wp.com\/dulfy.net\/wp-content\/uploads\/2019\/02\/mgq-staggering-strike-mechanic2.png\"><img data-recalc-dims=\"1\" decoding=\"async\" src=\"https:\/\/i0.wp.com\/dulfy.net\/wp-content\/uploads\/2019\/02\/mgq-staggering-strike-mechanic2-small.png?w=474\" alt=\"\"\/><\/a><\/figure>\n\n\n\n<p>Der Off-Tank sollte sich schnell nach dem Spawnen der k\u00f6niglichen Garde dieselbige schnappen. Der Haupttank muss den Boss einige Sekunden lang tanken, bis der Sammelruf kommt und kann dann bereits mit dem Tanken der anderen k\u00f6niglichen Garde beginnen. Ihr k\u00f6nnt auch 2 DD&#8217;s einer k\u00f6niglichen Garde zuweisen, sodass diese stirbt, bevor sie Staffelschlag verwenden kann und dann die anderen W\u00e4chter w\u00e4hrend des Staffelschlags bet\u00e4uben.<\/p>\n\n\n\n<h3 class=\"wp-block-heading\">\u00c4tzende Drohne <\/h3>\n\n\n\n<p>Zwei \u00e4tzende Drohnen spawnen jeweils durch den zweiten und vierten Cast k\u00f6nigliches herbeirufen vom Boss.<br><strong>\u00c4tzende Explosion<\/strong> (Cast, 3 Sekunden): Fernkampfangriff mit einer Reichweite von bis zu 70 m bei dem das Add einen Spieler anspuckt, in der Regel die Heiler. Der getroffene Spieler erh\u00e4lt von der \u00e4tzenden S\u00e4ure einen Stack mit einer Dauer von 12 Sekunden, welcher alle 3 Sekunden hoch tickt. Dieser kann nicht gereinigt werden und t\u00f6tet den Spieler schnell, wenn 6 &#8211; 10 Stacks  erreicht wurden.<\/p>\n\n\n\n<p>Diese Adds sollten nicht zu schnell get\u00f6tet werden, da sie der beste Weg sind rote Eier loszuwerden oder rissige Eier in den intakten Zustand zur\u00fcckzusetzen. Wenn die Spucke ein Ei trifft, erscheinen Blasen auf dem Ei, welche es nach 9 Sekunden zerst\u00f6ren. Es ist dann nicht n\u00f6tig, sie ein zweites Mal zu treffen.<\/p>\n\n\n\n<p>Wenn ihr zu viele Stacks erhaltet, k\u00f6nnt ihr die Adds stunnen oder unterbrechen. Wenn ihr mit zu vielen Adds besch\u00e4ftigt seid, k\u00f6nnt ihr die Adds auch f\u00fcr 60 Sekunden stunnen, wenn ihr Hexer\/Gelehrte oder S\u00f6ldner\/Kommandos im Raid habt. Und anders herum k\u00f6nnt ihr die Adds aus dem Stunn holen, um weitere Eier zu zerst\u00f6ren.<\/p>\n\n\n\n<figure class=\"wp-block-image\"><a href=\"https:\/\/i0.wp.com\/dulfy.net\/wp-content\/uploads\/2019\/02\/mgq-trash-group.jpg\"><img data-recalc-dims=\"1\" decoding=\"async\" src=\"https:\/\/i0.wp.com\/dulfy.net\/wp-content\/uploads\/2019\/02\/mgq-trash-group.jpg?w=474\" alt=\"\"\/><\/a><\/figure>\n\n\n\n<p>Vielen Dank an <a href=\"http:\/\/dulfy.net\/2019\/02\/11\/swtor-mutated-geonosian-queen-guide\/\">Dulfy<\/a> f\u00fcr die Bilder und den Artikel \ud83d\ude42<\/p>\n","protected":false},"excerpt":{"rendered":"<p>Der Bosskampf Es gibt jede Menge Adds und der Tank sorgt daf\u00fcr, dass Diese f\u00fcr AoE&#8217;s der DD&#8217;s unter dem Boss gesammelt werden k\u00f6nnen. Wenn ein zweiter Tank anwesend ist, kann er die riesigen k\u00f6niglichen Gardisten abgreifen. Die anderen Adds m\u00fcssen nicht gezielt getankt werden. Spieler mit der gro\u00dfen Void ( Pheromonschlag ) sollten von &hellip; <a href=\"https:\/\/www.tarvix-corporation.de\/?page_id=3076\" class=\"more-link\"><span class=\"screen-reader-text\">Mutierte geonosianische K\u00f6nigin<\/span> weiterlesen <span class=\"meta-nav\">&rarr;<\/span><\/a><\/p>\n","protected":false},"author":3,"featured_media":0,"parent":2797,"menu_order":5,"comment_status":"closed","ping_status":"closed","template":"","meta":{"jetpack_post_was_ever_published":false,"footnotes":""},"class_list":["post-3076","page","type-page","status-publish","hentry"],"jetpack_sharing_enabled":true,"jetpack_shortlink":"https:\/\/wp.me\/P5i8fx-NC","jetpack-related-posts":[],"_links":{"self":[{"href":"https:\/\/www.tarvix-corporation.de\/index.php?rest_route=\/wp\/v2\/pages\/3076","targetHints":{"allow":["GET"]}}],"collection":[{"href":"https:\/\/www.tarvix-corporation.de\/index.php?rest_route=\/wp\/v2\/pages"}],"about":[{"href":"https:\/\/www.tarvix-corporation.de\/index.php?rest_route=\/wp\/v2\/types\/page"}],"author":[{"embeddable":true,"href":"https:\/\/www.tarvix-corporation.de\/index.php?rest_route=\/wp\/v2\/users\/3"}],"replies":[{"embeddable":true,"href":"https:\/\/www.tarvix-corporation.de\/index.php?rest_route=%2Fwp%2Fv2%2Fcomments&post=3076"}],"version-history":[{"count":14,"href":"https:\/\/www.tarvix-corporation.de\/index.php?rest_route=\/wp\/v2\/pages\/3076\/revisions"}],"predecessor-version":[{"id":3103,"href":"https:\/\/www.tarvix-corporation.de\/index.php?rest_route=\/wp\/v2\/pages\/3076\/revisions\/3103"}],"up":[{"embeddable":true,"href":"https:\/\/www.tarvix-corporation.de\/index.php?rest_route=\/wp\/v2\/pages\/2797"}],"wp:attachment":[{"href":"https:\/\/www.tarvix-corporation.de\/index.php?rest_route=%2Fwp%2Fv2%2Fmedia&parent=3076"}],"curies":[{"name":"wp","href":"https:\/\/api.w.org\/{rel}","templated":true}]}}