{"id":417,"date":"2013-12-07T12:34:58","date_gmt":"2013-12-07T12:34:58","guid":{"rendered":"http:\/\/tarvix-corporation.de\/?page_id=417"},"modified":"2016-09-06T12:44:55","modified_gmt":"2016-09-06T12:44:55","slug":"fundstuecke","status":"publish","type":"page","link":"https:\/\/www.tarvix-corporation.de\/?page_id=417","title":{"rendered":"Fundst\u00fccke"},"content":{"rendered":"\n<div class=\"twitter-share\"><a href=\"https:\/\/twitter.com\/intent\/tweet?via=Zaseesh\" class=\"twitter-share-button\" data-size=\"large\">Twittern<\/a><\/div>\n<p>Nach langem \u00dcberlegen habe ich mich doch entschieden, diese Seite einzustellen. Es existieren so tolle Fanprojekte, die ich f\u00fcr Euch hier auff\u00fchren m\u00f6chte. Es gibt einen Abschnitt f\u00fcr Videos und einen f\u00fcr besondere Sachen.<\/p>\n<p>Viel Spa\u00df Euer Avoram<\/p>\n<h1><span style=\"text-decoration: underline;\">Videos<\/span><\/h1>\n<p><a href=\"http:\/\/tarvix-corporation.de\/?p=2576\">Go Rogue &#8211; Chapter 1<\/a><\/p>\n<p><a href=\"http:\/\/tarvix-corporation.de\/?p=2086\">Die Power ist mit mit dir<\/a><\/p>\n<p><a href=\"http:\/\/tarvix-corporation.de\/?p=1773\">Road Wars &#8211; The Imperator Strikes Back<\/a><\/p>\n<p><a href=\"http:\/\/tarvix-corporation.de\/?p=1544\">Star Wars vs Star Trek: The Dance Battle Begins<\/a><\/p>\n<p><a title=\"X-Wings von Pixar\" href=\"http:\/\/tarvix-corporation.de\/?p=1487\">X-Wings von Pixar<\/a><\/p>\n<p><a title=\"Bohemian Rhapsody in der Star Wars Edition\" href=\"http:\/\/tarvix-corporation.de\/?p=419\">Bohemian Rhapsody in der Star Wars Edition<\/a><\/p>\n<p><a title=\"Happy ( WE ARE FROM TATOOINE)\" href=\"http:\/\/tarvix-corporation.de\/?p=461\">Happy ( WE ARE FROM TATOOINE)<\/a><\/p>\n<p><a title=\"Star Wars Downunder\" href=\"http:\/\/tarvix-corporation.de\/?p=424\">Star Wars Downunder<\/a><\/p>\n<p><a title=\"Stormtrooper Secrets: Hip Hop Twerk\" href=\"http:\/\/tarvix-corporation.de\/?p=441\">Stormtrooper Hip Hop<\/a><\/p>\n<p><a title=\"Star Wars Parodie zu Disneys Film \u201cDie Eisk\u00f6nigin \u2013 V\u00f6llig unverfroren\u201d\" href=\"http:\/\/tarvix-corporation.de\/?p=584\">Star Wars Parodie zu Disneys Film &#8220;Die Eisk\u00f6nigin \u2013 V\u00f6llig unverfroren&#8221;<\/a><\/p>\n<p><a title=\"Star Wars Musical (Disney Parody)\" href=\"http:\/\/tarvix-corporation.de\/?p=612\">Star Wars Musical (Disney Parody)<\/a><\/p>\n<p><a title=\"Phineas and Ferb: Star Wars \u2013 In the Empire\" href=\"http:\/\/tarvix-corporation.de\/?p=638\">Phineas and Ferb: Star Wars &#8211; In the Empire<\/a><\/p>\n<p><a title=\"Cello Wars (Star Wars Parody) Lightsaber Duel \u2013 ThePianoGuys\" href=\"http:\/\/tarvix-corporation.de\/?p=787\"><span id=\"eow-title\" class=\"watch-title long-title \" dir=\"ltr\" title=\"Cello Wars (Star Wars Parody) Lightsaber Duel - ThePianoGuys\">Cello Wars (Star Wars Parody) Lightsaber Duel &#8211; ThePianoGuys <\/span><\/a><\/p>\n<h1><span style=\"text-decoration: underline;\">Besondere Sachen<\/span><\/h1>\n<p><a href=\"http:\/\/tarvix-corporation.de\/?p=2313\">So stellen sich MMO&#8217;ler die Unterst\u00fctzung an der Kinderheimatfront vor<\/a><\/p>\n<p><a title=\"Epische Lichtschwertgriffe f\u00fcr die wahren Fans zum kaufen\" href=\"http:\/\/tarvix-corporation.de\/?p=479\">Epische Lichtschwertgriffe f\u00fcr die wahren Fans zum kaufen <\/a><\/p>\n","protected":false},"excerpt":{"rendered":"<p>Nach langem \u00dcberlegen habe ich mich doch entschieden, diese Seite einzustellen. Es existieren so tolle Fanprojekte, die ich f\u00fcr Euch hier auff\u00fchren m\u00f6chte. Es gibt einen Abschnitt f\u00fcr Videos und einen f\u00fcr besondere Sachen. Viel Spa\u00df Euer Avoram Videos Go Rogue &#8211; Chapter 1 Die Power ist mit mit dir Road Wars &#8211; The Imperator &hellip; <a href=\"https:\/\/www.tarvix-corporation.de\/?page_id=417\" class=\"more-link\"><span class=\"screen-reader-text\">Fundst\u00fccke<\/span> weiterlesen <span class=\"meta-nav\">&rarr;<\/span><\/a><\/p>\n","protected":false},"author":3,"featured_media":0,"parent":6,"menu_order":5,"comment_status":"closed","ping_status":"closed","template":"","meta":{"jetpack_post_was_ever_published":false,"footnotes":""},"class_list":["post-417","page","type-page","status-publish","hentry"],"jetpack_sharing_enabled":true,"jetpack_shortlink":"https:\/\/wp.me\/P5i8fx-6J","jetpack-related-posts":[],"_links":{"self":[{"href":"https:\/\/www.tarvix-corporation.de\/index.php?rest_route=\/wp\/v2\/pages\/417","targetHints":{"allow":["GET"]}}],"collection":[{"href":"https:\/\/www.tarvix-corporation.de\/index.php?rest_route=\/wp\/v2\/pages"}],"about":[{"href":"https:\/\/www.tarvix-corporation.de\/index.php?rest_route=\/wp\/v2\/types\/page"}],"author":[{"embeddable":true,"href":"https:\/\/www.tarvix-corporation.de\/index.php?rest_route=\/wp\/v2\/users\/3"}],"replies":[{"embeddable":true,"href":"https:\/\/www.tarvix-corporation.de\/index.php?rest_route=%2Fwp%2Fv2%2Fcomments&post=417"}],"version-history":[{"count":25,"href":"https:\/\/www.tarvix-corporation.de\/index.php?rest_route=\/wp\/v2\/pages\/417\/revisions"}],"predecessor-version":[{"id":2578,"href":"https:\/\/www.tarvix-corporation.de\/index.php?rest_route=\/wp\/v2\/pages\/417\/revisions\/2578"}],"up":[{"embeddable":true,"href":"https:\/\/www.tarvix-corporation.de\/index.php?rest_route=\/wp\/v2\/pages\/6"}],"wp:attachment":[{"href":"https:\/\/www.tarvix-corporation.de\/index.php?rest_route=%2Fwp%2Fv2%2Fmedia&parent=417"}],"curies":[{"name":"wp","href":"https:\/\/api.w.org\/{rel}","templated":true}]}}