{"id":504,"date":"2014-06-04T11:15:26","date_gmt":"2014-06-04T11:15:26","guid":{"rendered":"http:\/\/tarvix-corporation.de\/?page_id=504"},"modified":"2017-03-29T09:11:28","modified_gmt":"2017-03-29T09:11:28","slug":"waffenbau","status":"publish","type":"page","link":"https:\/\/www.tarvix-corporation.de\/?page_id=504","title":{"rendered":"Waffenbau"},"content":{"rendered":"\n<div class=\"twitter-share\"><a href=\"https:\/\/twitter.com\/intent\/tweet?via=Zaseesh\" class=\"twitter-share-button\" data-size=\"large\">Twittern<\/a><\/div>\n<p><a href=\"http:\/\/tarvix-corporation.de\/wp-content\/uploads\/2014\/06\/Waffenbau.bmp\"><img loading=\"lazy\" decoding=\"async\" data-attachment-id=\"512\" data-permalink=\"https:\/\/www.tarvix-corporation.de\/?attachment_id=512\" data-orig-file=\"https:\/\/www.tarvix-corporation.de\/wp-content\/uploads\/2014\/06\/Waffenbau.bmp\" data-orig-size=\"\" data-comments-opened=\"1\" data-image-meta=\"[]\" data-image-title=\"Waffenbau\" data-image-description=\"\" data-image-caption=\"\" data-medium-file=\"https:\/\/www.tarvix-corporation.de\/wp-content\/uploads\/2014\/06\/Waffenbau.bmp\" data-large-file=\"https:\/\/www.tarvix-corporation.de\/wp-content\/uploads\/2014\/06\/Waffenbau.bmp\" class=\"wp-image-512 alignleft\" src=\"http:\/\/tarvix-corporation.de\/wp-content\/uploads\/2014\/06\/Waffenbau.bmp\" alt=\"Waffenbau\" width=\"60\" height=\"60\" \/><\/a> <span style=\"font-size: x-large;\"> Lariian (Republik)<\/span><\/p>\n<p>Diese Gegenst\u00e4nde k\u00f6nnen gegen Material hergestellt werden, welches Material ben\u00f6tigt wird einfach bei der Gildenleitung oder den oben genannten Charakteren erfragen .<\/p>\n<h2><strong>L\u00e4ufe Level\u00a070<br \/>\n<\/strong><\/h2>\n<p>Resestiver-Lauf 48<\/p>\n<ul>\n<li>+ 190 Beherrschung<\/li>\n<li>+ 200 Ausdauer<\/li>\n<\/ul>\n<p>Vielseitiger-Lauf 46<\/p>\n<ul>\n<li>+\u00a0200 Beherrschung<\/li>\n<li>+\u00a0171 Ausdauer<\/li>\n<\/ul>\n<h2><strong>Aufwertungen Level\u00a070<br \/>\n<\/strong><\/h2>\n<p>\u00dcberma\u00df Aufwertung 45<\/p>\n<ul>\n<li>+\u00a065 Ausdauer<\/li>\n<li>+\u00a096 Angriffskraft<\/li>\n<\/ul>\n<p>K\u00fchnheits-Aufwertung 45<\/p>\n<ul>\n<li>+\u00a096 Ausdauer<\/li>\n<li>+\u00a065 Angriffskraft<\/li>\n<\/ul>\n<p>Pr\u00e4zisionsAufwertung 45<\/p>\n<ul>\n<li>+\u00a065 Ausdauer<\/li>\n<li>+\u00a096 Pr\u00e4zisionswert<\/li>\n<\/ul>\n<h2>Baupl\u00e4ne<\/h2>\n<p>Level 70<\/p>\n<p>Gegenstandswert 230<\/p>\n<ul>\n<li>MK-4-Adepten-Blasterpistole des ewigen Kommandanten<\/li>\n<li>MK-4-Adepten-Blastergewehr des ewigen Kommandanten<\/li>\n<li>MK-4-Adepten-Flinte des ewigen Kommandanten<\/li>\n<li>MK-4-Adepten-Sturmkanone des ewigen Kommandanten<\/li>\n<li>MK-4-Bastionspistole des ewigen Kommandanten<\/li>\n<li>MK-4-Initiativ-Blastergewehr des ewigen Kommandanten<\/li>\n<li>MK-4-Initiativ-Scharfsch\u00fctzengewehr des ewigen Kommandanten<\/li>\n<li>MK-4-Ultrabegabten-Vibromesser des ewigen Kommandanten<\/li>\n<li>MK-4_Ultrabegabten-Scharfsch\u00fctzengewehr<\/li>\n<\/ul>\n","protected":false},"excerpt":{"rendered":"<p>Lariian (Republik) Diese Gegenst\u00e4nde k\u00f6nnen gegen Material hergestellt werden, welches Material ben\u00f6tigt wird einfach bei der Gildenleitung oder den oben genannten Charakteren erfragen . L\u00e4ufe Level\u00a070 Resestiver-Lauf 48 + 190 Beherrschung + 200 Ausdauer Vielseitiger-Lauf 46 +\u00a0200 Beherrschung +\u00a0171 Ausdauer Aufwertungen Level\u00a070 \u00dcberma\u00df Aufwertung 45 +\u00a065 Ausdauer +\u00a096 Angriffskraft K\u00fchnheits-Aufwertung 45 +\u00a096 Ausdauer +\u00a065 Angriffskraft &hellip; <a href=\"https:\/\/www.tarvix-corporation.de\/?page_id=504\" class=\"more-link\"><span class=\"screen-reader-text\">Waffenbau<\/span> weiterlesen <span class=\"meta-nav\">&rarr;<\/span><\/a><\/p>\n","protected":false},"author":3,"featured_media":0,"parent":8,"menu_order":0,"comment_status":"closed","ping_status":"closed","template":"","meta":{"jetpack_post_was_ever_published":false,"footnotes":""},"class_list":["post-504","page","type-page","status-publish","hentry"],"jetpack_sharing_enabled":true,"jetpack_shortlink":"https:\/\/wp.me\/P5i8fx-88","jetpack-related-posts":[],"_links":{"self":[{"href":"https:\/\/www.tarvix-corporation.de\/index.php?rest_route=\/wp\/v2\/pages\/504","targetHints":{"allow":["GET"]}}],"collection":[{"href":"https:\/\/www.tarvix-corporation.de\/index.php?rest_route=\/wp\/v2\/pages"}],"about":[{"href":"https:\/\/www.tarvix-corporation.de\/index.php?rest_route=\/wp\/v2\/types\/page"}],"author":[{"embeddable":true,"href":"https:\/\/www.tarvix-corporation.de\/index.php?rest_route=\/wp\/v2\/users\/3"}],"replies":[{"embeddable":true,"href":"https:\/\/www.tarvix-corporation.de\/index.php?rest_route=%2Fwp%2Fv2%2Fcomments&post=504"}],"version-history":[{"count":37,"href":"https:\/\/www.tarvix-corporation.de\/index.php?rest_route=\/wp\/v2\/pages\/504\/revisions"}],"predecessor-version":[{"id":2792,"href":"https:\/\/www.tarvix-corporation.de\/index.php?rest_route=\/wp\/v2\/pages\/504\/revisions\/2792"}],"up":[{"embeddable":true,"href":"https:\/\/www.tarvix-corporation.de\/index.php?rest_route=\/wp\/v2\/pages\/8"}],"wp:attachment":[{"href":"https:\/\/www.tarvix-corporation.de\/index.php?rest_route=%2Fwp%2Fv2%2Fmedia&parent=504"}],"curies":[{"name":"wp","href":"https:\/\/api.w.org\/{rel}","templated":true}]}}