{"id":525,"date":"2014-06-05T11:09:50","date_gmt":"2014-06-05T11:09:50","guid":{"rendered":"http:\/\/tarvix-corporation.de\/?page_id=525"},"modified":"2017-03-29T08:42:02","modified_gmt":"2017-03-29T08:42:02","slug":"ruestungsbau","status":"publish","type":"page","link":"https:\/\/www.tarvix-corporation.de\/?page_id=525","title":{"rendered":"R\u00fcstungsbau"},"content":{"rendered":"\n<div class=\"twitter-share\"><a href=\"https:\/\/twitter.com\/intent\/tweet?via=Zaseesh\" class=\"twitter-share-button\" data-size=\"large\">Twittern<\/a><\/div>\n<p><a href=\"http:\/\/tarvix-corporation.de\/wp-content\/uploads\/2014\/06\/R\u00fcstungsbau.bmp\"><img loading=\"lazy\" decoding=\"async\" data-attachment-id=\"532\" data-permalink=\"https:\/\/www.tarvix-corporation.de\/?attachment_id=532\" data-orig-file=\"https:\/\/www.tarvix-corporation.de\/wp-content\/uploads\/2014\/06\/R\u00fcstungsbau.bmp\" data-orig-size=\"\" data-comments-opened=\"1\" data-image-meta=\"[]\" data-image-title=\"R\u00fcstungsbau\" data-image-description=\"\" data-image-caption=\"\" data-medium-file=\"https:\/\/www.tarvix-corporation.de\/wp-content\/uploads\/2014\/06\/R\u00fcstungsbau.bmp\" data-large-file=\"https:\/\/www.tarvix-corporation.de\/wp-content\/uploads\/2014\/06\/R\u00fcstungsbau.bmp\" class=\"wp-image-532 alignleft\" src=\"http:\/\/tarvix-corporation.de\/wp-content\/uploads\/2014\/06\/R\u00fcstungsbau.bmp\" alt=\"R\u00fcstungsbau\" width=\"60\" height=\"60\" \/><\/a> <span style=\"font-size: x-large;\">Avoram (Republik)<\/span><\/p>\n<p>Diese Gegenst\u00e4nde k\u00f6nnen gegen Material hergestellt werden, welches Material ben\u00f6tigt wird einfach bei der Gildenleitung oder den oben genannten Charakteren erfragen .<\/p>\n<h2><strong>Aufwertungen Level\u00a070<br \/>\n<\/strong><\/h2>\n<p>Absorption-Aufwertung 45<\/p>\n<ul>\n<li>+\u00a065 Angriffskraft<\/li>\n<li>+\u00a096 Absorptionswert<\/li>\n<\/ul>\n<p>Schild-Aufwertung 45<\/p>\n<ul>\n<li>+\u00a096 Schildwert<\/li>\n<li>+\u00a065 Angriffskraft<\/li>\n<\/ul>\n<p>Vielseitige-Aufwertung 45<\/p>\n<ul>\n<li>+\u00a096 Beherrschung<\/li>\n<li>+\u00a065 Ausdauer<\/li>\n<\/ul>\n<h2>Armierung Level 70<\/h2>\n<p>Resistive-Armierung 46<\/p>\n<ul>\n<li>+\u00a0181 Beherrschung<\/li>\n<li>+\u00a0191 Ausdauer<\/li>\n<\/ul>\n<h2>Baupl\u00e4ne<\/h2>\n<p>Level 70<\/p>\n<p>Gegenstandswert 230<\/p>\n<ul>\n<li>Fortschrittliche resistive Armierung 46<\/li>\n<li>MK-4-Angriffsgamaschen des ewigen Kommandanten<\/li>\n<li>MK-4-Angriffsarmsch\u00fctzer des ewigen Kommandanten<\/li>\n<li>MK-4-Stiefel des ewigen Kommandanten-Asyls<\/li>\n<li>MK-4-G\u00fcrtel des ewigen Kommandanten-Asyls<\/li>\n<li>MK-4-Armschienen des ewigen Kommandanten-Asyls<\/li>\n<\/ul>\n","protected":false},"excerpt":{"rendered":"<p>Avoram (Republik) Diese Gegenst\u00e4nde k\u00f6nnen gegen Material hergestellt werden, welches Material ben\u00f6tigt wird einfach bei der Gildenleitung oder den oben genannten Charakteren erfragen . Aufwertungen Level\u00a070 Absorption-Aufwertung 45 +\u00a065 Angriffskraft +\u00a096 Absorptionswert Schild-Aufwertung 45 +\u00a096 Schildwert +\u00a065 Angriffskraft Vielseitige-Aufwertung 45 +\u00a096 Beherrschung +\u00a065 Ausdauer Armierung Level 70 Resistive-Armierung 46 +\u00a0181 Beherrschung +\u00a0191 Ausdauer Baupl\u00e4ne Level &hellip; <a href=\"https:\/\/www.tarvix-corporation.de\/?page_id=525\" class=\"more-link\"><span class=\"screen-reader-text\">R\u00fcstungsbau<\/span> weiterlesen <span class=\"meta-nav\">&rarr;<\/span><\/a><\/p>\n","protected":false},"author":3,"featured_media":0,"parent":8,"menu_order":0,"comment_status":"closed","ping_status":"closed","template":"","meta":{"jetpack_post_was_ever_published":false,"footnotes":""},"class_list":["post-525","page","type-page","status-publish","hentry"],"jetpack_sharing_enabled":true,"jetpack_shortlink":"https:\/\/wp.me\/P5i8fx-8t","jetpack-related-posts":[],"_links":{"self":[{"href":"https:\/\/www.tarvix-corporation.de\/index.php?rest_route=\/wp\/v2\/pages\/525","targetHints":{"allow":["GET"]}}],"collection":[{"href":"https:\/\/www.tarvix-corporation.de\/index.php?rest_route=\/wp\/v2\/pages"}],"about":[{"href":"https:\/\/www.tarvix-corporation.de\/index.php?rest_route=\/wp\/v2\/types\/page"}],"author":[{"embeddable":true,"href":"https:\/\/www.tarvix-corporation.de\/index.php?rest_route=\/wp\/v2\/users\/3"}],"replies":[{"embeddable":true,"href":"https:\/\/www.tarvix-corporation.de\/index.php?rest_route=%2Fwp%2Fv2%2Fcomments&post=525"}],"version-history":[{"count":14,"href":"https:\/\/www.tarvix-corporation.de\/index.php?rest_route=\/wp\/v2\/pages\/525\/revisions"}],"predecessor-version":[{"id":2790,"href":"https:\/\/www.tarvix-corporation.de\/index.php?rest_route=\/wp\/v2\/pages\/525\/revisions\/2790"}],"up":[{"embeddable":true,"href":"https:\/\/www.tarvix-corporation.de\/index.php?rest_route=\/wp\/v2\/pages\/8"}],"wp:attachment":[{"href":"https:\/\/www.tarvix-corporation.de\/index.php?rest_route=%2Fwp%2Fv2%2Fmedia&parent=525"}],"curies":[{"name":"wp","href":"https:\/\/api.w.org\/{rel}","templated":true}]}}