{"id":539,"date":"2014-06-06T10:58:58","date_gmt":"2014-06-06T10:58:58","guid":{"rendered":"http:\/\/tarvix-corporation.de\/?page_id=539"},"modified":"2017-03-28T18:57:41","modified_gmt":"2017-03-28T18:57:41","slug":"synth-fertigung","status":"publish","type":"page","link":"https:\/\/www.tarvix-corporation.de\/?page_id=539","title":{"rendered":"Synth-Fertigung"},"content":{"rendered":"\n<div class=\"twitter-share\"><a href=\"https:\/\/twitter.com\/intent\/tweet?via=Zaseesh\" class=\"twitter-share-button\" data-size=\"large\">Twittern<\/a><\/div>\n<p><a href=\"http:\/\/tarvix-corporation.de\/wp-content\/uploads\/2014\/06\/Synth-Fertigung.bmp\"><img loading=\"lazy\" decoding=\"async\" data-attachment-id=\"543\" data-permalink=\"https:\/\/www.tarvix-corporation.de\/?attachment_id=543\" data-orig-file=\"https:\/\/www.tarvix-corporation.de\/wp-content\/uploads\/2014\/06\/Synth-Fertigung.bmp\" data-orig-size=\"\" data-comments-opened=\"1\" data-image-meta=\"[]\" data-image-title=\"Synth-Fertigung\" data-image-description=\"\" data-image-caption=\"\" data-medium-file=\"https:\/\/www.tarvix-corporation.de\/wp-content\/uploads\/2014\/06\/Synth-Fertigung.bmp\" data-large-file=\"https:\/\/www.tarvix-corporation.de\/wp-content\/uploads\/2014\/06\/Synth-Fertigung.bmp\" class=\" wp-image-543 alignleft\" src=\"http:\/\/tarvix-corporation.de\/wp-content\/uploads\/2014\/06\/Synth-Fertigung.bmp\" alt=\"Synth-Fertigung\" width=\"60\" height=\"60\" \/><\/a> <span style=\"font-size: x-large;\">Zaseesh (Imperium)<\/span><\/p>\n<p>Diese Gegenst\u00e4nde k\u00f6nnen gegen Material hergestellt werden, welches Material ben\u00f6tigt wird einfach bei der Gildenleitung oder den oben genannten Charakteren erfragen .<\/p>\n<p><strong>Aufwertungen Level 68<br \/>\n<\/strong><\/p>\n<p>Kritische-Aufwertung 45<\/p>\n<ul>\n<li>+\u00a065 Ausdauer<\/li>\n<li>+\u00a096 Kritischer-Trefferwert<\/li>\n<\/ul>\n<p>Schnelligkeits-Aufwertung 45<\/p>\n<ul>\n<li>+\u00a065 Ausdauer<\/li>\n<li>+\u00a096 Schnelligkeit<\/li>\n<\/ul>\n<p>Schanzen-Aufwertung 45<\/p>\n<ul>\n<li>+ 65 Angriffskraft<\/li>\n<li>+ 96 Verteidigung<\/li>\n<\/ul>\n<h2>Armierung Level 65<\/h2>\n<p>Vielseitige Armierung 45<\/p>\n<ul>\n<li>+ 114 Meisterschaft<\/li>\n<li>+ 96 Ausdauer<\/li>\n<\/ul>\n<h2>Adaptivr\u00fcstung<\/h2>\n<p>Handschuhe Tank 230<\/p>\n<ul>\n<li>+ 372 Beherrschung<\/li>\n<li>+ 442 Ausdauer<\/li>\n<li>+ 181 Schildwert<\/li>\n<li>+ 210 Verteidigung<\/li>\n<\/ul>\n<p>Armschienen Tank 228<\/p>\n<ul>\n<li>+ 344 Beherrschung<\/li>\n<li>+ 309 Ausdauer<\/li>\n<li>+ 134 Verteidigungswert<\/li>\n<\/ul>\n<h2>Baupl\u00e4ne<\/h2>\n<p>Level 70<\/p>\n<p>Gegenstandswert 230<\/p>\n<ul>\n<li>MK-4 Sch\u00e4rpe des ewigen Kommandanten-Machtexperten<\/li>\n<li>MK-4\u00a0Gewand des ewigen Kommandanten-Machtexperten<\/li>\n<li>MK-4\u00a0Armschienen des ewigen Kommandanten-Machtexperten<\/li>\n<li>MK-4\u00a0Handschuhe des ewigen Kommandanten-Aegis<\/li>\n<li>MK-4\u00a0Stiefel des ewigen Kommandanten-Aegis<\/li>\n<\/ul>\n","protected":false},"excerpt":{"rendered":"<p>Zaseesh (Imperium) Diese Gegenst\u00e4nde k\u00f6nnen gegen Material hergestellt werden, welches Material ben\u00f6tigt wird einfach bei der Gildenleitung oder den oben genannten Charakteren erfragen . Aufwertungen Level 68 Kritische-Aufwertung 45 +\u00a065 Ausdauer +\u00a096 Kritischer-Trefferwert Schnelligkeits-Aufwertung 45 +\u00a065 Ausdauer +\u00a096 Schnelligkeit Schanzen-Aufwertung 45 + 65 Angriffskraft + 96 Verteidigung Armierung Level 65 Vielseitige Armierung 45 + 114 &hellip; <a href=\"https:\/\/www.tarvix-corporation.de\/?page_id=539\" class=\"more-link\"><span class=\"screen-reader-text\">Synth-Fertigung<\/span> weiterlesen <span class=\"meta-nav\">&rarr;<\/span><\/a><\/p>\n","protected":false},"author":3,"featured_media":0,"parent":8,"menu_order":0,"comment_status":"closed","ping_status":"closed","template":"","meta":{"jetpack_post_was_ever_published":false,"footnotes":""},"class_list":["post-539","page","type-page","status-publish","hentry"],"jetpack_sharing_enabled":true,"jetpack_shortlink":"https:\/\/wp.me\/P5i8fx-8H","jetpack-related-posts":[],"_links":{"self":[{"href":"https:\/\/www.tarvix-corporation.de\/index.php?rest_route=\/wp\/v2\/pages\/539","targetHints":{"allow":["GET"]}}],"collection":[{"href":"https:\/\/www.tarvix-corporation.de\/index.php?rest_route=\/wp\/v2\/pages"}],"about":[{"href":"https:\/\/www.tarvix-corporation.de\/index.php?rest_route=\/wp\/v2\/types\/page"}],"author":[{"embeddable":true,"href":"https:\/\/www.tarvix-corporation.de\/index.php?rest_route=\/wp\/v2\/users\/3"}],"replies":[{"embeddable":true,"href":"https:\/\/www.tarvix-corporation.de\/index.php?rest_route=%2Fwp%2Fv2%2Fcomments&post=539"}],"version-history":[{"count":19,"href":"https:\/\/www.tarvix-corporation.de\/index.php?rest_route=\/wp\/v2\/pages\/539\/revisions"}],"predecessor-version":[{"id":2789,"href":"https:\/\/www.tarvix-corporation.de\/index.php?rest_route=\/wp\/v2\/pages\/539\/revisions\/2789"}],"up":[{"embeddable":true,"href":"https:\/\/www.tarvix-corporation.de\/index.php?rest_route=\/wp\/v2\/pages\/8"}],"wp:attachment":[{"href":"https:\/\/www.tarvix-corporation.de\/index.php?rest_route=%2Fwp%2Fv2%2Fmedia&parent=539"}],"curies":[{"name":"wp","href":"https:\/\/api.w.org\/{rel}","templated":true}]}}