{"id":6,"date":"2013-07-21T19:34:46","date_gmt":"2013-07-21T19:34:46","guid":{"rendered":"http:\/\/tarvix-corporation.de\/?page_id=6"},"modified":"2016-04-23T14:11:47","modified_gmt":"2016-04-23T14:11:47","slug":"allgemein","status":"publish","type":"page","link":"https:\/\/www.tarvix-corporation.de\/?page_id=6","title":{"rendered":"Allgemein"},"content":{"rendered":"\n<div class=\"twitter-share\"><a href=\"https:\/\/twitter.com\/intent\/tweet?via=Zaseesh\" class=\"twitter-share-button\" data-size=\"large\">Twittern<\/a><\/div>\n<p>Gr\u00fcndung Tarvix Tactics Agency:<\/p>\n<p>3.659 BBY \u2013halbe Rotation Dromund Kaas<\/p>\n<p>Die Tarvix Tactics Agency [TTA] wurde insgeheim von Darth Marr und dem \u201eAufseher\u201c des Imperialen Geheimdienstes im Jahr 3.659 BBY gegr\u00fcndet, um die Tarvix Corporation [TC] der Republik zu unterst\u00fctzen. Auch wenn dies auf den ersten Blick jedwede Loyalit\u00e4t zum Sith-Imperium untergr\u00e4bt, haben die M\u00e4nner und Frauen verschiedener Spezies und Kulturen ein tiefes Pflichtbewusstsein zum Imperium.<\/p>\n<p>Die TTA unterst\u00fctzt die TC insoweit, um ihre eigenen pers\u00f6nlichen Ziele zu erreichen, den Konflikt mit der Galaktischen Republik aufrechtzuerhalten und ihren Profit daraus zu schlagen.<\/p>\n<p>Ebenfalls besteht weiterhin ein Interesse daran, dass die TC mit Hilfe des Galaktischen Rates die Handelsrouten offenh\u00e4lt, um das Imperium anzuhalten, diese zu Blockieren. Dies sind die intriganten Machenschaften eines Sith-Lords, der sich lange nach einer Schlacht mit der Republik gesehnt hat.<\/p>\n<p>Dieses Verhalten ist der Weg der Sith und es finden sich viele Anh\u00e4nger und Loyalisten, welche unserer Sache dienen, um ein neues, besseres Sith-Imperium zu schaffen.<\/p>\n<p>Die TTA kann nur aus dem Schatten heraus operieren und darf erst dann zuschlagen, wenn sie stark genug ist, die Kontrolle des Sith-Imperiums zu \u00fcbernehmen; solange wird die Allianz zwischen TC und TTA bestehen.<\/p>\n<p>Dies bewerkstelligt sie mit ihrem Flaggschiff, der \u201eVengeance\u201c, welches alle sieben Tage einen neuen Planeten anfliegt, um nicht entdeckt zu werden und neue M\u00f6glichkeiten zu erschlie\u00dfen.<\/p>\n<p>Ein weiterer geheimer Treffpunkt der TTA ist ein bescheidenes Anwesen auf Dromund Kaas, welches unter der t\u00e4glichen Hektik des Planeten nicht weiter auff\u00e4llt.<\/p>\n<p>Nun schreiben wir, die TTA, den weiteren Geschichtsverlauf und die Zukunft des Sith-Imperiums.<\/p>\n<h2>Tarvix Corporation<\/h2>\n<p><strong>Gildenr\u00e4nge<\/strong><\/p>\n<table border=\"0\">\n<tbody>\n<tr>\n<td style=\"text-align: left;\">Rang<\/td>\n<td style=\"text-align: center;\">Einladen<\/td>\n<td style=\"text-align: center;\">Notizen anlegen<\/td>\n<\/tr>\n<tr>\n<td>Private<\/td>\n<td><\/td>\n<td><\/td>\n<\/tr>\n<tr>\n<td>Sergeant<\/td>\n<td><\/td>\n<td><\/td>\n<\/tr>\n<tr>\n<td>Captain<\/td>\n<td style=\"text-align: center;\"><strong>o<\/strong><\/td>\n<td style=\"text-align: center;\"><strong>o<\/strong><\/td>\n<\/tr>\n<tr>\n<td>Commander<\/td>\n<td style=\"text-align: center;\"><strong>o<\/strong><\/td>\n<td style=\"text-align: center;\"><strong>o<\/strong><\/td>\n<\/tr>\n<tr>\n<td>General<\/td>\n<td style=\"text-align: center;\"><strong>o<\/strong><\/td>\n<td style=\"text-align: center;\"><strong>o<\/strong><\/td>\n<\/tr>\n<tr>\n<td>Admiral<\/td>\n<td style=\"text-align: center;\"><strong>o<\/strong><\/td>\n<td style=\"text-align: center;\"><strong>o<\/strong><\/td>\n<\/tr>\n<tr>\n<td>Krayt Dragon<\/td>\n<td style=\"text-align: center;\"><strong>o<\/strong><\/td>\n<td style=\"text-align: center;\"><strong>o<\/strong><\/td>\n<\/tr>\n<tr>\n<td>Secretary of Defence<\/td>\n<td style=\"text-align: center;\"><strong><strong>o<\/strong><\/strong><\/td>\n<td style=\"text-align: center;\"><strong><strong>o<\/strong><\/strong><\/td>\n<\/tr>\n<tr>\n<td>Vault Director<\/td>\n<td style=\"text-align: center;\"><strong><strong><strong>o<\/strong><\/strong><\/strong><\/td>\n<td style=\"text-align: center;\"><strong><strong><strong>o<\/strong><\/strong><\/strong><\/td>\n<\/tr>\n<tr>\n<td>Tarvix<\/td>\n<td style=\"text-align: center;\"><strong><strong><strong><strong>o<\/strong><\/strong><\/strong><\/strong><\/td>\n<td style=\"text-align: center;\"><strong><strong><strong><strong>o<\/strong><\/strong><\/strong><\/strong><\/td>\n<\/tr>\n<\/tbody>\n<\/table>\n<h2>Tarvix Tactics Agency<\/h2>\n<p><strong>Gildenr\u00e4nge<\/strong><\/p>\n<table border=\"0\">\n<tbody>\n<tr>\n<td>Rang<\/td>\n<td>Einladen<\/td>\n<td>Notizen anlegen<\/td>\n<\/tr>\n<tr>\n<td>Private<\/td>\n<td><\/td>\n<td><\/td>\n<\/tr>\n<tr>\n<td>Scout<\/td>\n<td style=\"text-align: left;\"><\/td>\n<td><\/td>\n<\/tr>\n<tr>\n<td>Agent<\/td>\n<td><strong>o<\/strong><\/td>\n<td><strong>o<\/strong><\/td>\n<\/tr>\n<tr>\n<td>Special Agent<\/td>\n<td><strong>o<\/strong><\/td>\n<td><strong>o<\/strong><\/td>\n<\/tr>\n<tr>\n<td>Supervisor<\/td>\n<td><strong>o<\/strong><\/td>\n<td><strong>o<\/strong><\/td>\n<\/tr>\n<tr>\n<td>Infiltrator<\/td>\n<td><strong>o<\/strong><\/td>\n<td><strong>o<\/strong><\/td>\n<\/tr>\n<tr>\n<td>Krayt Dragon<\/td>\n<td><strong>o<\/strong><\/td>\n<td><strong>o<\/strong><\/td>\n<\/tr>\n<tr>\n<td>Secretary of Defence<\/td>\n<td><strong>o<\/strong><\/td>\n<td><strong>o<\/strong><\/td>\n<\/tr>\n<tr>\n<td>Vault Director<\/td>\n<td><strong><strong>o<\/strong><\/strong><\/td>\n<td><strong><strong>o<\/strong><\/strong><\/td>\n<\/tr>\n<tr>\n<td>Imperator<\/td>\n<td><strong><strong><strong>o<\/strong><\/strong><\/strong><\/td>\n<td><strong><strong><strong>o<\/strong><\/strong><\/strong><\/td>\n<\/tr>\n<\/tbody>\n<\/table>\n<p>Die Einladung erfolgt \u00fcber den Befehl : <strong><em>\/gi Name<\/em><\/strong><\/p>\n<p>Wichtig ist das Leerzeichen zwischen &#8220;gi&#8221; und &#8220;Name&#8221;.<\/p>\n","protected":false},"excerpt":{"rendered":"<p>Gr\u00fcndung Tarvix Tactics Agency: 3.659 BBY \u2013halbe Rotation Dromund Kaas Die Tarvix Tactics Agency [TTA] wurde insgeheim von Darth Marr und dem \u201eAufseher\u201c des Imperialen Geheimdienstes im Jahr 3.659 BBY gegr\u00fcndet, um die Tarvix Corporation [TC] der Republik zu unterst\u00fctzen. Auch wenn dies auf den ersten Blick jedwede Loyalit\u00e4t zum Sith-Imperium untergr\u00e4bt, haben die M\u00e4nner &hellip; <a href=\"https:\/\/www.tarvix-corporation.de\/?page_id=6\" class=\"more-link\"><span class=\"screen-reader-text\">Allgemein<\/span> weiterlesen <span class=\"meta-nav\">&rarr;<\/span><\/a><\/p>\n","protected":false},"author":1,"featured_media":0,"parent":0,"menu_order":0,"comment_status":"closed","ping_status":"closed","template":"","meta":{"jetpack_post_was_ever_published":false,"footnotes":""},"class_list":["post-6","page","type-page","status-publish","hentry"],"jetpack_sharing_enabled":true,"jetpack_shortlink":"https:\/\/wp.me\/P5i8fx-6","jetpack-related-posts":[],"_links":{"self":[{"href":"https:\/\/www.tarvix-corporation.de\/index.php?rest_route=\/wp\/v2\/pages\/6","targetHints":{"allow":["GET"]}}],"collection":[{"href":"https:\/\/www.tarvix-corporation.de\/index.php?rest_route=\/wp\/v2\/pages"}],"about":[{"href":"https:\/\/www.tarvix-corporation.de\/index.php?rest_route=\/wp\/v2\/types\/page"}],"author":[{"embeddable":true,"href":"https:\/\/www.tarvix-corporation.de\/index.php?rest_route=\/wp\/v2\/users\/1"}],"replies":[{"embeddable":true,"href":"https:\/\/www.tarvix-corporation.de\/index.php?rest_route=%2Fwp%2Fv2%2Fcomments&post=6"}],"version-history":[{"count":30,"href":"https:\/\/www.tarvix-corporation.de\/index.php?rest_route=\/wp\/v2\/pages\/6\/revisions"}],"predecessor-version":[{"id":2496,"href":"https:\/\/www.tarvix-corporation.de\/index.php?rest_route=\/wp\/v2\/pages\/6\/revisions\/2496"}],"wp:attachment":[{"href":"https:\/\/www.tarvix-corporation.de\/index.php?rest_route=%2Fwp%2Fv2%2Fmedia&parent=6"}],"curies":[{"name":"wp","href":"https:\/\/api.w.org\/{rel}","templated":true}]}}