{"id":911,"date":"2014-10-27T07:52:13","date_gmt":"2014-10-27T07:52:13","guid":{"rendered":"http:\/\/tarvix-corporation.de\/?page_id=911"},"modified":"2015-05-06T14:28:10","modified_gmt":"2015-05-06T14:28:10","slug":"der-augenlose-rakghul-event","status":"publish","type":"page","link":"https:\/\/www.tarvix-corporation.de\/?page_id=911","title":{"rendered":"Der Augenlose &#8211; Rakghul-Event"},"content":{"rendered":"\n<div class=\"twitter-share\"><a href=\"https:\/\/twitter.com\/intent\/tweet?via=Zaseesh\" class=\"twitter-share-button\" data-size=\"large\">Twittern<\/a><\/div>\n<p>Die Mechanik vom Boss ist sehr einfach und ist im SM und HM identisch. Es reicht ein Tank da keine Tankwechselmechanik vorhanden ist.<\/p>\n<p>Der Buff &#8220;Infected Phlegm&#8221; wirf einen gr\u00fcnen Kreis auf dem Boden aus dem heraus gegangen werden muss. Bleibt man l\u00e4nger drinne stehen werden Stacks hochgez\u00e4hlt welche im SM bei 10 und im HM bei 5 t\u00f6tlich sind.<\/p>\n<p>Der Buff &#8220;Crush&#8221; erzeugt einen Lila Kreis direkt unter dem Boss. Der Tank und alle Nahk\u00e4mpfer m\u00fcssen da dringend raus. Der Boss springt hoch und erzeugt beim aufschlag massiven Schaden und einen knockback.<\/p>\n<p>Der Buff &#8220;Pound&#8221; ist eine AoE Attacke, welche haupts\u00e4chlich die Nahk\u00e4mpfer und den Tank trifft.<\/p>\n<p>Die Adds, die Rakghoul Dewelers, haben ca. 12k HP im SM und 20k im HM. Die Adds kommen nach jeder &#8220;Crush&#8221; Attacke und gehen grunds\u00e4tzlich auf die Heiler. Das wird angesagt und mit AoE Schaden auf dem betreffenden Heal erledigt.<\/p>\n<p><iframe loading=\"lazy\" src=\"\/\/www.youtube.com\/embed\/HKniFDDuHrQ\" width=\"425\" height=\"350\"><\/iframe><\/p>\n","protected":false},"excerpt":{"rendered":"<p>Die Mechanik vom Boss ist sehr einfach und ist im SM und HM identisch. Es reicht ein Tank da keine Tankwechselmechanik vorhanden ist. Der Buff &#8220;Infected Phlegm&#8221; wirf einen gr\u00fcnen Kreis auf dem Boden aus dem heraus gegangen werden muss. Bleibt man l\u00e4nger drinne stehen werden Stacks hochgez\u00e4hlt welche im SM bei 10 und im &hellip; <a href=\"https:\/\/www.tarvix-corporation.de\/?page_id=911\" class=\"more-link\"><span class=\"screen-reader-text\">Der Augenlose &#8211; Rakghul-Event<\/span> weiterlesen <span class=\"meta-nav\">&rarr;<\/span><\/a><\/p>\n","protected":false},"author":3,"featured_media":0,"parent":14,"menu_order":4,"comment_status":"closed","ping_status":"closed","template":"","meta":{"jetpack_post_was_ever_published":false,"footnotes":""},"class_list":["post-911","page","type-page","status-publish","hentry"],"jetpack_sharing_enabled":true,"jetpack_shortlink":"https:\/\/wp.me\/P5i8fx-eH","jetpack-related-posts":[],"_links":{"self":[{"href":"https:\/\/www.tarvix-corporation.de\/index.php?rest_route=\/wp\/v2\/pages\/911","targetHints":{"allow":["GET"]}}],"collection":[{"href":"https:\/\/www.tarvix-corporation.de\/index.php?rest_route=\/wp\/v2\/pages"}],"about":[{"href":"https:\/\/www.tarvix-corporation.de\/index.php?rest_route=\/wp\/v2\/types\/page"}],"author":[{"embeddable":true,"href":"https:\/\/www.tarvix-corporation.de\/index.php?rest_route=\/wp\/v2\/users\/3"}],"replies":[{"embeddable":true,"href":"https:\/\/www.tarvix-corporation.de\/index.php?rest_route=%2Fwp%2Fv2%2Fcomments&post=911"}],"version-history":[{"count":2,"href":"https:\/\/www.tarvix-corporation.de\/index.php?rest_route=\/wp\/v2\/pages\/911\/revisions"}],"predecessor-version":[{"id":986,"href":"https:\/\/www.tarvix-corporation.de\/index.php?rest_route=\/wp\/v2\/pages\/911\/revisions\/986"}],"up":[{"embeddable":true,"href":"https:\/\/www.tarvix-corporation.de\/index.php?rest_route=\/wp\/v2\/pages\/14"}],"wp:attachment":[{"href":"https:\/\/www.tarvix-corporation.de\/index.php?rest_route=%2Fwp%2Fv2%2Fmedia&parent=911"}],"curies":[{"name":"wp","href":"https:\/\/api.w.org\/{rel}","templated":true}]}}